{"id":30138,"date":"2026-02-27T00:09:02","date_gmt":"2026-02-27T00:09:02","guid":{"rendered":"https:\/\/nordicmart.andreevmaster.com\/product\/classic-world-edu-puinen-hiekkalaatikko-katolla\/"},"modified":"2026-02-27T09:32:54","modified_gmt":"2026-02-27T09:32:54","slug":"classic-world-edu-puinen-hiekkalaatikko-katolla","status":"publish","type":"product","link":"https:\/\/nordicmart.andreevmaster.com\/fi\/tuote\/classic-world-edu-puinen-hiekkalaatikko-katolla\/","title":{"rendered":"CLASSIC WORLD EDU Puinen hiekkalaatikko katolla"},"content":{"rendered":"<p>CLASSIC WORLDin EDU-sarjan puinen hiekkalaatikko katolla on paikka, jossa lapset voivat kokeilla ja tutkia. Se on suunniteltu lapsille istumista ja hiekassa kaivamista varten, ja siin\u00e4 on katto, joka suojaa heit\u00e4 auringolta ja sateelta. Hiekkalaatikko voidaan muuttaa upeaksi rakennusty\u00f6maaksi, jossa lapset voivat kokeilla erilaisia materiaaleja \u2013 se on t\u00e4ydellinen tapa kehitt\u00e4\u00e4 heid\u00e4n motorisia taitojaan, ja yhdess\u00e4 leikkiminen kehitt\u00e4\u00e4 heid\u00e4n viestint\u00e4taitojaan ja erityisesti yhteisty\u00f6kyky\u00e4\u00e4n!Ominaisuudet:<\/p>\n<p>* &#8211; lelu 3-vuotiaille ja sit\u00e4 vanhemmille lapsille,<br \/>\n* &#8211; erityisest\u00e4 EDU-sarjasta,<br \/>\n* &#8211; varustettu visiirill\u00e4 \u2013 suojaa lapsia auringolta ja sateelta,<br \/>\n* &#8211; valmistettu korkealaatuisista materiaaleista!<\/p>\n<p>Lelu kehitt\u00e4\u00e4:<\/p>\n<p>* &#8211; motorisia taitoja,<br \/>\n* &#8211; viestint\u00e4- ja yhteisty\u00f6taitoja,<br \/>\n* &#8211; mielikuvitusta ja luovuutta.<\/p>\n<p>Kyll\u00e4stetty\u00e4 m\u00e4ntypuuta on k\u00e4ytetty, jotta se s\u00e4ilytt\u00e4\u00e4 parhaat ominaisuutensa ulkoilmassa. Kyll\u00e4styksen ansiosta puu on s\u00e4\u00e4nkest\u00e4v\u00e4\u00e4, mik\u00e4 takaa sen pitk\u00e4ik\u00e4isyyden ja esteettisen ulkon\u00e4\u00f6n monien vuosien ajan. T\u00e4m\u00e4 ratkaisu erottaa tuotteen kilpailevien tuotteiden ratkaisuista.<\/p>\n<p>Eko-lelut on suunniteltu pienimmille lapsille ja valmistettu t\u00e4ysin luonnollisista, biohajoavista ja hypoallergeenisista materiaaleista, joten ne ovat 100 % turvallisia ja vaarattomia paitsi ymp\u00e4rist\u00f6lle my\u00f6s lapsellesi.<\/p>\n","protected":false},"excerpt":{"rendered":"<p>CLASSIC WORLDin EDU-sarjan puinen hiekkalaatikko katolla on paikka, jossa lapset voivat kokeilla ja tutkia. Se on suunniteltu lapsille istumista ja hiekassa kaivamista varten, ja siin\u00e4 on katto, joka suojaa heit\u00e4 auringolta ja sateelta. Hiekkalaatikko voidaan muuttaa upeaksi rakennusty\u00f6maaksi, jossa lapset voivat kokeilla erilaisia materiaaleja \u2013 se on t\u00e4ydellinen tapa kehitt\u00e4\u00e4 heid\u00e4n motorisia taitojaan, ja yhdess\u00e4 [&hellip;]<\/p>\n","protected":false},"featured_media":0,"comment_status":"open","ping_status":"closed","template":"","meta":[],"product_brand":[],"product_cat":[32],"product_tag":[],"class_list":{"0":"post-30138","1":"product","2":"type-product","3":"status-publish","5":"product_cat-uncategorized-fi","7":"first","8":"instock","9":"shipping-taxable","10":"purchasable","11":"product-type-simple"},"_links":{"self":[{"href":"https:\/\/nordicmart.andreevmaster.com\/fi\/wp-json\/wp\/v2\/product\/30138","targetHints":{"allow":["GET"]}}],"collection":[{"href":"https:\/\/nordicmart.andreevmaster.com\/fi\/wp-json\/wp\/v2\/product"}],"about":[{"href":"https:\/\/nordicmart.andreevmaster.com\/fi\/wp-json\/wp\/v2\/types\/product"}],"replies":[{"embeddable":true,"href":"https:\/\/nordicmart.andreevmaster.com\/fi\/wp-json\/wp\/v2\/comments?post=30138"}],"wp:attachment":[{"href":"https:\/\/nordicmart.andreevmaster.com\/fi\/wp-json\/wp\/v2\/media?parent=30138"}],"wp:term":[{"taxonomy":"product_brand","embeddable":true,"href":"https:\/\/nordicmart.andreevmaster.com\/fi\/wp-json\/wp\/v2\/product_brand?post=30138"},{"taxonomy":"product_cat","embeddable":true,"href":"https:\/\/nordicmart.andreevmaster.com\/fi\/wp-json\/wp\/v2\/product_cat?post=30138"},{"taxonomy":"product_tag","embeddable":true,"href":"https:\/\/nordicmart.andreevmaster.com\/fi\/wp-json\/wp\/v2\/product_tag?post=30138"}],"curies":[{"name":"wp","href":"https:\/\/api.w.org\/{rel}","templated":true}]}}