{"id":30137,"date":"2026-02-27T00:09:02","date_gmt":"2026-02-27T00:09:02","guid":{"rendered":"https:\/\/nordicmart.andreevmaster.com\/product\/classic-world-edu-koulutuspaketti-kalojen-ja-kasvien-havainnointiin\/"},"modified":"2026-02-27T09:32:54","modified_gmt":"2026-02-27T09:32:54","slug":"classic-world-edu-koulutuspaketti-kalojen-ja-kasvien-havainnointiin","status":"publish","type":"product","link":"https:\/\/nordicmart.andreevmaster.com\/fi\/tuote\/classic-world-edu-koulutuspaketti-kalojen-ja-kasvien-havainnointiin\/","title":{"rendered":"CLASSIC WORLD EDU Koulutuspaketti kalojen ja kasvien havainnointiin"},"content":{"rendered":"<p>Tunnettu Classic World -br\u00e4ndin puinen lauta vesikasvien ja kalojen havainnointiin on t\u00e4ydellinen lahja kaikille aloitteleville pienille taiteilijoille. Ihanteellinen motoristen taitojen parantamiseen, piirt\u00e4misen, maalaamisen ja kirjainten kirjoittamisen harjoitteluun. Se kehitt\u00e4\u00e4 motorisia taitoja ja parantaa lasten luovuutta. Tukeva puurakenteinen lauta takaa tuotteen pitk\u00e4n k\u00e4ytt\u00f6i\u00e4n. Levyss\u00e4 on kaksipuolinen lasilevy, jonka ansiosta voit paitsi maalata molemmille puolille, my\u00f6s tarkkailla akvaarion sis\u00e4ll\u00e4 tapahtuvaa toimintaa l\u00e4helt\u00e4. Ominaisuudet: * &#8211; tuote 3-vuotiaille ja sit\u00e4 vanhemmille * &#8211; tukeva puurakenteinen * &#8211; ihanteellinen puutarhassa leikkimiseen * &#8211; sopii p\u00e4iv\u00e4kodeille ja yksityisk\u00e4ytt\u00f6\u00f6n * &#8211; Korkealaatuiset materiaalit<\/p>\n<p>Lelu kehitt\u00e4\u00e4:<\/p>\n<p>* &#8211; motorisia taitoja<br \/>\n* &#8211; luovuutta<br \/>\n* &#8211; kirjoitustaitoja<br \/>\n* &#8211; taiteellisia taitoja<\/p>\n<p>Eco-lelut on suunniteltu pienimmille lapsille, ja ne on valmistettu t\u00e4ysin luonnollisista, biohajoavista ja hypoallergeenisista materiaaleista, joten ne ovat 100 % turvallisia ja vaarattomia paitsi ymp\u00e4rist\u00f6lle my\u00f6s lapsellesi.<\/p>\n","protected":false},"excerpt":{"rendered":"<p>Tunnettu Classic World -br\u00e4ndin puinen lauta vesikasvien ja kalojen havainnointiin on t\u00e4ydellinen lahja kaikille aloitteleville pienille taiteilijoille. Ihanteellinen motoristen taitojen parantamiseen, piirt\u00e4misen, maalaamisen ja kirjainten kirjoittamisen harjoitteluun. Se kehitt\u00e4\u00e4 motorisia taitoja ja parantaa lasten luovuutta. Tukeva puurakenteinen lauta takaa tuotteen pitk\u00e4n k\u00e4ytt\u00f6i\u00e4n. Levyss\u00e4 on kaksipuolinen lasilevy, jonka ansiosta voit paitsi maalata molemmille puolille, my\u00f6s tarkkailla [&hellip;]<\/p>\n","protected":false},"featured_media":0,"comment_status":"open","ping_status":"closed","template":"","meta":[],"product_brand":[],"product_cat":[32],"product_tag":[],"class_list":{"0":"post-30137","1":"product","2":"type-product","3":"status-publish","5":"product_cat-uncategorized-fi","7":"first","8":"instock","9":"shipping-taxable","10":"purchasable","11":"product-type-simple"},"_links":{"self":[{"href":"https:\/\/nordicmart.andreevmaster.com\/fi\/wp-json\/wp\/v2\/product\/30137","targetHints":{"allow":["GET"]}}],"collection":[{"href":"https:\/\/nordicmart.andreevmaster.com\/fi\/wp-json\/wp\/v2\/product"}],"about":[{"href":"https:\/\/nordicmart.andreevmaster.com\/fi\/wp-json\/wp\/v2\/types\/product"}],"replies":[{"embeddable":true,"href":"https:\/\/nordicmart.andreevmaster.com\/fi\/wp-json\/wp\/v2\/comments?post=30137"}],"wp:attachment":[{"href":"https:\/\/nordicmart.andreevmaster.com\/fi\/wp-json\/wp\/v2\/media?parent=30137"}],"wp:term":[{"taxonomy":"product_brand","embeddable":true,"href":"https:\/\/nordicmart.andreevmaster.com\/fi\/wp-json\/wp\/v2\/product_brand?post=30137"},{"taxonomy":"product_cat","embeddable":true,"href":"https:\/\/nordicmart.andreevmaster.com\/fi\/wp-json\/wp\/v2\/product_cat?post=30137"},{"taxonomy":"product_tag","embeddable":true,"href":"https:\/\/nordicmart.andreevmaster.com\/fi\/wp-json\/wp\/v2\/product_tag?post=30137"}],"curies":[{"name":"wp","href":"https:\/\/api.w.org\/{rel}","templated":true}]}}