{"id":30135,"date":"2026-02-27T00:09:01","date_gmt":"2026-02-27T00:09:01","guid":{"rendered":"https:\/\/nordicmart.andreevmaster.com\/product\/classic-world-edu-koulutus-ja-kokeilupakkaus-kasvattamiseen\/"},"modified":"2026-02-27T09:32:54","modified_gmt":"2026-02-27T09:32:54","slug":"classic-world-edu-koulutus-ja-kokeilupakkaus-kasvattamiseen","status":"publish","type":"product","link":"https:\/\/nordicmart.andreevmaster.com\/fi\/tuote\/classic-world-edu-koulutus-ja-kokeilupakkaus-kasvattamiseen\/","title":{"rendered":"CLASSIC WORLD EDU Koulutus- ja kokeilupakkaus kasvattamiseen"},"content":{"rendered":"<p>Puinen taulu havainnointiin ja viljelyyn kaikille aloitteleville pienille taiteilijoille. Tunnetun Classic World -br\u00e4ndin taulu on t\u00e4ydellinen lahja. Ihanteellinen motoristen taitojen parantamiseen, piirt\u00e4misen, maalaamisen ja kirjainten kirjoittamisen harjoitteluun. Se kehitt\u00e4\u00e4 motorisia taitoja ja vahvistaa lapsen luovuutta. Vankka puurakenteinen lauta takaa tuotteen pitk\u00e4n k\u00e4ytt\u00f6i\u00e4n. Laudassa on kaksipuolinen lasipaneeli, joka mahdollistaa maalaamisen molemmille puolille ja akvaarion sis\u00e4ll\u00f6n tarkkailun. Ominaisuudet: * &#8211; Tuote 3-vuotiaille ja sit\u00e4 vanhemmille * &#8211; Vankka puurakenteinen * &#8211; Ihanteellinen puutarhassa leikkimiseen * &#8211; Sopii p\u00e4iv\u00e4koteihin ja yksityisk\u00e4ytt\u00f6\u00f6n<br \/>\n* &#8211; Korkealaatuiset materiaalit<\/p>\n<p>Lelu kehitt\u00e4\u00e4:<\/p>\n<p>* &#8211; motorisia taitoja<br \/>\n* &#8211; luovuutta<br \/>\n* &#8211; kirjoitustaitoja<br \/>\n* &#8211; taiteellisia taitoja<\/p>\n<p>Kyll\u00e4stetty\u00e4 m\u00e4nty\u00e4 on k\u00e4ytetty, jotta tuote s\u00e4ilytt\u00e4\u00e4 parhaat ominaisuutensa ulkok\u00e4yt\u00f6ss\u00e4. Kyll\u00e4styksen ansiosta puu kest\u00e4\u00e4 s\u00e4\u00e4olosuhteita, mik\u00e4 takaa sen pitk\u00e4ik\u00e4isyyden ja esteettisen ulkon\u00e4\u00f6n monien vuosien ajan. T\u00e4m\u00e4 ratkaisu erottaa tuotteen kilpailevien tuotteiden ratkaisuista.<\/p>\n<p>Eco-lelut on suunniteltu pienimmille lapsille, ja ne on valmistettu t\u00e4ysin luonnollisista, biohajoavista ja hypoallergeenisista materiaaleista, joten ne ovat 100 % turvallisia ja vaarattomia paitsi ymp\u00e4rist\u00f6lle my\u00f6s lapsellesi.<\/p>\n","protected":false},"excerpt":{"rendered":"<p>Puinen taulu havainnointiin ja viljelyyn kaikille aloitteleville pienille taiteilijoille. Tunnetun Classic World -br\u00e4ndin taulu on t\u00e4ydellinen lahja. Ihanteellinen motoristen taitojen parantamiseen, piirt\u00e4misen, maalaamisen ja kirjainten kirjoittamisen harjoitteluun. Se kehitt\u00e4\u00e4 motorisia taitoja ja vahvistaa lapsen luovuutta. Vankka puurakenteinen lauta takaa tuotteen pitk\u00e4n k\u00e4ytt\u00f6i\u00e4n. Laudassa on kaksipuolinen lasipaneeli, joka mahdollistaa maalaamisen molemmille puolille ja akvaarion sis\u00e4ll\u00f6n tarkkailun. [&hellip;]<\/p>\n","protected":false},"featured_media":0,"comment_status":"open","ping_status":"closed","template":"","meta":[],"product_brand":[],"product_cat":[32],"product_tag":[],"class_list":{"0":"post-30135","1":"product","2":"type-product","3":"status-publish","5":"product_cat-uncategorized-fi","7":"first","8":"instock","9":"shipping-taxable","10":"purchasable","11":"product-type-simple"},"_links":{"self":[{"href":"https:\/\/nordicmart.andreevmaster.com\/fi\/wp-json\/wp\/v2\/product\/30135","targetHints":{"allow":["GET"]}}],"collection":[{"href":"https:\/\/nordicmart.andreevmaster.com\/fi\/wp-json\/wp\/v2\/product"}],"about":[{"href":"https:\/\/nordicmart.andreevmaster.com\/fi\/wp-json\/wp\/v2\/types\/product"}],"replies":[{"embeddable":true,"href":"https:\/\/nordicmart.andreevmaster.com\/fi\/wp-json\/wp\/v2\/comments?post=30135"}],"wp:attachment":[{"href":"https:\/\/nordicmart.andreevmaster.com\/fi\/wp-json\/wp\/v2\/media?parent=30135"}],"wp:term":[{"taxonomy":"product_brand","embeddable":true,"href":"https:\/\/nordicmart.andreevmaster.com\/fi\/wp-json\/wp\/v2\/product_brand?post=30135"},{"taxonomy":"product_cat","embeddable":true,"href":"https:\/\/nordicmart.andreevmaster.com\/fi\/wp-json\/wp\/v2\/product_cat?post=30135"},{"taxonomy":"product_tag","embeddable":true,"href":"https:\/\/nordicmart.andreevmaster.com\/fi\/wp-json\/wp\/v2\/product_tag?post=30135"}],"curies":[{"name":"wp","href":"https:\/\/api.w.org\/{rel}","templated":true}]}}