{"id":30134,"date":"2026-02-27T00:09:01","date_gmt":"2026-02-27T00:09:01","guid":{"rendered":"https:\/\/nordicmart.andreevmaster.com\/product\/classic-world-edu-suuri-puinen-keittio-katoksella-tarvikkeet\/"},"modified":"2026-02-27T09:32:53","modified_gmt":"2026-02-27T09:32:53","slug":"classic-world-edu-suuri-puinen-keittio-katoksella-tarvikkeet","status":"publish","type":"product","link":"https:\/\/nordicmart.andreevmaster.com\/fi\/tuote\/classic-world-edu-suuri-puinen-keittio-katoksella-tarvikkeet\/","title":{"rendered":"CLASSIC WORLD EDU Suuri puinen keitti\u00f6 katoksella + tarvikkeet"},"content":{"rendered":"<p>T\u00e4m\u00e4 kaunis puinen ulkokeitti\u00f6 tunnetulta puulelubr\u00e4ndilt\u00e4 Classic World on loistava valinta lapsille, jotka tykk\u00e4\u00e4v\u00e4t leikki\u00e4 erilaisia aikuisten rooleja, joita he n\u00e4kev\u00e4t arjessa. Lapset tuntevat olevansa oikeita kokkeja, ja koko perheen aterioiden valmistaminen on loputonta hauskaa. Keitti\u00f6t\u00e4 voi k\u00e4ytt\u00e4\u00e4 sek\u00e4 kotona ett\u00e4 puutarhassa. Master Chef Junior ei ole en\u00e4\u00e4 vain televisiossa!<\/p>\n<p>Ominaisuudet:<\/p>\n<p>* &#8211; Laatu ja turvallisuus huomioon ottaen lelu on valmistettu valikoiduista korkealaatuisista materiaaleista, jotka on suunniteltu erityisesti pienille lapsille.<br \/>\n* &#8211; Lelu on suunniteltu ilman ter\u00e4vi\u00e4 reunoja tai vaarallisia osia.<br \/>\n* &#8211; Pienten kokkien keitti\u00f6 auttaa lapsen kehityksess\u00e4 stimuloimalla h\u00e4nen mielikuvitustaan ja k\u00e4si-silm\u00e4-koordinaatiotaan. Lelu kannustaa aikuisten k\u00e4ytt\u00e4ytymist\u00e4 j\u00e4ljittelev\u00e4\u00e4n roolileikkiin, joka kehitt\u00e4\u00e4 sosiaalisia taitoja. Lapset keksiv\u00e4t itse roolinsa leikkeihin.<br \/>\n* &#8211; T\u00e4llainen s\u00f6p\u00f6 keitti\u00f6 on upea lis\u00e4 puutarhaan tai kotiin.<\/p>\n<p>Setti sis\u00e4lt\u00e4\u00e4:<\/p>\n<p>* &#8211; Leikkikeitti\u00f6n uunin, jossa on l\u00e4mp\u00f6tilan s\u00e4\u00e4t\u00f6nupit + liitutaulu<br \/>\n* &#8211; Keitti\u00f6v\u00e4lineet (esim. paistinlasta, keittolusikka)<br \/>\n* &#8211; Tiskialtaan<br \/>\n* &#8211; Kattilat<br \/>\n* &#8211; Paistinpannut<\/p>\n<p>Lelu kehitt\u00e4\u00e4:<\/p>\n<p>* &#8211; luovuutta,<br \/>\n* &#8211; k\u00e4si-silm\u00e4-koordinaatiota,<br \/>\n* &#8211; mielikuvitusta,<br \/>\n* &#8211; sosiaalisia taitoja,<br \/>\n* &#8211; k\u00e4dentaitoja,<br \/>\n* &#8211; uteliaisuutta.<\/p>\n<p>Eko-lelut on suunniteltu pienimmille lapsille, ja ne on valmistettu t\u00e4ysin luonnollisista, biohajoavista ja hypoallergeenisista materiaaleista, joten ne ovat 100 % turvallisia ja vaarattomia paitsi ymp\u00e4rist\u00f6lle my\u00f6s lapsellesi.<\/p>\n<p>Kyll\u00e4stetty\u00e4 m\u00e4ntypuuta k\u00e4ytet\u00e4\u00e4n varmistamaan parhaat ominaisuudet ulkoilmassa. Kyll\u00e4styksen ansiosta puu kest\u00e4\u00e4 s\u00e4\u00e4olosuhteita, mik\u00e4 takaa sen kest\u00e4vyyden ja esteettisen ulkon\u00e4\u00f6n monien vuosien ajan. T\u00e4m\u00e4 ratkaisu erottaa tuotteen kilpailevissa tuotteissa k\u00e4ytetyist\u00e4 ratkaisuista.<\/p>\n","protected":false},"excerpt":{"rendered":"<p>T\u00e4m\u00e4 kaunis puinen ulkokeitti\u00f6 tunnetulta puulelubr\u00e4ndilt\u00e4 Classic World on loistava valinta lapsille, jotka tykk\u00e4\u00e4v\u00e4t leikki\u00e4 erilaisia aikuisten rooleja, joita he n\u00e4kev\u00e4t arjessa. Lapset tuntevat olevansa oikeita kokkeja, ja koko perheen aterioiden valmistaminen on loputonta hauskaa. Keitti\u00f6t\u00e4 voi k\u00e4ytt\u00e4\u00e4 sek\u00e4 kotona ett\u00e4 puutarhassa. Master Chef Junior ei ole en\u00e4\u00e4 vain televisiossa! Ominaisuudet: * &#8211; Laatu ja [&hellip;]<\/p>\n","protected":false},"featured_media":0,"comment_status":"open","ping_status":"closed","template":"","meta":[],"product_brand":[],"product_cat":[32],"product_tag":[],"class_list":{"0":"post-30134","1":"product","2":"type-product","3":"status-publish","5":"product_cat-uncategorized-fi","7":"first","8":"instock","9":"shipping-taxable","10":"purchasable","11":"product-type-simple"},"_links":{"self":[{"href":"https:\/\/nordicmart.andreevmaster.com\/fi\/wp-json\/wp\/v2\/product\/30134","targetHints":{"allow":["GET"]}}],"collection":[{"href":"https:\/\/nordicmart.andreevmaster.com\/fi\/wp-json\/wp\/v2\/product"}],"about":[{"href":"https:\/\/nordicmart.andreevmaster.com\/fi\/wp-json\/wp\/v2\/types\/product"}],"replies":[{"embeddable":true,"href":"https:\/\/nordicmart.andreevmaster.com\/fi\/wp-json\/wp\/v2\/comments?post=30134"}],"wp:attachment":[{"href":"https:\/\/nordicmart.andreevmaster.com\/fi\/wp-json\/wp\/v2\/media?parent=30134"}],"wp:term":[{"taxonomy":"product_brand","embeddable":true,"href":"https:\/\/nordicmart.andreevmaster.com\/fi\/wp-json\/wp\/v2\/product_brand?post=30134"},{"taxonomy":"product_cat","embeddable":true,"href":"https:\/\/nordicmart.andreevmaster.com\/fi\/wp-json\/wp\/v2\/product_cat?post=30134"},{"taxonomy":"product_tag","embeddable":true,"href":"https:\/\/nordicmart.andreevmaster.com\/fi\/wp-json\/wp\/v2\/product_tag?post=30134"}],"curies":[{"name":"wp","href":"https:\/\/api.w.org\/{rel}","templated":true}]}}