{"id":30133,"date":"2026-02-27T00:09:01","date_gmt":"2026-02-27T00:09:01","guid":{"rendered":"https:\/\/nordicmart.andreevmaster.com\/product\/classic-world-suuri-pianon-lasten-tuoli-ja-oppikirja\/"},"modified":"2026-02-27T09:32:53","modified_gmt":"2026-02-27T09:32:53","slug":"classic-world-suuri-pianon-lasten-tuoli-ja-oppikirja","status":"publish","type":"product","link":"https:\/\/nordicmart.andreevmaster.com\/fi\/tuote\/classic-world-suuri-pianon-lasten-tuoli-ja-oppikirja\/","title":{"rendered":"CLASSIC WORLD Suuri pianon lasten tuoli ja oppikirja"},"content":{"rendered":"<p>Pianonsoiton oppiminen Classic Worldin avulla on hauskaa ja auttaa kehitt\u00e4m\u00e4\u00e4n lahjakkuutta. Lelut on mallinnettu todellisten soittimien mukaan, mik\u00e4 innostaa pieni\u00e4 taiteilijoita aloittamaan oppimisen. Soittimien soittaminen vaikuttaa my\u00f6nteisesti lasten kehitykseen, koska se altistaa heid\u00e4t musiikille. <\/p>\n<p>Ominaisuudet: <\/p>\n<p>* &#8211; Lelu 3-vuotiaille ja sit\u00e4 vanhemmille lapsille.<br \/>\n* &#8211; Valmistettu luonnonpuusta.* &#8211; Upea muotoilu. * &#8211; K\u00e4sintehty. * &#8211; Auttaa kehitt\u00e4m\u00e4\u00e4n lapsen musiikillista lahjakkuutta. * &#8211; Tyylik\u00e4s pakkaus \u2013 t\u00e4ydellinen lahjaksi. Sis\u00e4lt\u00e4\u00e4: * &#8211; piano, * &#8211; jakkara, * &#8211; nuottiteline, * &#8211; nuottikirja.* &#8211; kuuloaisti,<br \/>\n* &#8211; mielikuvitus,<br \/>\n* &#8211; kognitiiviset kyvyt,<br \/>\n* &#8211; tuntoaisti,<br \/>\n* &#8211; herkkyys musiikille<\/p>\n","protected":false},"excerpt":{"rendered":"<p>Pianonsoiton oppiminen Classic Worldin avulla on hauskaa ja auttaa kehitt\u00e4m\u00e4\u00e4n lahjakkuutta. Lelut on mallinnettu todellisten soittimien mukaan, mik\u00e4 innostaa pieni\u00e4 taiteilijoita aloittamaan oppimisen. Soittimien soittaminen vaikuttaa my\u00f6nteisesti lasten kehitykseen, koska se altistaa heid\u00e4t musiikille. Ominaisuudet: * &#8211; Lelu 3-vuotiaille ja sit\u00e4 vanhemmille lapsille. * &#8211; Valmistettu luonnonpuusta.* &#8211; Upea muotoilu. * &#8211; K\u00e4sintehty. * &#8211; [&hellip;]<\/p>\n","protected":false},"featured_media":0,"comment_status":"open","ping_status":"closed","template":"","meta":[],"product_brand":[],"product_cat":[32],"product_tag":[],"class_list":{"0":"post-30133","1":"product","2":"type-product","3":"status-publish","5":"product_cat-uncategorized-fi","7":"first","8":"instock","9":"shipping-taxable","10":"purchasable","11":"product-type-simple"},"_links":{"self":[{"href":"https:\/\/nordicmart.andreevmaster.com\/fi\/wp-json\/wp\/v2\/product\/30133","targetHints":{"allow":["GET"]}}],"collection":[{"href":"https:\/\/nordicmart.andreevmaster.com\/fi\/wp-json\/wp\/v2\/product"}],"about":[{"href":"https:\/\/nordicmart.andreevmaster.com\/fi\/wp-json\/wp\/v2\/types\/product"}],"replies":[{"embeddable":true,"href":"https:\/\/nordicmart.andreevmaster.com\/fi\/wp-json\/wp\/v2\/comments?post=30133"}],"wp:attachment":[{"href":"https:\/\/nordicmart.andreevmaster.com\/fi\/wp-json\/wp\/v2\/media?parent=30133"}],"wp:term":[{"taxonomy":"product_brand","embeddable":true,"href":"https:\/\/nordicmart.andreevmaster.com\/fi\/wp-json\/wp\/v2\/product_brand?post=30133"},{"taxonomy":"product_cat","embeddable":true,"href":"https:\/\/nordicmart.andreevmaster.com\/fi\/wp-json\/wp\/v2\/product_cat?post=30133"},{"taxonomy":"product_tag","embeddable":true,"href":"https:\/\/nordicmart.andreevmaster.com\/fi\/wp-json\/wp\/v2\/product_tag?post=30133"}],"curies":[{"name":"wp","href":"https:\/\/api.w.org\/{rel}","templated":true}]}}