{"id":30132,"date":"2026-02-27T00:09:01","date_gmt":"2026-02-27T00:09:01","guid":{"rendered":"https:\/\/nordicmart.andreevmaster.com\/product\/classic-world-edu-taideteosten-kuivaushylly-30-tasoa\/"},"modified":"2026-02-27T09:32:53","modified_gmt":"2026-02-27T09:32:53","slug":"classic-world-edu-taideteosten-kuivaushylly-30-tasoa","status":"publish","type":"product","link":"https:\/\/nordicmart.andreevmaster.com\/fi\/tuote\/classic-world-edu-taideteosten-kuivaushylly-30-tasoa\/","title":{"rendered":"CLASSIC WORLD EDU Taideteosten kuivaushylly &#8211; 30 tasoa"},"content":{"rendered":"<p>CLASSIC WORLDin EDU-sarjan taideteosten kuivaushylly tuo esiin parhaat puolet pienten taiteilijoiden t\u00f6ist\u00e4! Monikerroksiseen kuivaushyllyyn mahtuu jopa 30 piirustusta (maks. koko A3). Py\u00f6rien lukitusmekanismin ansiosta taideteokset kuivuvat turvallisesti, ja kahvan ja sujuvien py\u00f6rien ansiosta telinett\u00e4 on eritt\u00e4in helppo siirt\u00e4\u00e4. Pakollinen hankinta jokaiseen luokkahuoneeseen, huoneeseen tai kulttuuritilaan!<\/p>\n<p>Ominaisuudet:<\/p>\n<p>* &#8211; lelu 12 kuukauden ik\u00e4isille ja sit\u00e4 vanhemmille lapsille,<br \/>\n* &#8211; erityisest\u00e4 EDU-sarjasta,<br \/>\n* &#8211; varustettu mukavalla kahvalla ja lukittavilla py\u00f6rill\u00e4,<br \/>\n* &#8211; valmistettu korkealaatuisista materiaaleista!<\/p>\n<p>Eco-lelut on suunniteltu pienimmille lapsille, ja ne on valmistettu t\u00e4ysin luonnollisista, biohajoavista ja hypoallergeenisista materiaaleista, joten ne ovat 100 % turvallisia ja vaarattomia paitsi ymp\u00e4rist\u00f6lle my\u00f6s lapsellesi.<\/p>\n<p>Classic World on tunnettu lelujen valmistaja. Yritys asettaa korkeat vaatimukset muille valmistajille, ennen kaikkea korkealla valmistuslaadullaan. Tied\u00e4mme, ett\u00e4 lapset ansaitsevat vain parhaat lelut. Classic World varmistaa t\u00e4m\u00e4n tiukan laadunvalvonnan ja tuotantoprosessin avulla. Yritys noudattaa kansainv\u00e4lisi\u00e4 laatustandardeja.<\/p>\n","protected":false},"excerpt":{"rendered":"<p>CLASSIC WORLDin EDU-sarjan taideteosten kuivaushylly tuo esiin parhaat puolet pienten taiteilijoiden t\u00f6ist\u00e4! Monikerroksiseen kuivaushyllyyn mahtuu jopa 30 piirustusta (maks. koko A3). Py\u00f6rien lukitusmekanismin ansiosta taideteokset kuivuvat turvallisesti, ja kahvan ja sujuvien py\u00f6rien ansiosta telinett\u00e4 on eritt\u00e4in helppo siirt\u00e4\u00e4. Pakollinen hankinta jokaiseen luokkahuoneeseen, huoneeseen tai kulttuuritilaan! Ominaisuudet: * &#8211; lelu 12 kuukauden ik\u00e4isille ja sit\u00e4 vanhemmille [&hellip;]<\/p>\n","protected":false},"featured_media":0,"comment_status":"open","ping_status":"closed","template":"","meta":[],"product_brand":[],"product_cat":[32],"product_tag":[],"class_list":{"0":"post-30132","1":"product","2":"type-product","3":"status-publish","5":"product_cat-uncategorized-fi","7":"first","8":"instock","9":"shipping-taxable","10":"purchasable","11":"product-type-simple"},"_links":{"self":[{"href":"https:\/\/nordicmart.andreevmaster.com\/fi\/wp-json\/wp\/v2\/product\/30132","targetHints":{"allow":["GET"]}}],"collection":[{"href":"https:\/\/nordicmart.andreevmaster.com\/fi\/wp-json\/wp\/v2\/product"}],"about":[{"href":"https:\/\/nordicmart.andreevmaster.com\/fi\/wp-json\/wp\/v2\/types\/product"}],"replies":[{"embeddable":true,"href":"https:\/\/nordicmart.andreevmaster.com\/fi\/wp-json\/wp\/v2\/comments?post=30132"}],"wp:attachment":[{"href":"https:\/\/nordicmart.andreevmaster.com\/fi\/wp-json\/wp\/v2\/media?parent=30132"}],"wp:term":[{"taxonomy":"product_brand","embeddable":true,"href":"https:\/\/nordicmart.andreevmaster.com\/fi\/wp-json\/wp\/v2\/product_brand?post=30132"},{"taxonomy":"product_cat","embeddable":true,"href":"https:\/\/nordicmart.andreevmaster.com\/fi\/wp-json\/wp\/v2\/product_cat?post=30132"},{"taxonomy":"product_tag","embeddable":true,"href":"https:\/\/nordicmart.andreevmaster.com\/fi\/wp-json\/wp\/v2\/product_tag?post=30132"}],"curies":[{"name":"wp","href":"https:\/\/api.w.org\/{rel}","templated":true}]}}