{"id":30131,"date":"2026-02-27T00:09:00","date_gmt":"2026-02-27T00:09:00","guid":{"rendered":"https:\/\/nordicmart.andreevmaster.com\/product\/classic-world-xxl-monikayttoinen-puinen-leikkikeittio-pesukoneella-ja-tarvikkeilla\/"},"modified":"2026-02-27T09:32:53","modified_gmt":"2026-02-27T09:32:53","slug":"classic-world-xxl-monikayttoinen-puinen-leikkikeittio-pesukoneella-ja-tarvikkeilla","status":"publish","type":"product","link":"https:\/\/nordicmart.andreevmaster.com\/fi\/tuote\/classic-world-xxl-monikayttoinen-puinen-leikkikeittio-pesukoneella-ja-tarvikkeilla\/","title":{"rendered":"CLASSIC WORLD XXL monik\u00e4ytt\u00f6inen puinen leikkikeitti\u00f6 pesukoneella ja tarvikkeilla"},"content":{"rendered":"<p>Classic World \u2013 Puinen leikkikeitti\u00f6<\/p>\n<p>T\u00e4m\u00e4 tyylik\u00e4s ja monik\u00e4ytt\u00f6inen keitti\u00f6 on t\u00e4ydellinen paikka lasten ruoanlaittoseikkailuille. Luonnolliset v\u00e4rit, realistiset yksityiskohdat ja tarvikkeet tekev\u00e4t leikkimisest\u00e4 entist\u00e4 mukaansatempaavampaa. Lapset voivat esitt\u00e4\u00e4 arkip\u00e4iv\u00e4n tilanteita samalla kehitt\u00e4en luovuutta, itsen\u00e4isyytt\u00e4 ja k\u00e4dentaitoja.<\/p>\n<p>Ominaisuudet:<\/p>\n<p>* &#8211; 3-vuotiaille ja sit\u00e4 vanhemmille lapsille<br \/>\n* &#8211; puinen keitti\u00f6 ruoanlaittoleikkeihin<br \/>\n* &#8211; esteettinen, luonnollinen muotoilu pastelliv\u00e4reiss\u00e4<br \/>\n* &#8211; kehitt\u00e4\u00e4 mielikuvitusta, motorisia taitoja ja sosiaalisia taitoja<br \/>\n* &#8211; laadukas valmistus yksityiskohtiin paneutuen<br \/>\n* &#8211; keitti\u00f6tarvikkeet sis\u00e4ltyv\u00e4t<\/p>\n<p>Lelu kehitt\u00e4\u00e4:<\/p>\n<p>* &#8211; mielikuvitusta<br \/>\n* &#8211; karkeamotoriikkaa<br \/>\n* &#8211; sosiaalisia taitoja<\/p>\n","protected":false},"excerpt":{"rendered":"<p>Classic World \u2013 Puinen leikkikeitti\u00f6 T\u00e4m\u00e4 tyylik\u00e4s ja monik\u00e4ytt\u00f6inen keitti\u00f6 on t\u00e4ydellinen paikka lasten ruoanlaittoseikkailuille. Luonnolliset v\u00e4rit, realistiset yksityiskohdat ja tarvikkeet tekev\u00e4t leikkimisest\u00e4 entist\u00e4 mukaansatempaavampaa. Lapset voivat esitt\u00e4\u00e4 arkip\u00e4iv\u00e4n tilanteita samalla kehitt\u00e4en luovuutta, itsen\u00e4isyytt\u00e4 ja k\u00e4dentaitoja. Ominaisuudet: * &#8211; 3-vuotiaille ja sit\u00e4 vanhemmille lapsille * &#8211; puinen keitti\u00f6 ruoanlaittoleikkeihin * &#8211; esteettinen, luonnollinen muotoilu pastelliv\u00e4reiss\u00e4 [&hellip;]<\/p>\n","protected":false},"featured_media":0,"comment_status":"open","ping_status":"closed","template":"","meta":[],"product_brand":[],"product_cat":[32],"product_tag":[],"class_list":{"0":"post-30131","1":"product","2":"type-product","3":"status-publish","5":"product_cat-uncategorized-fi","7":"first","8":"instock","9":"shipping-taxable","10":"purchasable","11":"product-type-simple"},"_links":{"self":[{"href":"https:\/\/nordicmart.andreevmaster.com\/fi\/wp-json\/wp\/v2\/product\/30131","targetHints":{"allow":["GET"]}}],"collection":[{"href":"https:\/\/nordicmart.andreevmaster.com\/fi\/wp-json\/wp\/v2\/product"}],"about":[{"href":"https:\/\/nordicmart.andreevmaster.com\/fi\/wp-json\/wp\/v2\/types\/product"}],"replies":[{"embeddable":true,"href":"https:\/\/nordicmart.andreevmaster.com\/fi\/wp-json\/wp\/v2\/comments?post=30131"}],"wp:attachment":[{"href":"https:\/\/nordicmart.andreevmaster.com\/fi\/wp-json\/wp\/v2\/media?parent=30131"}],"wp:term":[{"taxonomy":"product_brand","embeddable":true,"href":"https:\/\/nordicmart.andreevmaster.com\/fi\/wp-json\/wp\/v2\/product_brand?post=30131"},{"taxonomy":"product_cat","embeddable":true,"href":"https:\/\/nordicmart.andreevmaster.com\/fi\/wp-json\/wp\/v2\/product_cat?post=30131"},{"taxonomy":"product_tag","embeddable":true,"href":"https:\/\/nordicmart.andreevmaster.com\/fi\/wp-json\/wp\/v2\/product_tag?post=30131"}],"curies":[{"name":"wp","href":"https:\/\/api.w.org\/{rel}","templated":true}]}}