{"id":30130,"date":"2026-02-27T00:09:00","date_gmt":"2026-02-27T00:09:00","guid":{"rendered":"https:\/\/nordicmart.andreevmaster.com\/product\/classic-world-puinen-peilipoyta-tuoli-ja-tarvikkeet-pastellivarit\/"},"modified":"2026-02-27T09:32:53","modified_gmt":"2026-02-27T09:32:53","slug":"classic-world-puinen-peilipoyta-tuoli-ja-tarvikkeet-pastellivarit","status":"publish","type":"product","link":"https:\/\/nordicmart.andreevmaster.com\/fi\/tuote\/classic-world-puinen-peilipoyta-tuoli-ja-tarvikkeet-pastellivarit\/","title":{"rendered":"CLASSIC WORLD Puinen peilip\u00f6yt\u00e4, tuoli ja tarvikkeet Pastelliv\u00e4rit"},"content":{"rendered":"<p>Classic Worldin peilip\u00f6yt\u00e4 on suunniteltu erityisesti pienille tyt\u00f6ille, jotka haaveilevat omasta nurkkauksesta, jossa leikki\u00e4 meikkeill\u00e4 ja pukeutua. Sarja sis\u00e4lt\u00e4\u00e4 py\u00f6re\u00e4n jakkaran, peilin ja erilaisia lis\u00e4varusteita, kuten rannekorun, hiusklipsej\u00e4 ja kaulakorun. T\u00e4m\u00e4n peilip\u00f6yd\u00e4n avulla lapset voivat kehitt\u00e4\u00e4 mielikuvitustaan, j\u00e4ljitell\u00e4 aikuisia ja harjoitella k\u00e4dentaitojaan leikkiess\u00e4\u00e4n.Ominaisuudet:<\/p>\n<p>* &#8211; Sarja 3-vuotiaille ja sit\u00e4 vanhemmille<br \/>\n* &#8211; Pastelliv\u00e4rit<br \/>\n* &#8211; Valmistettu korkealaatuisesta puusta<br \/>\n* &#8211; Roolileikki \u2013 lapset voivat leikki\u00e4 aikuisia<br \/>\n* &#8211; Sis\u00e4lt\u00e4\u00e4 laatikon tarvikkeille<\/p>\n<p>Sarja sis\u00e4lt\u00e4\u00e4:<\/p>\n<p>* &#8211; Pukeutumisp\u00f6yt\u00e4<br \/>\n* &#8211; Tuoli<br \/>\n* &#8211; Kaulakoru<br \/>\n* &#8211; Rannekoru<br \/>\n* &#8211; 4 hiusklipsi\u00e4<\/p>\n<p>Lelu kehitt\u00e4\u00e4:<\/p>\n<p>* &#8211; K\u00e4sien motorisia taitoja<br \/>\n* &#8211; Mielikuvitusta<br \/>\n* &#8211; Luovuutta<br \/>\n* &#8211; K\u00e4sien ja silmien koordinaatiota<\/p>\n","protected":false},"excerpt":{"rendered":"<p>Classic Worldin peilip\u00f6yt\u00e4 on suunniteltu erityisesti pienille tyt\u00f6ille, jotka haaveilevat omasta nurkkauksesta, jossa leikki\u00e4 meikkeill\u00e4 ja pukeutua. Sarja sis\u00e4lt\u00e4\u00e4 py\u00f6re\u00e4n jakkaran, peilin ja erilaisia lis\u00e4varusteita, kuten rannekorun, hiusklipsej\u00e4 ja kaulakorun. T\u00e4m\u00e4n peilip\u00f6yd\u00e4n avulla lapset voivat kehitt\u00e4\u00e4 mielikuvitustaan, j\u00e4ljitell\u00e4 aikuisia ja harjoitella k\u00e4dentaitojaan leikkiess\u00e4\u00e4n.Ominaisuudet: * &#8211; Sarja 3-vuotiaille ja sit\u00e4 vanhemmille * &#8211; Pastelliv\u00e4rit * &#8211; [&hellip;]<\/p>\n","protected":false},"featured_media":0,"comment_status":"open","ping_status":"closed","template":"","meta":[],"product_brand":[],"product_cat":[32],"product_tag":[],"class_list":{"0":"post-30130","1":"product","2":"type-product","3":"status-publish","5":"product_cat-uncategorized-fi","7":"first","8":"instock","9":"shipping-taxable","10":"purchasable","11":"product-type-simple"},"_links":{"self":[{"href":"https:\/\/nordicmart.andreevmaster.com\/fi\/wp-json\/wp\/v2\/product\/30130","targetHints":{"allow":["GET"]}}],"collection":[{"href":"https:\/\/nordicmart.andreevmaster.com\/fi\/wp-json\/wp\/v2\/product"}],"about":[{"href":"https:\/\/nordicmart.andreevmaster.com\/fi\/wp-json\/wp\/v2\/types\/product"}],"replies":[{"embeddable":true,"href":"https:\/\/nordicmart.andreevmaster.com\/fi\/wp-json\/wp\/v2\/comments?post=30130"}],"wp:attachment":[{"href":"https:\/\/nordicmart.andreevmaster.com\/fi\/wp-json\/wp\/v2\/media?parent=30130"}],"wp:term":[{"taxonomy":"product_brand","embeddable":true,"href":"https:\/\/nordicmart.andreevmaster.com\/fi\/wp-json\/wp\/v2\/product_brand?post=30130"},{"taxonomy":"product_cat","embeddable":true,"href":"https:\/\/nordicmart.andreevmaster.com\/fi\/wp-json\/wp\/v2\/product_cat?post=30130"},{"taxonomy":"product_tag","embeddable":true,"href":"https:\/\/nordicmart.andreevmaster.com\/fi\/wp-json\/wp\/v2\/product_tag?post=30130"}],"curies":[{"name":"wp","href":"https:\/\/api.w.org\/{rel}","templated":true}]}}