{"id":30129,"date":"2026-02-27T00:09:00","date_gmt":"2026-02-27T00:09:00","guid":{"rendered":"https:\/\/nordicmart.andreevmaster.com\/product\/classic-world-vintage-tyylinen-puinen-nukenvaunu\/"},"modified":"2026-02-27T09:32:53","modified_gmt":"2026-02-27T09:32:53","slug":"classic-world-vintage-tyylinen-puinen-nukenvaunu","status":"publish","type":"product","link":"https:\/\/nordicmart.andreevmaster.com\/fi\/tuote\/classic-world-vintage-tyylinen-puinen-nukenvaunu\/","title":{"rendered":"CLASSIC WORLD Vintage-tyylinen puinen nukenvaunu"},"content":{"rendered":"<p>Puinen nukenvaunu \u2013 vintage-tyylinen, rottinkinen selk\u00e4noja!<\/p>\n<p>T\u00e4m\u00e4 vieh\u00e4tt\u00e4v\u00e4 nukenvaunu yhdist\u00e4\u00e4 klassisen tyylin ja luonnonmateriaalit. Vihre\u00e4 muotoilu kukkakoristeilla ja rottinkinen selk\u00e4noja her\u00e4tt\u00e4v\u00e4t huomiota ja luovat ainutlaatuisen retrohenkisen tunnelman. Se on t\u00e4ydellinen lelu lapsille, jotka tykk\u00e4\u00e4v\u00e4t leikki\u00e4 roolileikkej\u00e4 ja hoitaa nukkejaan ja pehmolelujaan. Ominaisuudet: * &#8211; lelu 3-vuotiaille ja sit\u00e4 vanhemmille lapsille * &#8211; tyylik\u00e4s vaunu nukkeille ja pehmoleluille * &#8211; vakaa, puinen rakenne * &#8211; Vintage-tyyli rottinkisella selk\u00e4nojalla<br \/>\n* &#8211; vieh\u00e4tt\u00e4v\u00e4t kukka-koristeet<br \/>\n* &#8211; tukee mielikuvituksen ja huolehtimisen kehityst\u00e4<\/p>\n<p>Lelu kehitt\u00e4\u00e4:<\/p>\n<p>* &#8211; mielikuvitusta<br \/>\n* &#8211; karkeamotorisia taitoja<br \/>\n* &#8211; sosiaalisia taitoja<\/p>\n","protected":false},"excerpt":{"rendered":"<p>Puinen nukenvaunu \u2013 vintage-tyylinen, rottinkinen selk\u00e4noja! T\u00e4m\u00e4 vieh\u00e4tt\u00e4v\u00e4 nukenvaunu yhdist\u00e4\u00e4 klassisen tyylin ja luonnonmateriaalit. Vihre\u00e4 muotoilu kukkakoristeilla ja rottinkinen selk\u00e4noja her\u00e4tt\u00e4v\u00e4t huomiota ja luovat ainutlaatuisen retrohenkisen tunnelman. Se on t\u00e4ydellinen lelu lapsille, jotka tykk\u00e4\u00e4v\u00e4t leikki\u00e4 roolileikkej\u00e4 ja hoitaa nukkejaan ja pehmolelujaan. Ominaisuudet: * &#8211; lelu 3-vuotiaille ja sit\u00e4 vanhemmille lapsille * &#8211; tyylik\u00e4s vaunu nukkeille [&hellip;]<\/p>\n","protected":false},"featured_media":0,"comment_status":"open","ping_status":"closed","template":"","meta":[],"product_brand":[],"product_cat":[32],"product_tag":[],"class_list":{"0":"post-30129","1":"product","2":"type-product","3":"status-publish","5":"product_cat-uncategorized-fi","7":"first","8":"instock","9":"shipping-taxable","10":"purchasable","11":"product-type-simple"},"_links":{"self":[{"href":"https:\/\/nordicmart.andreevmaster.com\/fi\/wp-json\/wp\/v2\/product\/30129","targetHints":{"allow":["GET"]}}],"collection":[{"href":"https:\/\/nordicmart.andreevmaster.com\/fi\/wp-json\/wp\/v2\/product"}],"about":[{"href":"https:\/\/nordicmart.andreevmaster.com\/fi\/wp-json\/wp\/v2\/types\/product"}],"replies":[{"embeddable":true,"href":"https:\/\/nordicmart.andreevmaster.com\/fi\/wp-json\/wp\/v2\/comments?post=30129"}],"wp:attachment":[{"href":"https:\/\/nordicmart.andreevmaster.com\/fi\/wp-json\/wp\/v2\/media?parent=30129"}],"wp:term":[{"taxonomy":"product_brand","embeddable":true,"href":"https:\/\/nordicmart.andreevmaster.com\/fi\/wp-json\/wp\/v2\/product_brand?post=30129"},{"taxonomy":"product_cat","embeddable":true,"href":"https:\/\/nordicmart.andreevmaster.com\/fi\/wp-json\/wp\/v2\/product_cat?post=30129"},{"taxonomy":"product_tag","embeddable":true,"href":"https:\/\/nordicmart.andreevmaster.com\/fi\/wp-json\/wp\/v2\/product_tag?post=30129"}],"curies":[{"name":"wp","href":"https:\/\/api.w.org\/{rel}","templated":true}]}}