{"id":30128,"date":"2026-02-27T00:09:00","date_gmt":"2026-02-27T00:09:00","guid":{"rendered":"https:\/\/nordicmart.andreevmaster.com\/product\/classic-world-vintage-tyylinen-puinen-syottotuoli-nukkeille\/"},"modified":"2026-02-27T09:32:53","modified_gmt":"2026-02-27T09:32:53","slug":"classic-world-vintage-tyylinen-puinen-syottotuoli-nukkeille","status":"publish","type":"product","link":"https:\/\/nordicmart.andreevmaster.com\/fi\/tuote\/classic-world-vintage-tyylinen-puinen-syottotuoli-nukkeille\/","title":{"rendered":"CLASSIC WORLD Vintage-tyylinen puinen sy\u00f6tt\u00f6tuoli nukkeille"},"content":{"rendered":"<p>Puinen nuken ruokintatuoli \u2013 vintage-tyylinen, rottinkinen selk\u00e4noja!<\/p>\n<p>T\u00e4m\u00e4 tyylik\u00e4s nuken sy\u00f6tt\u00f6tuoli on t\u00e4ydellinen lis\u00e4varuste leikkeihin, joissa leikit\u00e4\u00e4n hoitajana. Vihreill\u00e4 s\u00e4vyill\u00e4 ja hienovaraisilla kukka-koristeilla koristeltu tuoli viittaa klassiseen vintage-tyyliin. Selk\u00e4nojan luonnollinen rottinkikudonta antaa sille ainutlaatuisen charmin ja aidon ilmeen. Se sopii t\u00e4ydellisesti teemaleikkeihin, jotka kehitt\u00e4v\u00e4t lapsen empatiaa ja mielikuvitusta.<\/p>\n<p>Ominaisuudet:<\/p>\n<p>* &#8211; lelu on tarkoitettu 3-vuotiaille ja sit\u00e4 vanhemmille lapsille<br \/>\n* &#8211; sy\u00f6tt\u00f6tuoli nukkeille<br \/>\n* &#8211; rottinkikudonta selk\u00e4nojassa \u2013 luonnollinen korostus<br \/>\n* &#8211; puinen, vakaa rakenne<br \/>\n* &#8211; maalatut yksityiskohdat ja kukkakuvioinnit vintage-tyylill\u00e4<br \/>\n* &#8211; edist\u00e4\u00e4 luovaa leikki\u00e4 ja sosiaalista kehityst\u00e4<\/p>\n<p>Lelu kehitt\u00e4\u00e4:<\/p>\n<p>* &#8211; motorisia taitoja<br \/>\n* &#8211; k\u00e4den taitoja<br \/>\n* &#8211; uteliaisuutta<br \/>\n* &#8211; luovuutta<\/p>\n","protected":false},"excerpt":{"rendered":"<p>Puinen nuken ruokintatuoli \u2013 vintage-tyylinen, rottinkinen selk\u00e4noja! T\u00e4m\u00e4 tyylik\u00e4s nuken sy\u00f6tt\u00f6tuoli on t\u00e4ydellinen lis\u00e4varuste leikkeihin, joissa leikit\u00e4\u00e4n hoitajana. Vihreill\u00e4 s\u00e4vyill\u00e4 ja hienovaraisilla kukka-koristeilla koristeltu tuoli viittaa klassiseen vintage-tyyliin. Selk\u00e4nojan luonnollinen rottinkikudonta antaa sille ainutlaatuisen charmin ja aidon ilmeen. Se sopii t\u00e4ydellisesti teemaleikkeihin, jotka kehitt\u00e4v\u00e4t lapsen empatiaa ja mielikuvitusta. Ominaisuudet: * &#8211; lelu on tarkoitettu 3-vuotiaille [&hellip;]<\/p>\n","protected":false},"featured_media":0,"comment_status":"open","ping_status":"closed","template":"","meta":[],"product_brand":[],"product_cat":[32],"product_tag":[],"class_list":{"0":"post-30128","1":"product","2":"type-product","3":"status-publish","5":"product_cat-uncategorized-fi","7":"first","8":"instock","9":"shipping-taxable","10":"purchasable","11":"product-type-simple"},"_links":{"self":[{"href":"https:\/\/nordicmart.andreevmaster.com\/fi\/wp-json\/wp\/v2\/product\/30128","targetHints":{"allow":["GET"]}}],"collection":[{"href":"https:\/\/nordicmart.andreevmaster.com\/fi\/wp-json\/wp\/v2\/product"}],"about":[{"href":"https:\/\/nordicmart.andreevmaster.com\/fi\/wp-json\/wp\/v2\/types\/product"}],"replies":[{"embeddable":true,"href":"https:\/\/nordicmart.andreevmaster.com\/fi\/wp-json\/wp\/v2\/comments?post=30128"}],"wp:attachment":[{"href":"https:\/\/nordicmart.andreevmaster.com\/fi\/wp-json\/wp\/v2\/media?parent=30128"}],"wp:term":[{"taxonomy":"product_brand","embeddable":true,"href":"https:\/\/nordicmart.andreevmaster.com\/fi\/wp-json\/wp\/v2\/product_brand?post=30128"},{"taxonomy":"product_cat","embeddable":true,"href":"https:\/\/nordicmart.andreevmaster.com\/fi\/wp-json\/wp\/v2\/product_cat?post=30128"},{"taxonomy":"product_tag","embeddable":true,"href":"https:\/\/nordicmart.andreevmaster.com\/fi\/wp-json\/wp\/v2\/product_tag?post=30128"}],"curies":[{"name":"wp","href":"https:\/\/api.w.org\/{rel}","templated":true}]}}