{"id":30127,"date":"2026-02-27T00:09:00","date_gmt":"2026-02-27T00:09:00","guid":{"rendered":"https:\/\/nordicmart.andreevmaster.com\/product\/classic-world-vintage-wooden-dollhouse-2\/"},"modified":"2026-02-27T09:32:52","modified_gmt":"2026-02-27T09:32:52","slug":"classic-world-vintage-wooden-dollhouse-2","status":"publish","type":"product","link":"https:\/\/nordicmart.andreevmaster.com\/fi\/tuote\/classic-world-vintage-wooden-dollhouse-2\/","title":{"rendered":"CLASSIC WORLD Vintage Wooden Dollhouse"},"content":{"rendered":"<p>CLASSIC WORLDin vieh\u00e4tt\u00e4v\u00e4 vintage-tyylinen nukkekoti, joka ilahduttaa jokaista lasta! T\u00e4m\u00e4 upea 3-kerroksinen talo on kauniisti sisustettu erilaisilla huonekaluilla. Talo voidaan avata katon kautta, mik\u00e4 helpottaa p\u00e4\u00e4sy\u00e4 eri huoneisiin. Sarja sis\u00e4lt\u00e4\u00e4 sisustustarvikkeita, kuten s\u00e4ngyn p\u00e4iv\u00e4peitteell\u00e4, kylpyammeen, sohvan, lampun, p\u00f6yd\u00e4n, kaksi tuolia, keitti\u00f6n ja j\u00e4\u00e4kaapin. Ominaisuudet: &#8211; Lelu on tarkoitettu 3-vuotiaille ja sit\u00e4 vanhemmille lapsille<br \/>\n* &#8211; Sarja koostuu 36 osasta<br \/>\n* &#8211; Valkoinen talo<br \/>\n* &#8211; Talossa on 2 kerrosta + ullakko<br \/>\n* &#8211; Helppo kuljettaa, kaikki osat voidaan s\u00e4ilytt\u00e4\u00e4 talossa<\/p>\n<p>Lelu kehitt\u00e4\u00e4:<\/p>\n<p>* &#8211; Sosiaalista k\u00e4ytt\u00e4ytymist\u00e4<br \/>\n* &#8211; Luovuutta<\/p>\n","protected":false},"excerpt":{"rendered":"<p>CLASSIC WORLDin vieh\u00e4tt\u00e4v\u00e4 vintage-tyylinen nukkekoti, joka ilahduttaa jokaista lasta! T\u00e4m\u00e4 upea 3-kerroksinen talo on kauniisti sisustettu erilaisilla huonekaluilla. Talo voidaan avata katon kautta, mik\u00e4 helpottaa p\u00e4\u00e4sy\u00e4 eri huoneisiin. Sarja sis\u00e4lt\u00e4\u00e4 sisustustarvikkeita, kuten s\u00e4ngyn p\u00e4iv\u00e4peitteell\u00e4, kylpyammeen, sohvan, lampun, p\u00f6yd\u00e4n, kaksi tuolia, keitti\u00f6n ja j\u00e4\u00e4kaapin. Ominaisuudet: &#8211; Lelu on tarkoitettu 3-vuotiaille ja sit\u00e4 vanhemmille lapsille * &#8211; [&hellip;]<\/p>\n","protected":false},"featured_media":0,"comment_status":"open","ping_status":"closed","template":"","meta":[],"product_brand":[],"product_cat":[32],"product_tag":[],"class_list":{"0":"post-30127","1":"product","2":"type-product","3":"status-publish","5":"product_cat-uncategorized-fi","7":"first","8":"instock","9":"shipping-taxable","10":"purchasable","11":"product-type-simple"},"_links":{"self":[{"href":"https:\/\/nordicmart.andreevmaster.com\/fi\/wp-json\/wp\/v2\/product\/30127","targetHints":{"allow":["GET"]}}],"collection":[{"href":"https:\/\/nordicmart.andreevmaster.com\/fi\/wp-json\/wp\/v2\/product"}],"about":[{"href":"https:\/\/nordicmart.andreevmaster.com\/fi\/wp-json\/wp\/v2\/types\/product"}],"replies":[{"embeddable":true,"href":"https:\/\/nordicmart.andreevmaster.com\/fi\/wp-json\/wp\/v2\/comments?post=30127"}],"wp:attachment":[{"href":"https:\/\/nordicmart.andreevmaster.com\/fi\/wp-json\/wp\/v2\/media?parent=30127"}],"wp:term":[{"taxonomy":"product_brand","embeddable":true,"href":"https:\/\/nordicmart.andreevmaster.com\/fi\/wp-json\/wp\/v2\/product_brand?post=30127"},{"taxonomy":"product_cat","embeddable":true,"href":"https:\/\/nordicmart.andreevmaster.com\/fi\/wp-json\/wp\/v2\/product_cat?post=30127"},{"taxonomy":"product_tag","embeddable":true,"href":"https:\/\/nordicmart.andreevmaster.com\/fi\/wp-json\/wp\/v2\/product_tag?post=30127"}],"curies":[{"name":"wp","href":"https:\/\/api.w.org\/{rel}","templated":true}]}}