{"id":30126,"date":"2026-02-27T00:08:59","date_gmt":"2026-02-27T00:08:59","guid":{"rendered":"https:\/\/nordicmart.andreevmaster.com\/product\/classic-world-puinen-3-kerroksinen-xl-autotalli-hissilla-eco-zone\/"},"modified":"2026-02-27T09:32:52","modified_gmt":"2026-02-27T09:32:52","slug":"classic-world-puinen-3-kerroksinen-xl-autotalli-hissilla-eco-zone","status":"publish","type":"product","link":"https:\/\/nordicmart.andreevmaster.com\/fi\/tuote\/classic-world-puinen-3-kerroksinen-xl-autotalli-hissilla-eco-zone\/","title":{"rendered":"CLASSIC WORLD Puinen 3-kerroksinen XL-autotalli hissill\u00e4 &#8221;Eco Zone&#8221;"},"content":{"rendered":"<p>Classic Worldin puinen monitasoinen pys\u00e4k\u00f6intitalo, jossa on s\u00e4hk\u00f6autojen latausasema, hissi, aurinkopaneelit, tuuliturbiini ja helikopterin laskeutumisalusta, her\u00e4tt\u00e4\u00e4 jokaisen auto- ja moottoriurheilun yst\u00e4v\u00e4n mielikuvituksen. Auton saamiseksi pys\u00e4k\u00f6intitaloon tai sielt\u00e4 ulos on nostettava este. Hissin (joka toimii manuaalisesti) ansiosta ajoneuvot voivat liikkua kerrosten v\u00e4lill\u00e4. Erityisen kierreportaan ansiosta autot voivat laskeutua nopeasti jokaisesta kerroksesta. Pys\u00e4k\u00f6intitalossa on my\u00f6s s\u00e4hk\u00f6autojen latausasema. Lis\u00e4ksi sarjaan kuuluu 3 leluautoa ja helikopteri.Ominaisuudet:<\/p>\n<p>* &#8211; Lelu 3-vuotiaille ja sit\u00e4 vanhemmille<br \/>\n* &#8211; Liikkuvat osat, kuten potkurit, tuulimylly ja hissi<br \/>\n* &#8211; &#8221;Eco Zone&#8221; -parkkitalo on valmistettu korkealaatuisesta puusta<br \/>\n* &#8211; Pys\u00e4k\u00f6intialueelle mahtuu useita autoja<br \/>\n* &#8211; T\u00e4ydellinen lahja, n\u00e4ytt\u00e4\u00e4 upealta hyllyll\u00e4 leikkien j\u00e4lkeen<br \/>\n* &#8211; Sarja edist\u00e4\u00e4 ekologisuutta ja esittelee uusiutuvien energial\u00e4hteiden, kuten aurinkopaneelien ja tuulimyllyjen, toimintaa yksinkertaisella tavalla<\/p>\n<p>Sarja sis\u00e4lt\u00e4\u00e4:<\/p>\n<p>* &#8211; 4 puista ajoneuvoa &#8211; poliisiauto, hinausauto, bussi, helikopteri<br \/>\n* &#8211; 3-kerroksinen autotalli hissill\u00e4, 2 liukum\u00e4ell\u00e4 ja puomilla<br \/>\n* &#8211; 3 aurinkopaneelia<br \/>\n* &#8211; ajoneuvojen latausasema, tuulimylly<\/p>\n","protected":false},"excerpt":{"rendered":"<p>Classic Worldin puinen monitasoinen pys\u00e4k\u00f6intitalo, jossa on s\u00e4hk\u00f6autojen latausasema, hissi, aurinkopaneelit, tuuliturbiini ja helikopterin laskeutumisalusta, her\u00e4tt\u00e4\u00e4 jokaisen auto- ja moottoriurheilun yst\u00e4v\u00e4n mielikuvituksen. Auton saamiseksi pys\u00e4k\u00f6intitaloon tai sielt\u00e4 ulos on nostettava este. Hissin (joka toimii manuaalisesti) ansiosta ajoneuvot voivat liikkua kerrosten v\u00e4lill\u00e4. Erityisen kierreportaan ansiosta autot voivat laskeutua nopeasti jokaisesta kerroksesta. Pys\u00e4k\u00f6intitalossa on my\u00f6s s\u00e4hk\u00f6autojen latausasema. [&hellip;]<\/p>\n","protected":false},"featured_media":0,"comment_status":"open","ping_status":"closed","template":"","meta":[],"product_brand":[],"product_cat":[32],"product_tag":[],"class_list":{"0":"post-30126","1":"product","2":"type-product","3":"status-publish","5":"product_cat-uncategorized-fi","7":"first","8":"instock","9":"shipping-taxable","10":"purchasable","11":"product-type-simple"},"_links":{"self":[{"href":"https:\/\/nordicmart.andreevmaster.com\/fi\/wp-json\/wp\/v2\/product\/30126","targetHints":{"allow":["GET"]}}],"collection":[{"href":"https:\/\/nordicmart.andreevmaster.com\/fi\/wp-json\/wp\/v2\/product"}],"about":[{"href":"https:\/\/nordicmart.andreevmaster.com\/fi\/wp-json\/wp\/v2\/types\/product"}],"replies":[{"embeddable":true,"href":"https:\/\/nordicmart.andreevmaster.com\/fi\/wp-json\/wp\/v2\/comments?post=30126"}],"wp:attachment":[{"href":"https:\/\/nordicmart.andreevmaster.com\/fi\/wp-json\/wp\/v2\/media?parent=30126"}],"wp:term":[{"taxonomy":"product_brand","embeddable":true,"href":"https:\/\/nordicmart.andreevmaster.com\/fi\/wp-json\/wp\/v2\/product_brand?post=30126"},{"taxonomy":"product_cat","embeddable":true,"href":"https:\/\/nordicmart.andreevmaster.com\/fi\/wp-json\/wp\/v2\/product_cat?post=30126"},{"taxonomy":"product_tag","embeddable":true,"href":"https:\/\/nordicmart.andreevmaster.com\/fi\/wp-json\/wp\/v2\/product_tag?post=30126"}],"curies":[{"name":"wp","href":"https:\/\/api.w.org\/{rel}","templated":true}]}}