{"id":30125,"date":"2026-02-27T00:08:59","date_gmt":"2026-02-27T00:08:59","guid":{"rendered":"https:\/\/nordicmart.andreevmaster.com\/product\/classic-world-puinen-pizzauuni-3-fsc\/"},"modified":"2026-02-27T09:32:52","modified_gmt":"2026-02-27T09:32:52","slug":"classic-world-puinen-pizzauuni-3-fsc","status":"publish","type":"product","link":"https:\/\/nordicmart.andreevmaster.com\/fi\/tuote\/classic-world-puinen-pizzauuni-3-fsc\/","title":{"rendered":"CLASSIC WORLD Puinen pizzauuni 3+ FSC"},"content":{"rendered":"<p>Classic Worldin puinen pizzauuni on t\u00e4ydellinen ravintolaleikkisetti, joka on suunniteltu pienille kokkeille. Setti sis\u00e4lt\u00e4\u00e4 siirrett\u00e4vi\u00e4 lis\u00e4varusteita ja pizzanvalmistusv\u00e4lineit\u00e4, jotka innostavat lapsia luovaan roolileikkiin. Tuote on valmistettu sile\u00e4st\u00e4 puusta ja maalattu turvallisilla, myrkytt\u00f6mill\u00e4 maaleilla \u2013 lelu on kest\u00e4v\u00e4 ja lapsille sopiva.Ominaisuudet:<\/p>\n<p>* &#8211; 3-vuotiaille ja sit\u00e4 vanhemmille lapsille<br \/>\n* &#8211; 31 kappaletta sarjassa<br \/>\n* &#8211; pizzauuni\/uuni lis\u00e4varusteineen<br \/>\n* &#8211; huopalis\u00e4varusteet (esim. juusto, sipuli) ja irrotettavat osat<br \/>\n* &#8211; valmistettu korkealaatuisesta puusta<br \/>\n* &#8211; sile\u00e4t ja turvalliset reunat<\/p>\n<p>Setti sis\u00e4lt\u00e4\u00e4:<\/p>\n<p>* &#8211; pizzauuni\/uuni (puinen)<br \/>\n* &#8211; puinen pizzalauta<br \/>\n* &#8211; 6 pizzapalaa<br \/>\n* &#8211; 13 pizzan t\u00e4ytett\u00e4 (vihanneksia, juustoa, t\u00e4ytett\u00e4, mukaan lukien huopaisia)<br \/>\n* &#8211; pizzalapi<br \/>\n* &#8211; pizzaleikkuri<br \/>\n* &#8211; 2 lautasta<br \/>\n* &#8211; muita lis\u00e4varusteita \u2014 yhteens\u00e4 31 kappaletta<\/p>\n<p>Lelu kehitt\u00e4\u00e4:<\/p>\n<p>* &#8211; luovuutta ja mielikuvitusta<br \/>\n* &#8211; k\u00e4den taitoja<br \/>\n* &#8211; k\u00e4si-silm\u00e4-koordinaatiota<br \/>\n* &#8211; muotojen ja v\u00e4rien tunnistamista<br \/>\n* &#8211; k\u00e4rsiv\u00e4llisyytt\u00e4 ja keskittymiskyky\u00e4<br \/>\n* &#8211; roolileikin ja ryhm\u00e4leikin taitoja<\/p>\n","protected":false},"excerpt":{"rendered":"<p>Classic Worldin puinen pizzauuni on t\u00e4ydellinen ravintolaleikkisetti, joka on suunniteltu pienille kokkeille. Setti sis\u00e4lt\u00e4\u00e4 siirrett\u00e4vi\u00e4 lis\u00e4varusteita ja pizzanvalmistusv\u00e4lineit\u00e4, jotka innostavat lapsia luovaan roolileikkiin. Tuote on valmistettu sile\u00e4st\u00e4 puusta ja maalattu turvallisilla, myrkytt\u00f6mill\u00e4 maaleilla \u2013 lelu on kest\u00e4v\u00e4 ja lapsille sopiva.Ominaisuudet: * &#8211; 3-vuotiaille ja sit\u00e4 vanhemmille lapsille * &#8211; 31 kappaletta sarjassa * &#8211; pizzauuni\/uuni [&hellip;]<\/p>\n","protected":false},"featured_media":0,"comment_status":"open","ping_status":"closed","template":"","meta":[],"product_brand":[],"product_cat":[32],"product_tag":[],"class_list":{"0":"post-30125","1":"product","2":"type-product","3":"status-publish","5":"product_cat-uncategorized-fi","7":"first","8":"instock","9":"shipping-taxable","10":"purchasable","11":"product-type-simple"},"_links":{"self":[{"href":"https:\/\/nordicmart.andreevmaster.com\/fi\/wp-json\/wp\/v2\/product\/30125","targetHints":{"allow":["GET"]}}],"collection":[{"href":"https:\/\/nordicmart.andreevmaster.com\/fi\/wp-json\/wp\/v2\/product"}],"about":[{"href":"https:\/\/nordicmart.andreevmaster.com\/fi\/wp-json\/wp\/v2\/types\/product"}],"replies":[{"embeddable":true,"href":"https:\/\/nordicmart.andreevmaster.com\/fi\/wp-json\/wp\/v2\/comments?post=30125"}],"wp:attachment":[{"href":"https:\/\/nordicmart.andreevmaster.com\/fi\/wp-json\/wp\/v2\/media?parent=30125"}],"wp:term":[{"taxonomy":"product_brand","embeddable":true,"href":"https:\/\/nordicmart.andreevmaster.com\/fi\/wp-json\/wp\/v2\/product_brand?post=30125"},{"taxonomy":"product_cat","embeddable":true,"href":"https:\/\/nordicmart.andreevmaster.com\/fi\/wp-json\/wp\/v2\/product_cat?post=30125"},{"taxonomy":"product_tag","embeddable":true,"href":"https:\/\/nordicmart.andreevmaster.com\/fi\/wp-json\/wp\/v2\/product_tag?post=30125"}],"curies":[{"name":"wp","href":"https:\/\/api.w.org\/{rel}","templated":true}]}}