{"id":30124,"date":"2026-02-27T00:08:59","date_gmt":"2026-02-27T00:08:59","guid":{"rendered":"https:\/\/nordicmart.andreevmaster.com\/product\/classic-world-puinen-puumaja-nukkeille-31-kappaletta\/"},"modified":"2026-02-27T09:32:52","modified_gmt":"2026-02-27T09:32:52","slug":"classic-world-puinen-puumaja-nukkeille-31-kappaletta","status":"publish","type":"product","link":"https:\/\/nordicmart.andreevmaster.com\/fi\/tuote\/classic-world-puinen-puumaja-nukkeille-31-kappaletta\/","title":{"rendered":"CLASSIC WORLD Puinen puumaja nukkeille, 31 kappaletta"},"content":{"rendered":"<p>CLASSIC WORLDin puumaja tarjoaa lapsellesi loputtomasti hauskaa! T\u00e4m\u00e4 ainutlaatuinen nukkekoti stimuloi lapsesi mielikuvitusta. Talo on t\u00e4ysin toimiva. Poikadukki voi vet\u00e4\u00e4 \u00e4mp\u00e4ri\u00e4 pulleyn avulla, kun taas tytt\u00f6duukki voi leikki\u00e4 koiranpennun kanssa. Oravat voivat sy\u00f6d\u00e4 k\u00e4pyj\u00e4. Dukit voivat keinua keinulla ja kiivet\u00e4 tikkaita pitkin puumajaan. Sarja sis\u00e4lt\u00e4\u00e4 2 lasten hahmoa, 2 el\u00e4int\u00e4 ja upeita lis\u00e4varusteita, kuten keinun, rengaskeinu, \u00e4mp\u00e4ri, aarrearkku, s\u00e4nky, p\u00f6yt\u00e4 ja tuolit. Sarja on valmistettu luonnonpuusta. T\u00e4m\u00e4 ainutlaatuinen talo kannustaa lasta luomaan tarinoita ja seikkailuja pienille nukilleen. Ominaisuudet: * &#8211; lelu 3-vuotiaille ja sit\u00e4 vanhemmille lapsille, * &#8211; sis\u00e4lt\u00e4\u00e4 31 osaa, * &#8211; t\u00e4ysin toimiva, esim. liikkuva \u00e4mp\u00e4ri ja keinut, * &#8211; luonnonpuuta.<\/p>\n<p>Sis\u00e4lt\u00e4\u00e4:<\/p>\n<p>* &#8211; puumaja,<br \/>\n* &#8211; 2 lasten hahmoa,<br \/>\n* &#8211; 2 el\u00e4int\u00e4,<br \/>\n* &#8211; lis\u00e4varusteet: keinulaudat, rengaskeinu, \u00e4mp\u00e4ri, aarrearkku, s\u00e4nky, p\u00f6yt\u00e4, tuolit.* keinulaudat,<br \/>\n* rengaskeinu,<br \/>\n* \u00e4mp\u00e4ri,<br \/>\n* aarrearkku,<br \/>\n* s\u00e4nky,<br \/>\n* p\u00f6yt\u00e4,<br \/>\n* tuolit.<\/p>\n<p>* keinulaudat,<br \/>\n* rengaskeinu,<br \/>\n* \u00e4mp\u00e4ri,<br \/>\n* aarrearkku,<br \/>\n* s\u00e4nky,<br \/>\n* p\u00f6yt\u00e4,<br \/>\n* tuolit.Lelu kehitt\u00e4\u00e4:<\/p>\n<p>* &#8211; mielikuvitusta ja luovuutta<\/p>\n<p>&lt;center&gt;&lt;iframe width=&#8221;467&#8243; height=&#8221;830&#8243; src=&#8221;https:\/\/www.youtube.com\/embed\/ERsLGhwvnjY&#8221; title=&#8221;CLASSIC WORLD Puinen puumaja nukkeille, 31 osaa&#8221; frameborder=&#8221;0&#8243; allow=&#8221;accelerometer; autoplay; clipboard-write; encrypted-media; gyroscope; picture-in-picture; web-share&#8221; referrerpolicy=&#8221;strict-origin-when-cross-origin&#8221; allowfullscreen&gt;&lt;\/iframe&gt;&lt;\/center&gt;<\/p>\n","protected":false},"excerpt":{"rendered":"<p>CLASSIC WORLDin puumaja tarjoaa lapsellesi loputtomasti hauskaa! T\u00e4m\u00e4 ainutlaatuinen nukkekoti stimuloi lapsesi mielikuvitusta. Talo on t\u00e4ysin toimiva. Poikadukki voi vet\u00e4\u00e4 \u00e4mp\u00e4ri\u00e4 pulleyn avulla, kun taas tytt\u00f6duukki voi leikki\u00e4 koiranpennun kanssa. Oravat voivat sy\u00f6d\u00e4 k\u00e4pyj\u00e4. Dukit voivat keinua keinulla ja kiivet\u00e4 tikkaita pitkin puumajaan. Sarja sis\u00e4lt\u00e4\u00e4 2 lasten hahmoa, 2 el\u00e4int\u00e4 ja upeita lis\u00e4varusteita, kuten keinun, [&hellip;]<\/p>\n","protected":false},"featured_media":0,"comment_status":"open","ping_status":"closed","template":"","meta":[],"product_brand":[],"product_cat":[32],"product_tag":[],"class_list":{"0":"post-30124","1":"product","2":"type-product","3":"status-publish","5":"product_cat-uncategorized-fi","7":"first","8":"instock","9":"shipping-taxable","10":"purchasable","11":"product-type-simple"},"_links":{"self":[{"href":"https:\/\/nordicmart.andreevmaster.com\/fi\/wp-json\/wp\/v2\/product\/30124","targetHints":{"allow":["GET"]}}],"collection":[{"href":"https:\/\/nordicmart.andreevmaster.com\/fi\/wp-json\/wp\/v2\/product"}],"about":[{"href":"https:\/\/nordicmart.andreevmaster.com\/fi\/wp-json\/wp\/v2\/types\/product"}],"replies":[{"embeddable":true,"href":"https:\/\/nordicmart.andreevmaster.com\/fi\/wp-json\/wp\/v2\/comments?post=30124"}],"wp:attachment":[{"href":"https:\/\/nordicmart.andreevmaster.com\/fi\/wp-json\/wp\/v2\/media?parent=30124"}],"wp:term":[{"taxonomy":"product_brand","embeddable":true,"href":"https:\/\/nordicmart.andreevmaster.com\/fi\/wp-json\/wp\/v2\/product_brand?post=30124"},{"taxonomy":"product_cat","embeddable":true,"href":"https:\/\/nordicmart.andreevmaster.com\/fi\/wp-json\/wp\/v2\/product_cat?post=30124"},{"taxonomy":"product_tag","embeddable":true,"href":"https:\/\/nordicmart.andreevmaster.com\/fi\/wp-json\/wp\/v2\/product_tag?post=30124"}],"curies":[{"name":"wp","href":"https:\/\/api.w.org\/{rel}","templated":true}]}}