{"id":30123,"date":"2026-02-27T00:08:59","date_gmt":"2026-02-27T00:08:59","guid":{"rendered":"https:\/\/nordicmart.andreevmaster.com\/product\/classic-world-suuri-puinen-vintage-keittio-lapsille-tarvikkeet\/"},"modified":"2026-02-27T09:32:52","modified_gmt":"2026-02-27T09:32:52","slug":"classic-world-suuri-puinen-vintage-keittio-lapsille-tarvikkeet","status":"publish","type":"product","link":"https:\/\/nordicmart.andreevmaster.com\/fi\/tuote\/classic-world-suuri-puinen-vintage-keittio-lapsille-tarvikkeet\/","title":{"rendered":"CLASSIC WORLD Suuri puinen vintage-keitti\u00f6 lapsille + tarvikkeet"},"content":{"rendered":"<p>T\u00e4m\u00e4 kaunis keitti\u00f6 CLASSIC WORLDilta on loistava valinta lapsille, jotka tykk\u00e4\u00e4v\u00e4t leikki\u00e4 erilaisia aikuisten rooleja, joita he n\u00e4kev\u00e4t arjessa. T\u00e4m\u00e4 puinen leikkikeitti\u00f6 on p\u00e4\u00e4osin vihre\u00e4 ja siin\u00e4 on kauniita kukkakuvioita, joten lapset voivat nauttia klassisesta retrotyylist\u00e4. Sarja sis\u00e4lt\u00e4\u00e4 monia toiminnallisia alueita, kuten pesualtaan, lieden, kaapit, astianpesukoneen ja paljon muuta. Vasemmalla puolella on taulu, johon lapset voivat kirjoittaa. Liedell\u00e4 he voivat leikki\u00e4 ruoanlaittoa ja saada upean kulinaarisen kokemuksen. Ominaisuudet: * lelu 3-vuotiaille ja sit\u00e4 vanhemmille lapsille, * valmistettu korkealaatuisista materiaaleista, * sarja koostuu 15 osasta, * kannustaa luovaan leikkiin, stimuloi mielikuvitusta, * stimuloi motorisia taitoja, * hauskaa ja iloista oppimista.<\/p>\n<p>Lelu kehitt\u00e4\u00e4:<\/p>\n<p>* luovuutta,<br \/>\n* k\u00e4si-silm\u00e4-koordinaatiota,<br \/>\n* mielikuvitusta,<br \/>\n* sosiaalisia taitoja,<br \/>\n* k\u00e4dentaitoja,<br \/>\n* uteliaisuutta.<\/p>\n<p>Eco-lelut on suunniteltu pienimmille lapsille ja valmistettu t\u00e4ysin luonnollisista, biohajoavista ja hypoallergeenisista materiaaleista, joten ne ovat 100 % turvallisia ja vaarattomia paitsi ymp\u00e4rist\u00f6lle my\u00f6s lapsellesi.<\/p>\n","protected":false},"excerpt":{"rendered":"<p>T\u00e4m\u00e4 kaunis keitti\u00f6 CLASSIC WORLDilta on loistava valinta lapsille, jotka tykk\u00e4\u00e4v\u00e4t leikki\u00e4 erilaisia aikuisten rooleja, joita he n\u00e4kev\u00e4t arjessa. T\u00e4m\u00e4 puinen leikkikeitti\u00f6 on p\u00e4\u00e4osin vihre\u00e4 ja siin\u00e4 on kauniita kukkakuvioita, joten lapset voivat nauttia klassisesta retrotyylist\u00e4. Sarja sis\u00e4lt\u00e4\u00e4 monia toiminnallisia alueita, kuten pesualtaan, lieden, kaapit, astianpesukoneen ja paljon muuta. Vasemmalla puolella on taulu, johon lapset [&hellip;]<\/p>\n","protected":false},"featured_media":0,"comment_status":"open","ping_status":"closed","template":"","meta":[],"product_brand":[],"product_cat":[32],"product_tag":[],"class_list":{"0":"post-30123","1":"product","2":"type-product","3":"status-publish","5":"product_cat-uncategorized-fi","7":"first","8":"instock","9":"shipping-taxable","10":"purchasable","11":"product-type-simple"},"_links":{"self":[{"href":"https:\/\/nordicmart.andreevmaster.com\/fi\/wp-json\/wp\/v2\/product\/30123","targetHints":{"allow":["GET"]}}],"collection":[{"href":"https:\/\/nordicmart.andreevmaster.com\/fi\/wp-json\/wp\/v2\/product"}],"about":[{"href":"https:\/\/nordicmart.andreevmaster.com\/fi\/wp-json\/wp\/v2\/types\/product"}],"replies":[{"embeddable":true,"href":"https:\/\/nordicmart.andreevmaster.com\/fi\/wp-json\/wp\/v2\/comments?post=30123"}],"wp:attachment":[{"href":"https:\/\/nordicmart.andreevmaster.com\/fi\/wp-json\/wp\/v2\/media?parent=30123"}],"wp:term":[{"taxonomy":"product_brand","embeddable":true,"href":"https:\/\/nordicmart.andreevmaster.com\/fi\/wp-json\/wp\/v2\/product_brand?post=30123"},{"taxonomy":"product_cat","embeddable":true,"href":"https:\/\/nordicmart.andreevmaster.com\/fi\/wp-json\/wp\/v2\/product_cat?post=30123"},{"taxonomy":"product_tag","embeddable":true,"href":"https:\/\/nordicmart.andreevmaster.com\/fi\/wp-json\/wp\/v2\/product_tag?post=30123"}],"curies":[{"name":"wp","href":"https:\/\/api.w.org\/{rel}","templated":true}]}}