{"id":30122,"date":"2026-02-27T00:08:59","date_gmt":"2026-02-27T00:08:59","guid":{"rendered":"https:\/\/nordicmart.andreevmaster.com\/product\/classic-world-puinen-rakettileikkimokki-lapsille-toimintasankarit\/"},"modified":"2026-02-27T09:32:52","modified_gmt":"2026-02-27T09:32:52","slug":"classic-world-puinen-rakettileikkimokki-lapsille-toimintasankarit","status":"publish","type":"product","link":"https:\/\/nordicmart.andreevmaster.com\/fi\/tuote\/classic-world-puinen-rakettileikkimokki-lapsille-toimintasankarit\/","title":{"rendered":"CLASSIC WORLD Puinen rakettileikkim\u00f6kki lapsille + toimintasankarit"},"content":{"rendered":"<p>Tutustu ainutlaatuiseen CLASSIC WORLD -puiseen rakettiin \u2013 suureen, monitasoiseen rakenteeseen, joka toimii sek\u00e4 avaruusaluksena ett\u00e4 astronauttien talona. Yksityiskohtaisten tasojen ja avoimen muodon ansiosta roolileikit eiv\u00e4t lopu koskaan. Sarja stimuloi mielikuvitusta ja kannustaa t\u00e4htienv\u00e4lisiin teht\u00e4viin! CLASSIC WORLD -raketti on valmistettu korkealaatuisesta luonnonpuusta, ja kaikki osat on maalattu myrkytt\u00f6mill\u00e4, turvallisilla maaleilla. T\u00e4m\u00e4 takaa lapsellesi monia tunteja turvallista hauskaa.Ominaisuudet:<\/p>\n<p>* &#8211; Suuri avaruusraketti, nukkekoti\/astronauttien talo (XL)<br \/>\n* &#8211; Monitasoinen, vakaa rakenne, jonka sivut ovat avoimet helpon p\u00e4\u00e4syn takaamiseksi<br \/>\n* &#8211; Erilaisia teemahuoneita, esim. ohjaushuone, makuuhuone<br \/>\n* &#8211; Sopii 3-vuotiaille ja sit\u00e4 vanhemmille lapsille<br \/>\n* &#8211; Valmistettu korkealaatuisesta luonnonpuusta<br \/>\n* &#8211; Lelu on maalattu myrkytt\u00f6mill\u00e4, turvallisilla maaleilla<\/p>\n<p>Setti sis\u00e4lt\u00e4\u00e4:<\/p>\n<p>* &#8211; 1x suuri puinen avaruusraketti, jossa on useita tasoja\/huoneita<br \/>\n* &#8211; 2x astronauttihahmoa<br \/>\n* &#8211; 1x puinen avaruusalus<br \/>\n* &#8211; 1x siirrett\u00e4v\u00e4 ramppi<br \/>\n* &#8211; Huonekaluja\/varusteita<\/p>\n<p>Lelu kehitt\u00e4\u00e4:<\/p>\n<p>* &#8211; Mielikuvitusta ja luovuutta<br \/>\n* &#8211; Sosiaalisia taitoja<br \/>\n* &#8211; K\u00e4sien motorisia taitoja<br \/>\n* &#8211; Loogista ajattelua<br \/>\n* &#8211; Kognitiivista tietoa<\/p>\n","protected":false},"excerpt":{"rendered":"<p>Tutustu ainutlaatuiseen CLASSIC WORLD -puiseen rakettiin \u2013 suureen, monitasoiseen rakenteeseen, joka toimii sek\u00e4 avaruusaluksena ett\u00e4 astronauttien talona. Yksityiskohtaisten tasojen ja avoimen muodon ansiosta roolileikit eiv\u00e4t lopu koskaan. Sarja stimuloi mielikuvitusta ja kannustaa t\u00e4htienv\u00e4lisiin teht\u00e4viin! CLASSIC WORLD -raketti on valmistettu korkealaatuisesta luonnonpuusta, ja kaikki osat on maalattu myrkytt\u00f6mill\u00e4, turvallisilla maaleilla. T\u00e4m\u00e4 takaa lapsellesi monia tunteja turvallista [&hellip;]<\/p>\n","protected":false},"featured_media":0,"comment_status":"open","ping_status":"closed","template":"","meta":[],"product_brand":[],"product_cat":[32],"product_tag":[],"class_list":{"0":"post-30122","1":"product","2":"type-product","3":"status-publish","5":"product_cat-uncategorized-fi","7":"first","8":"instock","9":"shipping-taxable","10":"purchasable","11":"product-type-simple"},"_links":{"self":[{"href":"https:\/\/nordicmart.andreevmaster.com\/fi\/wp-json\/wp\/v2\/product\/30122","targetHints":{"allow":["GET"]}}],"collection":[{"href":"https:\/\/nordicmart.andreevmaster.com\/fi\/wp-json\/wp\/v2\/product"}],"about":[{"href":"https:\/\/nordicmart.andreevmaster.com\/fi\/wp-json\/wp\/v2\/types\/product"}],"replies":[{"embeddable":true,"href":"https:\/\/nordicmart.andreevmaster.com\/fi\/wp-json\/wp\/v2\/comments?post=30122"}],"wp:attachment":[{"href":"https:\/\/nordicmart.andreevmaster.com\/fi\/wp-json\/wp\/v2\/media?parent=30122"}],"wp:term":[{"taxonomy":"product_brand","embeddable":true,"href":"https:\/\/nordicmart.andreevmaster.com\/fi\/wp-json\/wp\/v2\/product_brand?post=30122"},{"taxonomy":"product_cat","embeddable":true,"href":"https:\/\/nordicmart.andreevmaster.com\/fi\/wp-json\/wp\/v2\/product_cat?post=30122"},{"taxonomy":"product_tag","embeddable":true,"href":"https:\/\/nordicmart.andreevmaster.com\/fi\/wp-json\/wp\/v2\/product_tag?post=30122"}],"curies":[{"name":"wp","href":"https:\/\/api.w.org\/{rel}","templated":true}]}}