{"id":30121,"date":"2026-02-27T00:08:59","date_gmt":"2026-02-27T00:08:59","guid":{"rendered":"https:\/\/nordicmart.andreevmaster.com\/product\/classic-world-puinen-junasarja-hahmot-110-kpl\/"},"modified":"2026-02-27T09:32:52","modified_gmt":"2026-02-27T09:32:52","slug":"classic-world-puinen-junasarja-hahmot-110-kpl","status":"publish","type":"product","link":"https:\/\/nordicmart.andreevmaster.com\/fi\/tuote\/classic-world-puinen-junasarja-hahmot-110-kpl\/","title":{"rendered":"CLASSIC WORLD Puinen junasarja + hahmot 110 kpl."},"content":{"rendered":"<p>Valtava sarja Classic Worldilta. T\u00e4m\u00e4 110-osainen puinen junasarja on upea lahja kaikille lapsille, jotka tykk\u00e4\u00e4v\u00e4t leikki\u00e4 ajoneuvoilla ja pienoismalleilla. <\/p>\n<p>Ominaisuudet: <\/p>\n<p>* &#8211; T\u00e4m\u00e4 110-osainen junasarja sis\u00e4lt\u00e4\u00e4 erilaisia lis\u00e4varusteita, rakennuksia ja ajoneuvoja.* &#8211; Lapset rakastavat seikkailuja ja matkustamista ymp\u00e4ri kaupunkia lelukoneilla ja junilla.<br \/>\n* &#8211; T\u00e4m\u00e4 sarja auttaa lapsia kehitt\u00e4m\u00e4\u00e4n koordinaatiota ja ongelmanratkaisutaitoja. <\/p>\n<p>Junasarja sis\u00e4lt\u00e4\u00e4 monia elementtej\u00e4 ja lis\u00e4varusteita: <\/p>\n<p>* &#8211; juna<br \/>\n* &#8211; 2 vaunua<br \/>\n* &#8211; lelukoneita, hahmoja, puita, kylttej\u00e4 jne.* &#8211; viadukti<br \/>\n* &#8211; kiskot<\/p>\n<p>Eco-lelut on suunniteltu pienimmille lapsille, ja ne on valmistettu t\u00e4ysin luonnollisista, biohajoavista ja hypoallergeenisista materiaaleista, joten ne ovat 100 % turvallisia ja vaarattomia paitsi ymp\u00e4rist\u00f6lle my\u00f6s lapsellesi.<\/p>\n<p>Classic World on tunnettu lelujen valmistaja. Yritys asettaa korkeat vaatimukset muille valmistajille, ennen kaikkea korkealaatuisella ammattitaidollaan. Tied\u00e4mme, ett\u00e4 lapset ansaitsevat vain parhaat lelut. Classic World varmistaa t\u00e4m\u00e4n tiukan laadunvalvonnan ja tuotantoprosessin avulla. Yritys noudattaa kansainv\u00e4lisi\u00e4 laatustandardeja.<\/p>\n","protected":false},"excerpt":{"rendered":"<p>Valtava sarja Classic Worldilta. T\u00e4m\u00e4 110-osainen puinen junasarja on upea lahja kaikille lapsille, jotka tykk\u00e4\u00e4v\u00e4t leikki\u00e4 ajoneuvoilla ja pienoismalleilla. Ominaisuudet: * &#8211; T\u00e4m\u00e4 110-osainen junasarja sis\u00e4lt\u00e4\u00e4 erilaisia lis\u00e4varusteita, rakennuksia ja ajoneuvoja.* &#8211; Lapset rakastavat seikkailuja ja matkustamista ymp\u00e4ri kaupunkia lelukoneilla ja junilla. * &#8211; T\u00e4m\u00e4 sarja auttaa lapsia kehitt\u00e4m\u00e4\u00e4n koordinaatiota ja ongelmanratkaisutaitoja. Junasarja sis\u00e4lt\u00e4\u00e4 monia [&hellip;]<\/p>\n","protected":false},"featured_media":0,"comment_status":"open","ping_status":"closed","template":"","meta":[],"product_brand":[],"product_cat":[32],"product_tag":[],"class_list":{"0":"post-30121","1":"product","2":"type-product","3":"status-publish","5":"product_cat-uncategorized-fi","7":"first","8":"instock","9":"shipping-taxable","10":"purchasable","11":"product-type-simple"},"_links":{"self":[{"href":"https:\/\/nordicmart.andreevmaster.com\/fi\/wp-json\/wp\/v2\/product\/30121","targetHints":{"allow":["GET"]}}],"collection":[{"href":"https:\/\/nordicmart.andreevmaster.com\/fi\/wp-json\/wp\/v2\/product"}],"about":[{"href":"https:\/\/nordicmart.andreevmaster.com\/fi\/wp-json\/wp\/v2\/types\/product"}],"replies":[{"embeddable":true,"href":"https:\/\/nordicmart.andreevmaster.com\/fi\/wp-json\/wp\/v2\/comments?post=30121"}],"wp:attachment":[{"href":"https:\/\/nordicmart.andreevmaster.com\/fi\/wp-json\/wp\/v2\/media?parent=30121"}],"wp:term":[{"taxonomy":"product_brand","embeddable":true,"href":"https:\/\/nordicmart.andreevmaster.com\/fi\/wp-json\/wp\/v2\/product_brand?post=30121"},{"taxonomy":"product_cat","embeddable":true,"href":"https:\/\/nordicmart.andreevmaster.com\/fi\/wp-json\/wp\/v2\/product_cat?post=30121"},{"taxonomy":"product_tag","embeddable":true,"href":"https:\/\/nordicmart.andreevmaster.com\/fi\/wp-json\/wp\/v2\/product_tag?post=30121"}],"curies":[{"name":"wp","href":"https:\/\/api.w.org\/{rel}","templated":true}]}}