{"id":30120,"date":"2026-02-27T00:08:58","date_gmt":"2026-02-27T00:08:58","guid":{"rendered":"https:\/\/nordicmart.andreevmaster.com\/product\/classic-world-monitoiminen-opettavainen-raketti\/"},"modified":"2026-02-27T09:32:52","modified_gmt":"2026-02-27T09:32:52","slug":"classic-world-monitoiminen-opettavainen-raketti","status":"publish","type":"product","link":"https:\/\/nordicmart.andreevmaster.com\/fi\/tuote\/classic-world-monitoiminen-opettavainen-raketti\/","title":{"rendered":"CLASSIC WORLD Monitoiminen opettavainen raketti"},"content":{"rendered":"<p>T\u00e4m\u00e4 upea, v\u00e4rik\u00e4s ja suuri raketti Classic Worldilta on t\u00e4ydellinen lelu uteliaille pikkulapsille. T\u00e4m\u00e4n lelun etuna on, ett\u00e4 se yhdist\u00e4\u00e4 hauskanpidon ja oppimisen. Jokaisella puolella on erilainen aktiviteetti, joka takaa lelun pitk\u00e4aikaisen kiinnostavuuden ja kehityksen. Tuote on suunniteltu pienten lasten k\u00e4si\u00e4 silm\u00e4ll\u00e4 pit\u00e4en. Ter\u00e4vien reunojen puuttuminen tekee siit\u00e4 t\u00e4ysin turvallisen lapsille. Mik\u00e4\u00e4n pikkulapsi ei ohita t\u00e4llaista rakettia v\u00e4linpit\u00e4m\u00e4tt\u00f6m\u00e4sti. T\u00e4m\u00e4n raketin avulla mielikuvitus ei tunne rajoja. Hauskuus on taattu!<\/p>\n<p>Ominaisuudet<\/p>\n<p>* &#8211; eritt\u00e4in esteettinen muotoilu,<br \/>\n* &#8211; eritt\u00e4in kest\u00e4v\u00e4,<br \/>\n* &#8211; valmistettu puusta,<br \/>\n* &#8211; turvallinen lapsille,<br \/>\n* &#8211; kauniit ja voimakkaat v\u00e4rit,<br \/>\n* &#8211; jokainen sivu tarjoaa erilaisen aktiviteetin,<br \/>\n* &#8211; houkutteleva pakkaus, joka sopii lahjaksi.<\/p>\n<p>Raketin sein\u00e4t<\/p>\n<p>* &#8211; 6 eripituista moottorilenkki\u00e4,<br \/>\n* &#8211; 3 eriv\u00e4rist\u00e4 ja -muotoista helmi\u00e4 jokaisessa lenkiss\u00e4,<br \/>\n* &#8211; raketti ja planeetan pohja liikkumista varten,<br \/>\n* &#8211; hauska labyrintti avaruusolioilla,<br \/>\n* &#8211; kello ajan lukemisen oppimista varten,* &#8211; v\u00e4rik\u00e4s abakus, &#8211; peili,<br \/>\n* &#8211; lukittava ikkuna avaruusolioilla,<br \/>\n* &#8211; py\u00f6r\u00e4 v\u00e4rien sekoittamiseen,<br \/>\n* &#8211; hammaspy\u00f6r\u00e4t ja avaruusoliot toisella puolella.<\/p>\n<p>Eko-lelut ovat lapsille ja pikkulapsille suunniteltuja leluja, jotka on valmistettu t\u00e4ysin luonnollisista, biohajoavista ja hypoallergeenisista materiaaleista, joten ne ovat 100 % turvallisia ja vaarattomia paitsi ymp\u00e4rist\u00f6lle my\u00f6s lapsellesi.&lt;center&gt;&lt;iframe width=&#8221;434&#8243; height=&#8221;771&#8243; src=&#8221;https:\/\/www.youtube.com\/embed\/T8NEEEJDBUk&#8221; title=&#8221;CLASSIC WORLD Monitoiminen opetusraketti&#8221; frameborder=&#8221;0&#8243; allow=&#8221;accelerometer; autoplay; clipboard-write; encrypted-media; gyroscope; picture-in-picture; web-share&#8221; allowfullscreen&gt;&lt;\/iframe&gt;&lt;\/center&gt;<\/p>\n","protected":false},"excerpt":{"rendered":"<p>T\u00e4m\u00e4 upea, v\u00e4rik\u00e4s ja suuri raketti Classic Worldilta on t\u00e4ydellinen lelu uteliaille pikkulapsille. T\u00e4m\u00e4n lelun etuna on, ett\u00e4 se yhdist\u00e4\u00e4 hauskanpidon ja oppimisen. Jokaisella puolella on erilainen aktiviteetti, joka takaa lelun pitk\u00e4aikaisen kiinnostavuuden ja kehityksen. Tuote on suunniteltu pienten lasten k\u00e4si\u00e4 silm\u00e4ll\u00e4 pit\u00e4en. Ter\u00e4vien reunojen puuttuminen tekee siit\u00e4 t\u00e4ysin turvallisen lapsille. Mik\u00e4\u00e4n pikkulapsi ei ohita [&hellip;]<\/p>\n","protected":false},"featured_media":0,"comment_status":"open","ping_status":"closed","template":"","meta":[],"product_brand":[],"product_cat":[32],"product_tag":[],"class_list":{"0":"post-30120","1":"product","2":"type-product","3":"status-publish","5":"product_cat-uncategorized-fi","7":"first","8":"instock","9":"shipping-taxable","10":"purchasable","11":"product-type-simple"},"_links":{"self":[{"href":"https:\/\/nordicmart.andreevmaster.com\/fi\/wp-json\/wp\/v2\/product\/30120","targetHints":{"allow":["GET"]}}],"collection":[{"href":"https:\/\/nordicmart.andreevmaster.com\/fi\/wp-json\/wp\/v2\/product"}],"about":[{"href":"https:\/\/nordicmart.andreevmaster.com\/fi\/wp-json\/wp\/v2\/types\/product"}],"replies":[{"embeddable":true,"href":"https:\/\/nordicmart.andreevmaster.com\/fi\/wp-json\/wp\/v2\/comments?post=30120"}],"wp:attachment":[{"href":"https:\/\/nordicmart.andreevmaster.com\/fi\/wp-json\/wp\/v2\/media?parent=30120"}],"wp:term":[{"taxonomy":"product_brand","embeddable":true,"href":"https:\/\/nordicmart.andreevmaster.com\/fi\/wp-json\/wp\/v2\/product_brand?post=30120"},{"taxonomy":"product_cat","embeddable":true,"href":"https:\/\/nordicmart.andreevmaster.com\/fi\/wp-json\/wp\/v2\/product_cat?post=30120"},{"taxonomy":"product_tag","embeddable":true,"href":"https:\/\/nordicmart.andreevmaster.com\/fi\/wp-json\/wp\/v2\/product_tag?post=30120"}],"curies":[{"name":"wp","href":"https:\/\/api.w.org\/{rel}","templated":true}]}}