{"id":30119,"date":"2026-02-27T00:08:58","date_gmt":"2026-02-27T00:08:58","guid":{"rendered":"https:\/\/nordicmart.andreevmaster.com\/product\/classic-world-puinen-klassinen-piano-oppikirja\/"},"modified":"2026-02-27T09:32:51","modified_gmt":"2026-02-27T09:32:51","slug":"classic-world-puinen-klassinen-piano-oppikirja","status":"publish","type":"product","link":"https:\/\/nordicmart.andreevmaster.com\/fi\/tuote\/classic-world-puinen-klassinen-piano-oppikirja\/","title":{"rendered":"CLASSIC WORLD Puinen klassinen piano + oppikirja"},"content":{"rendered":"<p>Classic World puinen piano lapsille \u2013 18 n\u00e4pp\u00e4int\u00e4<\/p>\n<p>Classic World puinen piano on tyylik\u00e4s oppimislelu, joka tutustuttaa lapset musiikin maailmaan helposti ja kiinnostavasti. Esteettisen p\u00e4hkin\u00e4puun j\u00e4ljitelm\u00e4pintansa ja kompaktin muotonsa ansiosta se sopii erinomaisesti sek\u00e4 oppimisv\u00e4lineeksi ett\u00e4 koristeeksi lastenhuoneeseen.#### Ominaisuudet:<\/p>\n<p>* &#8211; 18-koskettiminen n\u00e4pp\u00e4imist\u00f6 \u2013 lasten on helppo oppia perusmelodioita ja -\u00e4\u00e4ni\u00e4,<br \/>\n* &#8211; Kirjainmerkinn\u00e4t koskettimissa \u2013 helpottavat nuottien tunnistamista ja ensimm\u00e4isten soittotaitojen oppimista,<br \/>\n* &#8211; Puinen rakenne \u2013 kest\u00e4v\u00e4 ja turvallinen, valmistettu lapsille sopivista materiaaleista,<br \/>\n* &#8211; Esteettinen muotoilu \u2013 klassinen ulkon\u00e4k\u00f6, joka muistuttaa miniakustista pianoa,<br \/>\n* &#8211; Pienille lapsille sopiva \u00e4\u00e4ni \u2013 miellytt\u00e4v\u00e4, huomaamaton \u00e4\u00e4ni,<br \/>\n* &#8211; Vakaa rakenne \u2013 takaa turvallisuuden soittamisen aikana.<\/p>\n<p>Setti sis\u00e4lt\u00e4\u00e4:<\/p>\n<p>* &#8211; Puinen piano<br \/>\n* &#8211; Oppikirja<\/p>\n<p>Lelu kehitt\u00e4\u00e4:<\/p>\n<p>* &#8211; k\u00e4den taitoja<br \/>\n* &#8211; luovuutta ja mielikuvitusta<br \/>\n* &#8211; k\u00e4tevyytt\u00e4<br \/>\n* &#8211; kuuloaistia<br \/>\n* &#8211; koordinaatiota<\/p>\n","protected":false},"excerpt":{"rendered":"<p>Classic World puinen piano lapsille \u2013 18 n\u00e4pp\u00e4int\u00e4 Classic World puinen piano on tyylik\u00e4s oppimislelu, joka tutustuttaa lapset musiikin maailmaan helposti ja kiinnostavasti. Esteettisen p\u00e4hkin\u00e4puun j\u00e4ljitelm\u00e4pintansa ja kompaktin muotonsa ansiosta se sopii erinomaisesti sek\u00e4 oppimisv\u00e4lineeksi ett\u00e4 koristeeksi lastenhuoneeseen.#### Ominaisuudet: * &#8211; 18-koskettiminen n\u00e4pp\u00e4imist\u00f6 \u2013 lasten on helppo oppia perusmelodioita ja -\u00e4\u00e4ni\u00e4, * &#8211; Kirjainmerkinn\u00e4t koskettimissa [&hellip;]<\/p>\n","protected":false},"featured_media":0,"comment_status":"open","ping_status":"closed","template":"","meta":[],"product_brand":[],"product_cat":[32],"product_tag":[],"class_list":{"0":"post-30119","1":"product","2":"type-product","3":"status-publish","5":"product_cat-uncategorized-fi","7":"first","8":"instock","9":"shipping-taxable","10":"purchasable","11":"product-type-simple"},"_links":{"self":[{"href":"https:\/\/nordicmart.andreevmaster.com\/fi\/wp-json\/wp\/v2\/product\/30119","targetHints":{"allow":["GET"]}}],"collection":[{"href":"https:\/\/nordicmart.andreevmaster.com\/fi\/wp-json\/wp\/v2\/product"}],"about":[{"href":"https:\/\/nordicmart.andreevmaster.com\/fi\/wp-json\/wp\/v2\/types\/product"}],"replies":[{"embeddable":true,"href":"https:\/\/nordicmart.andreevmaster.com\/fi\/wp-json\/wp\/v2\/comments?post=30119"}],"wp:attachment":[{"href":"https:\/\/nordicmart.andreevmaster.com\/fi\/wp-json\/wp\/v2\/media?parent=30119"}],"wp:term":[{"taxonomy":"product_brand","embeddable":true,"href":"https:\/\/nordicmart.andreevmaster.com\/fi\/wp-json\/wp\/v2\/product_brand?post=30119"},{"taxonomy":"product_cat","embeddable":true,"href":"https:\/\/nordicmart.andreevmaster.com\/fi\/wp-json\/wp\/v2\/product_cat?post=30119"},{"taxonomy":"product_tag","embeddable":true,"href":"https:\/\/nordicmart.andreevmaster.com\/fi\/wp-json\/wp\/v2\/product_tag?post=30119"}],"curies":[{"name":"wp","href":"https:\/\/api.w.org\/{rel}","templated":true}]}}