{"id":30118,"date":"2026-02-27T00:08:58","date_gmt":"2026-02-27T00:08:58","guid":{"rendered":"https:\/\/nordicmart.andreevmaster.com\/product\/classic-world-vintage-piano-learning-book-2\/"},"modified":"2026-02-27T09:32:51","modified_gmt":"2026-02-27T09:32:51","slug":"classic-world-vintage-piano-learning-book-2","status":"publish","type":"product","link":"https:\/\/nordicmart.andreevmaster.com\/fi\/tuote\/classic-world-vintage-piano-learning-book-2\/","title":{"rendered":"CLASSIC WORLD Vintage Piano + Learning Book"},"content":{"rendered":"<p>Classic World -piano antaa lapsellesi mahdollisuuden l\u00f6yt\u00e4\u00e4 lahjakkuuden, joka voi muokata koko h\u00e4nen aikuisel\u00e4m\u00e4\u00e4ns\u00e4. Piano on kauniisti valmistettu puusta, joka on maalattu vihre\u00e4ksi. Sen soittaminen on paitsi upea musiikillinen kokemus, my\u00f6s oppimismahdollisuus pienille lapsille. Koskettimien koskettelu parantaa heid\u00e4n k\u00e4tevyytt\u00e4\u00e4n ja koordinaatiotaan. Se stimuloi kognitiivista ymm\u00e4rryst\u00e4 musiikista ja her\u00e4tt\u00e4\u00e4 puhdasta iloa oppimisesta. Classic Worldin piano on valmistettu korkealaatuisista materiaaleista ja palvelee lasta monien vuosien ajan. Suunniteltu 18 kuukauden ik\u00e4isille lapsille.<\/p>\n<p>* &#8211; 18 kuukaudesta alkaen<br \/>\n* &#8211; puusta valmistettu tuote<br \/>\n* &#8211; soittamisen oppiminen on hauskaa ja auttaa kehitt\u00e4m\u00e4\u00e4n kykyj\u00e4<br \/>\n* &#8211; lelut on mallinnettu todellisten soittimien mukaan, mik\u00e4 innostaa pient\u00e4 taiteilijaa aloittamaan oppimisen<br \/>\n* &#8211; Soittaminen vaikuttaa positiivisesti pienten lasten kehitykseen altistamalla heid\u00e4t musiikille<br \/>\n* &#8211; Vintage-tyylinen tuote<\/p>\n<p>Setti sis\u00e4lt\u00e4\u00e4:<\/p>\n<p>* &#8211; piano<br \/>\n* &#8211; oppikirja<\/p>\n<p>Lelu kehitt\u00e4\u00e4:<\/p>\n<p>* &#8211; k\u00e4tevyytt\u00e4<br \/>\n* &#8211; liikkeiden tarkkuutta<br \/>\n* &#8211; k\u00e4dentaitoja<br \/>\n* &#8211; kuuloaistia<br \/>\n* &#8211; koordinaatiota<\/p>\n","protected":false},"excerpt":{"rendered":"<p>Classic World -piano antaa lapsellesi mahdollisuuden l\u00f6yt\u00e4\u00e4 lahjakkuuden, joka voi muokata koko h\u00e4nen aikuisel\u00e4m\u00e4\u00e4ns\u00e4. Piano on kauniisti valmistettu puusta, joka on maalattu vihre\u00e4ksi. Sen soittaminen on paitsi upea musiikillinen kokemus, my\u00f6s oppimismahdollisuus pienille lapsille. Koskettimien koskettelu parantaa heid\u00e4n k\u00e4tevyytt\u00e4\u00e4n ja koordinaatiotaan. Se stimuloi kognitiivista ymm\u00e4rryst\u00e4 musiikista ja her\u00e4tt\u00e4\u00e4 puhdasta iloa oppimisesta. Classic Worldin piano on [&hellip;]<\/p>\n","protected":false},"featured_media":0,"comment_status":"open","ping_status":"closed","template":"","meta":[],"product_brand":[],"product_cat":[32],"product_tag":[],"class_list":{"0":"post-30118","1":"product","2":"type-product","3":"status-publish","5":"product_cat-uncategorized-fi","7":"first","8":"instock","9":"shipping-taxable","10":"purchasable","11":"product-type-simple"},"_links":{"self":[{"href":"https:\/\/nordicmart.andreevmaster.com\/fi\/wp-json\/wp\/v2\/product\/30118","targetHints":{"allow":["GET"]}}],"collection":[{"href":"https:\/\/nordicmart.andreevmaster.com\/fi\/wp-json\/wp\/v2\/product"}],"about":[{"href":"https:\/\/nordicmart.andreevmaster.com\/fi\/wp-json\/wp\/v2\/types\/product"}],"replies":[{"embeddable":true,"href":"https:\/\/nordicmart.andreevmaster.com\/fi\/wp-json\/wp\/v2\/comments?post=30118"}],"wp:attachment":[{"href":"https:\/\/nordicmart.andreevmaster.com\/fi\/wp-json\/wp\/v2\/media?parent=30118"}],"wp:term":[{"taxonomy":"product_brand","embeddable":true,"href":"https:\/\/nordicmart.andreevmaster.com\/fi\/wp-json\/wp\/v2\/product_brand?post=30118"},{"taxonomy":"product_cat","embeddable":true,"href":"https:\/\/nordicmart.andreevmaster.com\/fi\/wp-json\/wp\/v2\/product_cat?post=30118"},{"taxonomy":"product_tag","embeddable":true,"href":"https:\/\/nordicmart.andreevmaster.com\/fi\/wp-json\/wp\/v2\/product_tag?post=30118"}],"curies":[{"name":"wp","href":"https:\/\/api.w.org\/{rel}","templated":true}]}}