{"id":30117,"date":"2026-02-27T00:08:58","date_gmt":"2026-02-27T00:08:58","guid":{"rendered":"https:\/\/nordicmart.andreevmaster.com\/product\/classic-world-musiikkipiano-lapsille-jotka-oppivat-soittamaan-kirjanen\/"},"modified":"2026-02-27T09:32:51","modified_gmt":"2026-02-27T09:32:51","slug":"classic-world-musiikkipiano-lapsille-jotka-oppivat-soittamaan-kirjanen","status":"publish","type":"product","link":"https:\/\/nordicmart.andreevmaster.com\/fi\/tuote\/classic-world-musiikkipiano-lapsille-jotka-oppivat-soittamaan-kirjanen\/","title":{"rendered":"CLASSIC WORLD Musiikkipiano lapsille, jotka oppivat soittamaan + kirjanen"},"content":{"rendered":"<p>Classic World -musiikkipiano on t\u00e4ydellinen valinta pienille musiikin tutkijoille. V\u00e4rikk\u00e4ill\u00e4 koskettimilla ja mukana tulevalla nuottikirjalla 18 kuukauden ik\u00e4iset lapset voivat aloittaa seikkailunsa musiikin parissa. Lelu on maalattu myrkytt\u00f6m\u00e4ll\u00e4 lakalla, mik\u00e4 takaa turvallisuuden leikin aikana. Ihanteellinen pikkulapsille, jotka haluavat kehitt\u00e4\u00e4 musiikillisia kykyj\u00e4\u00e4n luovalla ja turvallisella tavalla.Ominaisuudet:<\/p>\n<p>* &#8211; Ik\u00e4: 18 kuukaudesta alkaen<br \/>\n* &#8211; Materiaali: puu<br \/>\n* &#8211; V\u00e4rit: pastelliv\u00e4rit, silmille miellytt\u00e4v\u00e4t<br \/>\n* &#8211; Turvallisuus: maalattu myrkytt\u00f6m\u00e4ll\u00e4 lakalla<br \/>\n* &#8211; Muotoilu: innoittamana todelliset soittimet<\/p>\n<p>Setti sis\u00e4lt\u00e4\u00e4:<\/p>\n<p>* &#8211; Pianon v\u00e4rikk\u00e4ill\u00e4 koskettimilla<br \/>\n* &#8211; Kirjanen, jossa on musiikillisia esimerkkej\u00e4<\/p>\n<p>Lelu kehitt\u00e4\u00e4:<\/p>\n<p>* &#8211; K\u00e4sien liikkeiden tarkkuutta ja ketteryytt\u00e4<br \/>\n* &#8211; K\u00e4sien taitoja<br \/>\n* &#8211; Kuulohavaintoa<br \/>\n* &#8211; Johdattaa lapset musiikin maailmaan<br \/>\n* &#8211; Kehitt\u00e4\u00e4 musiikillista herkkyytt\u00e4<\/p>\n","protected":false},"excerpt":{"rendered":"<p>Classic World -musiikkipiano on t\u00e4ydellinen valinta pienille musiikin tutkijoille. V\u00e4rikk\u00e4ill\u00e4 koskettimilla ja mukana tulevalla nuottikirjalla 18 kuukauden ik\u00e4iset lapset voivat aloittaa seikkailunsa musiikin parissa. Lelu on maalattu myrkytt\u00f6m\u00e4ll\u00e4 lakalla, mik\u00e4 takaa turvallisuuden leikin aikana. Ihanteellinen pikkulapsille, jotka haluavat kehitt\u00e4\u00e4 musiikillisia kykyj\u00e4\u00e4n luovalla ja turvallisella tavalla.Ominaisuudet: * &#8211; Ik\u00e4: 18 kuukaudesta alkaen * &#8211; Materiaali: puu [&hellip;]<\/p>\n","protected":false},"featured_media":0,"comment_status":"open","ping_status":"closed","template":"","meta":[],"product_brand":[],"product_cat":[32],"product_tag":[],"class_list":{"0":"post-30117","1":"product","2":"type-product","3":"status-publish","5":"product_cat-uncategorized-fi","7":"first","8":"instock","9":"shipping-taxable","10":"purchasable","11":"product-type-simple"},"_links":{"self":[{"href":"https:\/\/nordicmart.andreevmaster.com\/fi\/wp-json\/wp\/v2\/product\/30117","targetHints":{"allow":["GET"]}}],"collection":[{"href":"https:\/\/nordicmart.andreevmaster.com\/fi\/wp-json\/wp\/v2\/product"}],"about":[{"href":"https:\/\/nordicmart.andreevmaster.com\/fi\/wp-json\/wp\/v2\/types\/product"}],"replies":[{"embeddable":true,"href":"https:\/\/nordicmart.andreevmaster.com\/fi\/wp-json\/wp\/v2\/comments?post=30117"}],"wp:attachment":[{"href":"https:\/\/nordicmart.andreevmaster.com\/fi\/wp-json\/wp\/v2\/media?parent=30117"}],"wp:term":[{"taxonomy":"product_brand","embeddable":true,"href":"https:\/\/nordicmart.andreevmaster.com\/fi\/wp-json\/wp\/v2\/product_brand?post=30117"},{"taxonomy":"product_cat","embeddable":true,"href":"https:\/\/nordicmart.andreevmaster.com\/fi\/wp-json\/wp\/v2\/product_cat?post=30117"},{"taxonomy":"product_tag","embeddable":true,"href":"https:\/\/nordicmart.andreevmaster.com\/fi\/wp-json\/wp\/v2\/product_tag?post=30117"}],"curies":[{"name":"wp","href":"https:\/\/api.w.org\/{rel}","templated":true}]}}