{"id":30116,"date":"2026-02-27T00:08:57","date_gmt":"2026-02-27T00:08:57","guid":{"rendered":"https:\/\/nordicmart.andreevmaster.com\/product\/classic-world-musta-piano\/"},"modified":"2026-02-27T09:32:51","modified_gmt":"2026-02-27T09:32:51","slug":"classic-world-musta-piano","status":"publish","type":"product","link":"https:\/\/nordicmart.andreevmaster.com\/fi\/tuote\/classic-world-musta-piano\/","title":{"rendered":"CLASSIC WORLD Musta piano"},"content":{"rendered":"<p>* &#8211; Tuote on valmistettu puusta.<br \/>\n* &#8211; Lelu on maalattu myrkytt\u00f6m\u00e4ll\u00e4 lakalla.<br \/>\n* &#8211; Soittamisen oppiminen on hauskaa ja auttaa kehitt\u00e4m\u00e4\u00e4n kykyj\u00e4.<br \/>\n* &#8211; Lelut on mallinnettu todellisten soittimien mukaan, mik\u00e4 innostaa pient\u00e4 taiteilijaa aloittamaan oppimisen.<br \/>\n* &#8211; Soittimien soittaminen vaikuttaa my\u00f6nteisesti pienten lasten kehitykseen, koska se altistaa heid\u00e4t musiikille.<\/p>\n<p>* &#8211; k\u00e4tevyytt\u00e4,<br \/>\n* &#8211; liikkeiden tarkkuutta,<br \/>\n* &#8211; k\u00e4dentaitoja,<br \/>\n* &#8211; kuuloaistia.<\/p>\n<p>Eco-lelut on suunniteltu pienimmille lapsille, ja ne on valmistettu t\u00e4ysin luonnollisista, biohajoavista ja hypoallergeenisista materiaaleista, joten ne ovat 100 % turvallisia ja vaarattomia paitsi ymp\u00e4rist\u00f6lle my\u00f6s lapsellesi.<\/p>\n<p>Classic World -lelut avaavat lapsille uuden ulottuvuuden fantastista hauskanpitoa! Classic World on puinen, ymp\u00e4rist\u00f6yst\u00e4v\u00e4llinen lelusarja, joka on suunniteltu paitsi hauskanpitoon my\u00f6s lasten luovuuden ja tunneherkkyyden kehitt\u00e4miseen sek\u00e4 yst\u00e4vien saamisen opettamiseen. Erityisen maininnan ansaitsevat Classic Worldin musiikkilelut, jotka auttavat kehitt\u00e4m\u00e4\u00e4n pienten lasten musiikillista herkkyytt\u00e4.<\/p>\n<p>Huomio! Lifestyle-kuvissa on sama malli eri v\u00e4rivaihtoehdossa.<\/p>\n","protected":false},"excerpt":{"rendered":"<p>* &#8211; Tuote on valmistettu puusta. * &#8211; Lelu on maalattu myrkytt\u00f6m\u00e4ll\u00e4 lakalla. * &#8211; Soittamisen oppiminen on hauskaa ja auttaa kehitt\u00e4m\u00e4\u00e4n kykyj\u00e4. * &#8211; Lelut on mallinnettu todellisten soittimien mukaan, mik\u00e4 innostaa pient\u00e4 taiteilijaa aloittamaan oppimisen. * &#8211; Soittimien soittaminen vaikuttaa my\u00f6nteisesti pienten lasten kehitykseen, koska se altistaa heid\u00e4t musiikille. * &#8211; k\u00e4tevyytt\u00e4, * [&hellip;]<\/p>\n","protected":false},"featured_media":0,"comment_status":"open","ping_status":"closed","template":"","meta":[],"product_brand":[],"product_cat":[32],"product_tag":[],"class_list":{"0":"post-30116","1":"product","2":"type-product","3":"status-publish","5":"product_cat-uncategorized-fi","7":"first","8":"instock","9":"shipping-taxable","10":"purchasable","11":"product-type-simple"},"_links":{"self":[{"href":"https:\/\/nordicmart.andreevmaster.com\/fi\/wp-json\/wp\/v2\/product\/30116","targetHints":{"allow":["GET"]}}],"collection":[{"href":"https:\/\/nordicmart.andreevmaster.com\/fi\/wp-json\/wp\/v2\/product"}],"about":[{"href":"https:\/\/nordicmart.andreevmaster.com\/fi\/wp-json\/wp\/v2\/types\/product"}],"replies":[{"embeddable":true,"href":"https:\/\/nordicmart.andreevmaster.com\/fi\/wp-json\/wp\/v2\/comments?post=30116"}],"wp:attachment":[{"href":"https:\/\/nordicmart.andreevmaster.com\/fi\/wp-json\/wp\/v2\/media?parent=30116"}],"wp:term":[{"taxonomy":"product_brand","embeddable":true,"href":"https:\/\/nordicmart.andreevmaster.com\/fi\/wp-json\/wp\/v2\/product_brand?post=30116"},{"taxonomy":"product_cat","embeddable":true,"href":"https:\/\/nordicmart.andreevmaster.com\/fi\/wp-json\/wp\/v2\/product_cat?post=30116"},{"taxonomy":"product_tag","embeddable":true,"href":"https:\/\/nordicmart.andreevmaster.com\/fi\/wp-json\/wp\/v2\/product_tag?post=30116"}],"curies":[{"name":"wp","href":"https:\/\/api.w.org\/{rel}","templated":true}]}}