{"id":30114,"date":"2026-02-27T00:08:57","date_gmt":"2026-02-27T00:08:57","guid":{"rendered":"https:\/\/nordicmart.andreevmaster.com\/product\/classic-world-edu-soitinsetti-9-lisavarustetta\/"},"modified":"2026-02-27T09:32:50","modified_gmt":"2026-02-27T09:32:50","slug":"classic-world-edu-soitinsetti-9-lisavarustetta","status":"publish","type":"product","link":"https:\/\/nordicmart.andreevmaster.com\/fi\/tuote\/classic-world-edu-soitinsetti-9-lisavarustetta\/","title":{"rendered":"CLASSIC WORLD EDU Soitinsetti, 9 lis\u00e4varustetta"},"content":{"rendered":"<p>T\u00e4m\u00e4 tunnettujen Classic World -tuotemerkin soittimet ovat t\u00e4ydellinen tuote lapsellesi. Lelu auttaa lasta harjoittelemaan k\u00e4si- ja kuulotaitojaan sek\u00e4 vahvistamaan luonnollista rytmitajua. Sarja sis\u00e4lt\u00e4\u00e4 9 soittinta, jotka tulevat olemaan olennainen osa jokap\u00e4iv\u00e4ist\u00e4 leikki\u00e4. Se on t\u00e4ydellinen tuote mukaan otettavaksi matkalle, sill\u00e4 se toimitetaan k\u00e4tev\u00e4ss\u00e4 laukussa.Ominaisuudet:<\/p>\n<p>* &#8211; 3-vuotiaille ja sit\u00e4 vanhemmille,<br \/>\n* &#8211; puutuotteet on maalattu myrkytt\u00f6mill\u00e4 maaleilla,<br \/>\n* &#8211; sarja sis\u00e4lt\u00e4\u00e4 9 instrumenttia,<br \/>\n* &#8211; pakattu alkuper\u00e4iseen laukkuun.<\/p>\n<p>Sarja sis\u00e4lt\u00e4\u00e4:<\/p>\n<p>* &#8211; puinen agogo ja keppi,<br \/>\n* &#8211; puiset kastanjetit,<br \/>\n* &#8211; puinen guiro ja keppi,<br \/>\n* &#8211; puiset claves,<br \/>\n* &#8211; puiset marakassit,<br \/>\n* &#8211; kolmio ja keppi,<br \/>\n* &#8211; symbaalit,<br \/>\n* &#8211; 2 kulkusia.<\/p>\n<p>Lelu kehitt\u00e4\u00e4:<\/p>\n<p>* &#8211; kuulokoordinaatiota,<br \/>\n* &#8211; k\u00e4tevyytt\u00e4,<br \/>\n* &#8211; luonnollista rytmitajua,<br \/>\n* &#8211; mielikuvitusta.<\/p>\n<p>Eko-lelut on suunniteltu pienimmille lapsille, ja ne on valmistettu t\u00e4ysin luonnollisista, biohajoavista ja hypoallergeenisista materiaaleista, joten ne ovat 100 % turvallisia ja vaarattomia paitsi ymp\u00e4rist\u00f6lle my\u00f6s lapsellesi.<\/p>\n<p>Classic World -lelut avaavat lapsille uuden ulottuvuuden fantastista hauskanpitoa! Classic World on puinen, ymp\u00e4rist\u00f6yst\u00e4v\u00e4llinen lelusarja, joka on suunniteltu paitsi viihdytt\u00e4m\u00e4\u00e4n my\u00f6s kehitt\u00e4m\u00e4\u00e4n lasten luovuutta, tunneherkkyytt\u00e4 ja opettamaan heit\u00e4 yst\u00e4vystym\u00e4\u00e4n. Erityisen maininnan ansaitsevat Classic Worldin musiikkilelut, jotka auttavat kehitt\u00e4m\u00e4\u00e4n pienten lasten musiikillista herkkyytt\u00e4.<\/p>\n","protected":false},"excerpt":{"rendered":"<p>T\u00e4m\u00e4 tunnettujen Classic World -tuotemerkin soittimet ovat t\u00e4ydellinen tuote lapsellesi. Lelu auttaa lasta harjoittelemaan k\u00e4si- ja kuulotaitojaan sek\u00e4 vahvistamaan luonnollista rytmitajua. Sarja sis\u00e4lt\u00e4\u00e4 9 soittinta, jotka tulevat olemaan olennainen osa jokap\u00e4iv\u00e4ist\u00e4 leikki\u00e4. Se on t\u00e4ydellinen tuote mukaan otettavaksi matkalle, sill\u00e4 se toimitetaan k\u00e4tev\u00e4ss\u00e4 laukussa.Ominaisuudet: * &#8211; 3-vuotiaille ja sit\u00e4 vanhemmille, * &#8211; puutuotteet on maalattu [&hellip;]<\/p>\n","protected":false},"featured_media":0,"comment_status":"open","ping_status":"closed","template":"","meta":[],"product_brand":[],"product_cat":[32],"product_tag":[],"class_list":{"0":"post-30114","1":"product","2":"type-product","3":"status-publish","5":"product_cat-uncategorized-fi","7":"first","8":"instock","9":"shipping-taxable","10":"purchasable","11":"product-type-simple"},"_links":{"self":[{"href":"https:\/\/nordicmart.andreevmaster.com\/fi\/wp-json\/wp\/v2\/product\/30114","targetHints":{"allow":["GET"]}}],"collection":[{"href":"https:\/\/nordicmart.andreevmaster.com\/fi\/wp-json\/wp\/v2\/product"}],"about":[{"href":"https:\/\/nordicmart.andreevmaster.com\/fi\/wp-json\/wp\/v2\/types\/product"}],"replies":[{"embeddable":true,"href":"https:\/\/nordicmart.andreevmaster.com\/fi\/wp-json\/wp\/v2\/comments?post=30114"}],"wp:attachment":[{"href":"https:\/\/nordicmart.andreevmaster.com\/fi\/wp-json\/wp\/v2\/media?parent=30114"}],"wp:term":[{"taxonomy":"product_brand","embeddable":true,"href":"https:\/\/nordicmart.andreevmaster.com\/fi\/wp-json\/wp\/v2\/product_brand?post=30114"},{"taxonomy":"product_cat","embeddable":true,"href":"https:\/\/nordicmart.andreevmaster.com\/fi\/wp-json\/wp\/v2\/product_cat?post=30114"},{"taxonomy":"product_tag","embeddable":true,"href":"https:\/\/nordicmart.andreevmaster.com\/fi\/wp-json\/wp\/v2\/product_tag?post=30114"}],"curies":[{"name":"wp","href":"https:\/\/api.w.org\/{rel}","templated":true}]}}