{"id":30113,"date":"2026-02-27T00:08:57","date_gmt":"2026-02-27T00:08:57","guid":{"rendered":"https:\/\/nordicmart.andreevmaster.com\/product\/classic-world-monitoiminen-puinen-tyontoleikkikalu\/"},"modified":"2026-02-27T09:32:50","modified_gmt":"2026-02-27T09:32:50","slug":"classic-world-monitoiminen-puinen-tyontoleikkikalu","status":"publish","type":"product","link":"https:\/\/nordicmart.andreevmaster.com\/fi\/tuote\/classic-world-monitoiminen-puinen-tyontoleikkikalu\/","title":{"rendered":"CLASSIC WORLD Monitoiminen puinen ty\u00f6nt\u00f6leikkikalu"},"content":{"rendered":"<p>Upea puinen ty\u00f6nt\u00f6leikkikalu Classic Worldilta 18 kuukauden ik\u00e4isille ja sit\u00e4 vanhemmille lapsille. Se on valmistettu kokonaan puusta ja sill\u00e4 on upea klassinen ulkon\u00e4k\u00f6. Lelu on varustettu monilla liikkuvilla osilla, jotka tuovat vaihtelua leikkiin. Ominaisuudet: * &#8211; Classic Worldin puinen ty\u00f6nt\u00f6leikkikalu on loistava lahjaidea 18 kuukauden ik\u00e4iselle lapselle. * &#8211; 18 kuukauden ik\u00e4inen lapsi kehittyy hyvin nopeasti, joten h\u00e4n tarvitsee stimulaatiota kehityksens\u00e4 oikean etenemisen varmistamiseksi.* &#8211; Upea, klassinen muotoilu. * &#8211; Siin\u00e4 on hiljaiset py\u00f6r\u00e4t. T\u00e4m\u00e4 upea lasten lelu sis\u00e4lt\u00e4\u00e4 monia lis\u00e4ominaisuuksia: * &#8211; ksylofoni, * &#8211; lasten sokkelot, * &#8211; kello liikkuvilla osoittimilla, * &#8211; liikkuvat osat: py\u00f6riv\u00e4t, liukuvat jne.* &#8211; kolmiulotteinen lajittelija. Lelu kehitt\u00e4\u00e4:* &#8211; motorisia taitoja,* &#8211; k\u00e4sien ja jalkojen k\u00e4tevyytt\u00e4,* &#8211; k\u00e4velytaitoja,* &#8211; liikuntakyky\u00e4.<\/p>\n<p>Eko-lelut on suunniteltu pienimmille lapsille ja ne on valmistettu t\u00e4ysin luonnollisista, biohajoavista ja hypoallergeenisista materiaaleista, joten ne ovat 100 % turvallisia ja vaarattomia paitsi ymp\u00e4rist\u00f6lle my\u00f6s lapsellesi. <\/p>\n<p>Classic World on tunnettu lelujen valmistaja. Yritys asettaa korkeat vaatimukset muille valmistajille, ennen kaikkea korkealaatuisella ammattitaidollaan. Tied\u00e4mme, ett\u00e4 lapset ansaitsevat vain parhaat lelut. Classic World varmistaa t\u00e4m\u00e4n tiukan laadunvalvonnan ja tuotantoprosessin avulla. Yritys noudattaa kansainv\u00e4lisi\u00e4 laatustandardeja. Classic World on sitoutunut huolehtimaan ymp\u00e4rist\u00f6st\u00e4 istuttamalla yhden uuden puun jokaista tuotannossa k\u00e4ytetty\u00e4 puuta kohden.<\/p>\n","protected":false},"excerpt":{"rendered":"<p>Upea puinen ty\u00f6nt\u00f6leikkikalu Classic Worldilta 18 kuukauden ik\u00e4isille ja sit\u00e4 vanhemmille lapsille. Se on valmistettu kokonaan puusta ja sill\u00e4 on upea klassinen ulkon\u00e4k\u00f6. Lelu on varustettu monilla liikkuvilla osilla, jotka tuovat vaihtelua leikkiin. Ominaisuudet: * &#8211; Classic Worldin puinen ty\u00f6nt\u00f6leikkikalu on loistava lahjaidea 18 kuukauden ik\u00e4iselle lapselle. * &#8211; 18 kuukauden ik\u00e4inen lapsi kehittyy hyvin [&hellip;]<\/p>\n","protected":false},"featured_media":0,"comment_status":"open","ping_status":"closed","template":"","meta":[],"product_brand":[],"product_cat":[32],"product_tag":[],"class_list":{"0":"post-30113","1":"product","2":"type-product","3":"status-publish","5":"product_cat-uncategorized-fi","7":"first","8":"instock","9":"shipping-taxable","10":"purchasable","11":"product-type-simple"},"_links":{"self":[{"href":"https:\/\/nordicmart.andreevmaster.com\/fi\/wp-json\/wp\/v2\/product\/30113","targetHints":{"allow":["GET"]}}],"collection":[{"href":"https:\/\/nordicmart.andreevmaster.com\/fi\/wp-json\/wp\/v2\/product"}],"about":[{"href":"https:\/\/nordicmart.andreevmaster.com\/fi\/wp-json\/wp\/v2\/types\/product"}],"replies":[{"embeddable":true,"href":"https:\/\/nordicmart.andreevmaster.com\/fi\/wp-json\/wp\/v2\/comments?post=30113"}],"wp:attachment":[{"href":"https:\/\/nordicmart.andreevmaster.com\/fi\/wp-json\/wp\/v2\/media?parent=30113"}],"wp:term":[{"taxonomy":"product_brand","embeddable":true,"href":"https:\/\/nordicmart.andreevmaster.com\/fi\/wp-json\/wp\/v2\/product_brand?post=30113"},{"taxonomy":"product_cat","embeddable":true,"href":"https:\/\/nordicmart.andreevmaster.com\/fi\/wp-json\/wp\/v2\/product_cat?post=30113"},{"taxonomy":"product_tag","embeddable":true,"href":"https:\/\/nordicmart.andreevmaster.com\/fi\/wp-json\/wp\/v2\/product_tag?post=30113"}],"curies":[{"name":"wp","href":"https:\/\/api.w.org\/{rel}","templated":true}]}}