{"id":30112,"date":"2026-02-27T00:08:57","date_gmt":"2026-02-27T00:08:57","guid":{"rendered":"https:\/\/nordicmart.andreevmaster.com\/product\/classic-world-puinen-rakennuspalikkasarja-forest-world-100-kpl\/"},"modified":"2026-02-27T09:32:50","modified_gmt":"2026-02-27T09:32:50","slug":"classic-world-puinen-rakennuspalikkasarja-forest-world-100-kpl","status":"publish","type":"product","link":"https:\/\/nordicmart.andreevmaster.com\/fi\/tuote\/classic-world-puinen-rakennuspalikkasarja-forest-world-100-kpl\/","title":{"rendered":"CLASSIC WORLD Puinen rakennuspalikkasarja Forest World 100 kpl."},"content":{"rendered":"<p>Classic Worldin mets\u00e4\u00e4n teemalla varustetut puupalikat ovat luova setti, joka vie lapset mets\u00e4n seikkailujen maailmaan. Erilaisien muotojen ja v\u00e4rien ansiosta pienet voivat vapaasti rakentaa omia rakennelmiaan ja kehitt\u00e4\u00e4 mielikuvitustaan ja luovuuttaan. El\u00e4in-, puu- ja luontomotiivit kannustavat itsen\u00e4iseen ja yhteisty\u00f6h\u00f6n perustuvaan leikkiin sek\u00e4 kotona ett\u00e4 p\u00e4iv\u00e4kodissa.Ominaisuudet:<\/p>\n<p>* &#8211; Sarja sis\u00e4lt\u00e4\u00e4 100 v\u00e4rikk\u00e4it\u00e4, eri muotoisia puupalikoita<br \/>\n* &#8211; Palikoissa on kuvattu puita, el\u00e4imi\u00e4 ja mets\u00e4maisemia<br \/>\n* &#8211; Laadukas valmistus takaa kest\u00e4vyyden ja turvallisuuden leikin aikana<br \/>\n* &#8211; Palikat ovat ymp\u00e4rist\u00f6yst\u00e4v\u00e4llisi\u00e4 ja eiv\u00e4t sis\u00e4ll\u00e4 haitallisia aineita<br \/>\n* &#8211; Ihanteellinen yksil\u00f6- ja ryhm\u00e4leikkeihin<\/p>\n<p>Lelu kehitt\u00e4\u00e4:<\/p>\n<p>* &#8211; Mielikuvitusta<br \/>\n* &#8211; Luovuutta<br \/>\n* &#8211; K\u00e4sien motorisia taitoja<br \/>\n* &#8211; Loogista ajattelua<\/p>\n","protected":false},"excerpt":{"rendered":"<p>Classic Worldin mets\u00e4\u00e4n teemalla varustetut puupalikat ovat luova setti, joka vie lapset mets\u00e4n seikkailujen maailmaan. Erilaisien muotojen ja v\u00e4rien ansiosta pienet voivat vapaasti rakentaa omia rakennelmiaan ja kehitt\u00e4\u00e4 mielikuvitustaan ja luovuuttaan. El\u00e4in-, puu- ja luontomotiivit kannustavat itsen\u00e4iseen ja yhteisty\u00f6h\u00f6n perustuvaan leikkiin sek\u00e4 kotona ett\u00e4 p\u00e4iv\u00e4kodissa.Ominaisuudet: * &#8211; Sarja sis\u00e4lt\u00e4\u00e4 100 v\u00e4rikk\u00e4it\u00e4, eri muotoisia puupalikoita * [&hellip;]<\/p>\n","protected":false},"featured_media":0,"comment_status":"open","ping_status":"closed","template":"","meta":[],"product_brand":[],"product_cat":[32],"product_tag":[],"class_list":{"0":"post-30112","1":"product","2":"type-product","3":"status-publish","5":"product_cat-uncategorized-fi","7":"first","8":"instock","9":"shipping-taxable","10":"purchasable","11":"product-type-simple"},"_links":{"self":[{"href":"https:\/\/nordicmart.andreevmaster.com\/fi\/wp-json\/wp\/v2\/product\/30112","targetHints":{"allow":["GET"]}}],"collection":[{"href":"https:\/\/nordicmart.andreevmaster.com\/fi\/wp-json\/wp\/v2\/product"}],"about":[{"href":"https:\/\/nordicmart.andreevmaster.com\/fi\/wp-json\/wp\/v2\/types\/product"}],"replies":[{"embeddable":true,"href":"https:\/\/nordicmart.andreevmaster.com\/fi\/wp-json\/wp\/v2\/comments?post=30112"}],"wp:attachment":[{"href":"https:\/\/nordicmart.andreevmaster.com\/fi\/wp-json\/wp\/v2\/media?parent=30112"}],"wp:term":[{"taxonomy":"product_brand","embeddable":true,"href":"https:\/\/nordicmart.andreevmaster.com\/fi\/wp-json\/wp\/v2\/product_brand?post=30112"},{"taxonomy":"product_cat","embeddable":true,"href":"https:\/\/nordicmart.andreevmaster.com\/fi\/wp-json\/wp\/v2\/product_cat?post=30112"},{"taxonomy":"product_tag","embeddable":true,"href":"https:\/\/nordicmart.andreevmaster.com\/fi\/wp-json\/wp\/v2\/product_tag?post=30112"}],"curies":[{"name":"wp","href":"https:\/\/api.w.org\/{rel}","templated":true}]}}