{"id":30111,"date":"2026-02-27T00:08:57","date_gmt":"2026-02-27T00:08:57","guid":{"rendered":"https:\/\/nordicmart.andreevmaster.com\/product\/classic-world-puinen-aktiviteettipoyta-sea-life-musikaalinen-opetuslelu\/"},"modified":"2026-02-27T09:32:50","modified_gmt":"2026-02-27T09:32:50","slug":"classic-world-puinen-aktiviteettipoyta-sea-life-musikaalinen-opetuslelu","status":"publish","type":"product","link":"https:\/\/nordicmart.andreevmaster.com\/fi\/tuote\/classic-world-puinen-aktiviteettipoyta-sea-life-musikaalinen-opetuslelu\/","title":{"rendered":"CLASSIC WORLD Puinen aktiviteettip\u00f6yt\u00e4 &#8221;Sea Life&#8221; Musikaalinen opetuslelu"},"content":{"rendered":"<p>Classic Worldin puinen aktiviteettip\u00f6yt\u00e4 on t\u00e4ydellinen lelu uteliaille pienille! Se on t\u00e4ynn\u00e4 v\u00e4rikk\u00e4it\u00e4 vetonauloja, kuten moottorilenkki\u00e4, hammaspy\u00f6ri\u00e4, symbaaleja ja rumpua, ja tarjoaa paljon hauskaa sek\u00e4 auttaa kehitt\u00e4m\u00e4\u00e4n t\u00e4rkeit\u00e4 taitoja, kuten k\u00e4den taitoja, loogista ajattelua ja ketteryytt\u00e4. P\u00f6yt\u00e4 kannustaa lapsia leikkim\u00e4\u00e4n seisten ja on loistava tutustuminen muotojen ja v\u00e4rien maailmaan. P\u00f6yt\u00e4 on valmistettu puusta ja maalattu turvallisilla maaleilla, joten se on t\u00e4ysin lapsille sopiva. Ominaisuudet:<\/p>\n<p>* &#8211; Lelu 18 kuukauden ik\u00e4isille ja sit\u00e4 vanhemmille lapsille<br \/>\n* &#8211; 2-in-1-p\u00f6yt\u00e4 sis\u00e4lt\u00e4\u00e4 sek\u00e4 kehityst\u00e4 edist\u00e4vi\u00e4 aktiviteetteja ett\u00e4 soittimia<br \/>\n* &#8211; Korkealaatuista puuta ja ammattitaitoista valmistusta<\/p>\n<p>P\u00f6yd\u00e4n toiminnot:<\/p>\n<p>* &#8211; 3 moottorilenkki\u00e4 &#8211; sokkelot<br \/>\n* &#8211; Rapu seikkailu &#8211; hahmon ohjaaminen radalla<br \/>\n* &#8211; Pallorata<br \/>\n* &#8211; Hammaspy\u00f6r\u00e4t<br \/>\n* &#8211; Py\u00f6riv\u00e4 kilpikonna<br \/>\n* &#8211; Symbaalit<br \/>\n* &#8211; Kello<br \/>\n* &#8211; Merirumpu<br \/>\n* &#8211; Musiikillinen raastin<\/p>\n<p>Lelu kehitt\u00e4\u00e4:<\/p>\n<p>* &#8211; K\u00e4sien k\u00e4tevyytt\u00e4 &#8211; hienomotoriikkaa<br \/>\n* &#8211; Liikkeiden koordinaatiota<br \/>\n* &#8211; Luovaa ja loogista ajattelua<br \/>\n* &#8211; Musiikillisia ja rytmisi\u00e4 kykyj\u00e4<\/p>\n","protected":false},"excerpt":{"rendered":"<p>Classic Worldin puinen aktiviteettip\u00f6yt\u00e4 on t\u00e4ydellinen lelu uteliaille pienille! Se on t\u00e4ynn\u00e4 v\u00e4rikk\u00e4it\u00e4 vetonauloja, kuten moottorilenkki\u00e4, hammaspy\u00f6ri\u00e4, symbaaleja ja rumpua, ja tarjoaa paljon hauskaa sek\u00e4 auttaa kehitt\u00e4m\u00e4\u00e4n t\u00e4rkeit\u00e4 taitoja, kuten k\u00e4den taitoja, loogista ajattelua ja ketteryytt\u00e4. P\u00f6yt\u00e4 kannustaa lapsia leikkim\u00e4\u00e4n seisten ja on loistava tutustuminen muotojen ja v\u00e4rien maailmaan. P\u00f6yt\u00e4 on valmistettu puusta ja maalattu [&hellip;]<\/p>\n","protected":false},"featured_media":0,"comment_status":"open","ping_status":"closed","template":"","meta":[],"product_brand":[],"product_cat":[32],"product_tag":[],"class_list":{"0":"post-30111","1":"product","2":"type-product","3":"status-publish","5":"product_cat-uncategorized-fi","7":"first","8":"instock","9":"shipping-taxable","10":"purchasable","11":"product-type-simple"},"_links":{"self":[{"href":"https:\/\/nordicmart.andreevmaster.com\/fi\/wp-json\/wp\/v2\/product\/30111","targetHints":{"allow":["GET"]}}],"collection":[{"href":"https:\/\/nordicmart.andreevmaster.com\/fi\/wp-json\/wp\/v2\/product"}],"about":[{"href":"https:\/\/nordicmart.andreevmaster.com\/fi\/wp-json\/wp\/v2\/types\/product"}],"replies":[{"embeddable":true,"href":"https:\/\/nordicmart.andreevmaster.com\/fi\/wp-json\/wp\/v2\/comments?post=30111"}],"wp:attachment":[{"href":"https:\/\/nordicmart.andreevmaster.com\/fi\/wp-json\/wp\/v2\/media?parent=30111"}],"wp:term":[{"taxonomy":"product_brand","embeddable":true,"href":"https:\/\/nordicmart.andreevmaster.com\/fi\/wp-json\/wp\/v2\/product_brand?post=30111"},{"taxonomy":"product_cat","embeddable":true,"href":"https:\/\/nordicmart.andreevmaster.com\/fi\/wp-json\/wp\/v2\/product_cat?post=30111"},{"taxonomy":"product_tag","embeddable":true,"href":"https:\/\/nordicmart.andreevmaster.com\/fi\/wp-json\/wp\/v2\/product_tag?post=30111"}],"curies":[{"name":"wp","href":"https:\/\/api.w.org\/{rel}","templated":true}]}}