{"id":30110,"date":"2026-02-27T00:08:56","date_gmt":"2026-02-27T00:08:56","guid":{"rendered":"https:\/\/nordicmart.andreevmaster.com\/product\/classic-world-puinen-opettavainen-labyrintti-palapeli-merenelavat-18-kk\/"},"modified":"2026-02-27T09:32:50","modified_gmt":"2026-02-27T09:32:50","slug":"classic-world-puinen-opettavainen-labyrintti-palapeli-merenelavat-18-kk","status":"publish","type":"product","link":"https:\/\/nordicmart.andreevmaster.com\/fi\/tuote\/classic-world-puinen-opettavainen-labyrintti-palapeli-merenelavat-18-kk\/","title":{"rendered":"CLASSIC WORLD Puinen opettavainen labyrintti, palapeli, merenel\u00e4v\u00e4t, 18 kk"},"content":{"rendered":"<p>CLASSIC WORLDin Sea Life Interlocking Maze on kaunis, moderni pastelliv\u00e4rinen lelu, joka tukee lasten motorisia taitoja ja tutustuttaa heid\u00e4t merenel\u00e4vien kauniiseen maailmaan. Lapset voivat liikutella kuplia ja lintumuotoisia palloja valaan ymp\u00e4rill\u00e4, merenpinnan yl\u00e4- tai alapuolella. Pieni valas ui \u00e4itins\u00e4 ymp\u00e4rill\u00e4 ja kulkee merilev\u00e4n, kalojen ja muiden merenel\u00e4vien v\u00e4liss\u00e4. Puinen palapeli on loistava aistien kehittymist\u00e4 edist\u00e4v\u00e4 lelu, jonka avulla lapset voivat harjoitella k\u00e4den motoriikkaa.Kun lapsi pujottaa helmi\u00e4 kaarevien putkien l\u00e4pi, h\u00e4nen on suoritettava oikeat liikkeet, jotta toiminta onnistuu. T\u00e4ll\u00e4 tavalla lapsi oppii, mit\u00e4 liikkeit\u00e4 on suoritettava, ja samalla harjoittelee k\u00e4tevyytt\u00e4 ja tarkkuutta. Lelussa on herk\u00e4t puuelementit, joissa ei ole ter\u00e4vi\u00e4 reunoja \u2013 sinun ei tarvitse huolehtia lapsesi turvallisuudesta.<\/p>\n<p>Ominaisuudet:<\/p>\n<p>* &#8211; Lelu 18 kuukauden ik\u00e4isille ja sit\u00e4 vanhemmille lapsille<br \/>\n* &#8211; Montessori-lelu<br \/>\n* &#8211; Modernit pastelliv\u00e4rit<br \/>\n* &#8211; Liikkuvat osat<br \/>\n* &#8211; Turvallinen lapsille \u2013 maalattu myrkytt\u00f6mill\u00e4 maaleilla<\/p>\n<p>Lelu kehitt\u00e4\u00e4:<\/p>\n<p>* &#8211; Lapsen motorista kehityst\u00e4<br \/>\n* &#8211; Hienomotoriikkaa<br \/>\n* &#8211; K\u00e4sien ja silmien koordinaatiota<br \/>\n* &#8211; Ongelmanratkaisutaitoja<\/p>\n","protected":false},"excerpt":{"rendered":"<p>CLASSIC WORLDin Sea Life Interlocking Maze on kaunis, moderni pastelliv\u00e4rinen lelu, joka tukee lasten motorisia taitoja ja tutustuttaa heid\u00e4t merenel\u00e4vien kauniiseen maailmaan. Lapset voivat liikutella kuplia ja lintumuotoisia palloja valaan ymp\u00e4rill\u00e4, merenpinnan yl\u00e4- tai alapuolella. Pieni valas ui \u00e4itins\u00e4 ymp\u00e4rill\u00e4 ja kulkee merilev\u00e4n, kalojen ja muiden merenel\u00e4vien v\u00e4liss\u00e4. Puinen palapeli on loistava aistien kehittymist\u00e4 edist\u00e4v\u00e4 [&hellip;]<\/p>\n","protected":false},"featured_media":0,"comment_status":"open","ping_status":"closed","template":"","meta":[],"product_brand":[],"product_cat":[32],"product_tag":[],"class_list":{"0":"post-30110","1":"product","2":"type-product","3":"status-publish","5":"product_cat-uncategorized-fi","7":"first","8":"instock","9":"shipping-taxable","10":"purchasable","11":"product-type-simple"},"_links":{"self":[{"href":"https:\/\/nordicmart.andreevmaster.com\/fi\/wp-json\/wp\/v2\/product\/30110","targetHints":{"allow":["GET"]}}],"collection":[{"href":"https:\/\/nordicmart.andreevmaster.com\/fi\/wp-json\/wp\/v2\/product"}],"about":[{"href":"https:\/\/nordicmart.andreevmaster.com\/fi\/wp-json\/wp\/v2\/types\/product"}],"replies":[{"embeddable":true,"href":"https:\/\/nordicmart.andreevmaster.com\/fi\/wp-json\/wp\/v2\/comments?post=30110"}],"wp:attachment":[{"href":"https:\/\/nordicmart.andreevmaster.com\/fi\/wp-json\/wp\/v2\/media?parent=30110"}],"wp:term":[{"taxonomy":"product_brand","embeddable":true,"href":"https:\/\/nordicmart.andreevmaster.com\/fi\/wp-json\/wp\/v2\/product_brand?post=30110"},{"taxonomy":"product_cat","embeddable":true,"href":"https:\/\/nordicmart.andreevmaster.com\/fi\/wp-json\/wp\/v2\/product_cat?post=30110"},{"taxonomy":"product_tag","embeddable":true,"href":"https:\/\/nordicmart.andreevmaster.com\/fi\/wp-json\/wp\/v2\/product_tag?post=30110"}],"curies":[{"name":"wp","href":"https:\/\/api.w.org\/{rel}","templated":true}]}}