{"id":30109,"date":"2026-02-27T00:08:56","date_gmt":"2026-02-27T00:08:56","guid":{"rendered":"https:\/\/nordicmart.andreevmaster.com\/product\/classic-world-puinen-5-in-1-aistien-kehittymista-edistava-kuutio\/"},"modified":"2026-02-27T09:32:50","modified_gmt":"2026-02-27T09:32:50","slug":"classic-world-puinen-5-in-1-aistien-kehittymista-edistava-kuutio","status":"publish","type":"product","link":"https:\/\/nordicmart.andreevmaster.com\/fi\/tuote\/classic-world-puinen-5-in-1-aistien-kehittymista-edistava-kuutio\/","title":{"rendered":"CLASSIC WORLD Puinen 5-in-1-aistien kehittymist\u00e4 edist\u00e4v\u00e4 kuutio"},"content":{"rendered":"<p>CLASSIC WORLDin 5-in-1-aktiviteettilaatikko on v\u00e4rik\u00e4s, taiteellinen kuutio, joka koostuu py\u00f6rivist\u00e4 palikoista, joissa on numeroita ja kuvia, helmilabyrintist\u00e4, liukukiskoista, geometrisista muodoista ja mehil\u00e4isill\u00e4 varustetusta py\u00f6r\u00e4st\u00e4. Lapset voivat tutustua moniin v\u00e4reihin, muotoihin ja uusiin asioihin. Lelun mielenkiintoinen ulkon\u00e4k\u00f6 ja monipuolisuus tarjoavat lapsellesi tuntikausia hauskaa ja oppimista. Lelu stimuloi luovuutta ja kehitt\u00e4\u00e4 pikkulapsesi k\u00e4dentaitoja.Ominaisuudet:<\/p>\n<p>* &#8211; lelu 18 kuukauden ik\u00e4isille<br \/>\n* &#8211; 5-in-1 &#8211; py\u00f6riv\u00e4t palat, joissa on numeroita ja kuvia, helmilabyrintti, liukukappaleet, lajittelija, py\u00f6riv\u00e4 py\u00f6r\u00e4<br \/>\n* &#8211; maalattu myrkytt\u00f6mill\u00e4 maaleilla<br \/>\n* &#8211; oppiminen leikin kautta<br \/>\n* &#8211; tuntikausia hauskaa<\/p>\n<p>Lelu sis\u00e4lt\u00e4\u00e4:<\/p>\n<p>* &#8211; helmilabyrintti<br \/>\n* &#8211; liukukappaleet<br \/>\n* &#8211; py\u00f6riv\u00e4 py\u00f6r\u00e4, jossa on palloja ja mehil\u00e4isi\u00e4<br \/>\n* &#8211; geometriset muodot<br \/>\n* &#8211; lajittelija<\/p>\n","protected":false},"excerpt":{"rendered":"<p>CLASSIC WORLDin 5-in-1-aktiviteettilaatikko on v\u00e4rik\u00e4s, taiteellinen kuutio, joka koostuu py\u00f6rivist\u00e4 palikoista, joissa on numeroita ja kuvia, helmilabyrintist\u00e4, liukukiskoista, geometrisista muodoista ja mehil\u00e4isill\u00e4 varustetusta py\u00f6r\u00e4st\u00e4. Lapset voivat tutustua moniin v\u00e4reihin, muotoihin ja uusiin asioihin. Lelun mielenkiintoinen ulkon\u00e4k\u00f6 ja monipuolisuus tarjoavat lapsellesi tuntikausia hauskaa ja oppimista. Lelu stimuloi luovuutta ja kehitt\u00e4\u00e4 pikkulapsesi k\u00e4dentaitoja.Ominaisuudet: * &#8211; lelu 18 [&hellip;]<\/p>\n","protected":false},"featured_media":0,"comment_status":"open","ping_status":"closed","template":"","meta":[],"product_brand":[],"product_cat":[32],"product_tag":[],"class_list":{"0":"post-30109","1":"product","2":"type-product","3":"status-publish","5":"product_cat-uncategorized-fi","7":"first","8":"instock","9":"shipping-taxable","10":"purchasable","11":"product-type-simple"},"_links":{"self":[{"href":"https:\/\/nordicmart.andreevmaster.com\/fi\/wp-json\/wp\/v2\/product\/30109","targetHints":{"allow":["GET"]}}],"collection":[{"href":"https:\/\/nordicmart.andreevmaster.com\/fi\/wp-json\/wp\/v2\/product"}],"about":[{"href":"https:\/\/nordicmart.andreevmaster.com\/fi\/wp-json\/wp\/v2\/types\/product"}],"replies":[{"embeddable":true,"href":"https:\/\/nordicmart.andreevmaster.com\/fi\/wp-json\/wp\/v2\/comments?post=30109"}],"wp:attachment":[{"href":"https:\/\/nordicmart.andreevmaster.com\/fi\/wp-json\/wp\/v2\/media?parent=30109"}],"wp:term":[{"taxonomy":"product_brand","embeddable":true,"href":"https:\/\/nordicmart.andreevmaster.com\/fi\/wp-json\/wp\/v2\/product_brand?post=30109"},{"taxonomy":"product_cat","embeddable":true,"href":"https:\/\/nordicmart.andreevmaster.com\/fi\/wp-json\/wp\/v2\/product_cat?post=30109"},{"taxonomy":"product_tag","embeddable":true,"href":"https:\/\/nordicmart.andreevmaster.com\/fi\/wp-json\/wp\/v2\/product_tag?post=30109"}],"curies":[{"name":"wp","href":"https:\/\/api.w.org\/{rel}","templated":true}]}}