{"id":30108,"date":"2026-02-27T00:08:56","date_gmt":"2026-02-27T00:08:56","guid":{"rendered":"https:\/\/nordicmart.andreevmaster.com\/product\/classic-world-puinen-tyokalupaja-liitutaululla-27-kpl\/"},"modified":"2026-02-27T09:32:50","modified_gmt":"2026-02-27T09:32:50","slug":"classic-world-puinen-tyokalupaja-liitutaululla-27-kpl","status":"publish","type":"product","link":"https:\/\/nordicmart.andreevmaster.com\/fi\/tuote\/classic-world-puinen-tyokalupaja-liitutaululla-27-kpl\/","title":{"rendered":"CLASSIC WORLD Puinen ty\u00f6kalupaja liitutaululla, 27 kpl."},"content":{"rendered":"<p>Classic Worldin puinen ty\u00f6kalupakki liitutaululla tarjoaa hauskaa puuhaa kaikille pienille DIY-harrastajille. Setin monien ty\u00f6kalujen ansiosta lapsesi voi auttaa perhett\u00e4 kotit\u00f6iss\u00e4. DIY-leikit kehitt\u00e4v\u00e4t k\u00e4den taitoja, her\u00e4tt\u00e4v\u00e4t uteliaisuutta ja stimuloivat lapsen mielikuvitusta. Setti sis\u00e4lt\u00e4\u00e4 my\u00f6s liitutaulun, joka kannustaa lasta entisest\u00e4\u00e4n luovuuteen. T\u00e4st\u00e4 l\u00e4htien jokaisella lapsella on kaikki tarvittava korjaus-, ruuvaus-, vasarointi- ja kaikenlaisiin remontointit\u00f6ihin. Setti on valmistettu korkealaatuisesta puusta, eik\u00e4 siin\u00e4 ole ter\u00e4vi\u00e4 reunoja, joten se on turvallinen lapsille. Ominaisuudet:<\/p>\n<p>* &#8211; koko sarja on valmistettu puusta, joten se on turvallinen lapsille ja ymp\u00e4rist\u00f6lle,<br \/>\n* &#8211; sarja sis\u00e4lt\u00e4\u00e4 27 osaa,<br \/>\n* &#8211; lis\u00e4ksi laatikon sivuissa on reiki\u00e4 ruuvien kiinnitt\u00e4mist\u00e4 varten,<br \/>\n* &#8211; sarja sis\u00e4lt\u00e4\u00e4 muttereita ja osia, jotka voidaan ruuvata ja liitt\u00e4\u00e4 toisiinsa.<\/p>\n<p>Sarja sis\u00e4lt\u00e4\u00e4:<\/p>\n<p>* &#8211; puinen p\u00f6yt\u00e4, jossa on reiki\u00e4 ruuveja varten,<br \/>\n* &#8211; vasara,<br \/>\n* &#8211; tasav\u00e4\u00e4nnin,<br \/>\n* &#8211; ruuvimeisseli,<br \/>\n* &#8211; saha,<br \/>\n* &#8211; pihdit,<br \/>\n* &#8211; 2 mitta-astiaa, joista toinen on liukuva,<br \/>\n* &#8211; 5 ruuvia,* &#8211; 5 tappia,<br \/>\n* &#8211; 5 hammaspy\u00f6r\u00e4\u00e4,<br \/>\n* &#8211; 3 mutteria,<br \/>\n* &#8211; ruuvipenkki. Lelu kehitt\u00e4\u00e4:<br \/>\n* &#8211; luovuutta,<br \/>\n* &#8211; k\u00e4den taitoja,<br \/>\n* &#8211; uteliaisuutta,<br \/>\n* &#8211; mielikuvitusta.&lt;center&gt;&lt;iframe width=&#8221;320&#8243; height=&#8221;560&#8243; src=&#8221;https:\/\/www.youtube.com\/embed\/IbCQSEGO3o8&#8243; title=&#8221;CLASSIC WORLD Puinen ty\u00f6kalupaja liitutaululla, 27 osaa&#8221; frameborder=&#8221;0&#8243; allow=&#8221;accelerometer; autoplay; clipboard-write; encrypted-media; gyroscope; picture-in-picture; web-share&#8221; allowfullscreen&gt;&lt;\/iframe&gt;&lt;\/center&gt;<\/p>\n<p>[img-101464-left-thickbox_default]<\/p>\n<p>[img-101463-left-thickbox_default]<\/p>\n<p>[img-101459-left-thickbox_default]<\/p>\n","protected":false},"excerpt":{"rendered":"<p>Classic Worldin puinen ty\u00f6kalupakki liitutaululla tarjoaa hauskaa puuhaa kaikille pienille DIY-harrastajille. Setin monien ty\u00f6kalujen ansiosta lapsesi voi auttaa perhett\u00e4 kotit\u00f6iss\u00e4. DIY-leikit kehitt\u00e4v\u00e4t k\u00e4den taitoja, her\u00e4tt\u00e4v\u00e4t uteliaisuutta ja stimuloivat lapsen mielikuvitusta. Setti sis\u00e4lt\u00e4\u00e4 my\u00f6s liitutaulun, joka kannustaa lasta entisest\u00e4\u00e4n luovuuteen. T\u00e4st\u00e4 l\u00e4htien jokaisella lapsella on kaikki tarvittava korjaus-, ruuvaus-, vasarointi- ja kaikenlaisiin remontointit\u00f6ihin. Setti on valmistettu [&hellip;]<\/p>\n","protected":false},"featured_media":0,"comment_status":"open","ping_status":"closed","template":"","meta":[],"product_brand":[],"product_cat":[32],"product_tag":[],"class_list":{"0":"post-30108","1":"product","2":"type-product","3":"status-publish","5":"product_cat-uncategorized-fi","7":"first","8":"instock","9":"shipping-taxable","10":"purchasable","11":"product-type-simple"},"_links":{"self":[{"href":"https:\/\/nordicmart.andreevmaster.com\/fi\/wp-json\/wp\/v2\/product\/30108","targetHints":{"allow":["GET"]}}],"collection":[{"href":"https:\/\/nordicmart.andreevmaster.com\/fi\/wp-json\/wp\/v2\/product"}],"about":[{"href":"https:\/\/nordicmart.andreevmaster.com\/fi\/wp-json\/wp\/v2\/types\/product"}],"replies":[{"embeddable":true,"href":"https:\/\/nordicmart.andreevmaster.com\/fi\/wp-json\/wp\/v2\/comments?post=30108"}],"wp:attachment":[{"href":"https:\/\/nordicmart.andreevmaster.com\/fi\/wp-json\/wp\/v2\/media?parent=30108"}],"wp:term":[{"taxonomy":"product_brand","embeddable":true,"href":"https:\/\/nordicmart.andreevmaster.com\/fi\/wp-json\/wp\/v2\/product_brand?post=30108"},{"taxonomy":"product_cat","embeddable":true,"href":"https:\/\/nordicmart.andreevmaster.com\/fi\/wp-json\/wp\/v2\/product_cat?post=30108"},{"taxonomy":"product_tag","embeddable":true,"href":"https:\/\/nordicmart.andreevmaster.com\/fi\/wp-json\/wp\/v2\/product_tag?post=30108"}],"curies":[{"name":"wp","href":"https:\/\/api.w.org\/{rel}","templated":true}]}}