{"id":30107,"date":"2026-02-27T00:08:56","date_gmt":"2026-02-27T00:08:56","guid":{"rendered":"https:\/\/nordicmart.andreevmaster.com\/product\/classic-world-montessori-cube-10-in-1-happy-farm-xxl-2\/"},"modified":"2026-02-27T09:32:49","modified_gmt":"2026-02-27T09:32:49","slug":"classic-world-montessori-cube-10-in-1-happy-farm-xxl-2","status":"publish","type":"product","link":"https:\/\/nordicmart.andreevmaster.com\/fi\/tuote\/classic-world-montessori-cube-10-in-1-happy-farm-xxl-2\/","title":{"rendered":"CLASSIC WORLD Montessori Cube 10-in-1 Happy Farm XXL"},"content":{"rendered":"<p>CLASSIC WORLDin 10-in-1-puinen aktiviteettitaulu on lelu, joka yhdist\u00e4\u00e4 monia lasten suosikkitoimintoja, kuten ksylofonin, sokkelon, helmi- ja hammaspy\u00f6r\u00e4telineet, lajittelijan jne. Lelu tarjoaa lapsellesi oppimista leikin kautta, kehitt\u00e4\u00e4 h\u00e4nen mielikuvitustaan ja stimuloi luovuutta. Lautailu kehitt\u00e4\u00e4 my\u00f6s k\u00e4den taitoja ja k\u00e4si-silm\u00e4-koordinaatiota. T\u00e4m\u00e4n lelun monet ominaisuudet ja mielenkiintoinen muotoilu viihdytt\u00e4v\u00e4t lasta tuntikausia ja takaavat hauskanpidon ja oppimisen.Ominaisuudet:<\/p>\n<p>* &#8211; lelu 18 kuukauden ik\u00e4isille ja sit\u00e4 vanhemmille lapsille,<br \/>\n* &#8211; mielenkiintoinen muotoilu, joka her\u00e4tt\u00e4\u00e4 huomiota,<br \/>\n* &#8211; valmistettu korkealaatuisesta puusta,<br \/>\n* &#8211; maalattu myrkytt\u00f6mill\u00e4 maaleilla,<br \/>\n* &#8211; tarjoaa hauskaa ja oppimista,<br \/>\n* &#8211; 10-in-1 &#8211; ksylofoni, sokkelo, helmet, hammaspy\u00f6r\u00e4t, lajittelija, helistin jne.<\/p>\n<p>Lelu sis\u00e4lt\u00e4\u00e4:<\/p>\n<p>* &#8211; ksylofonin,<br \/>\n* &#8211; sokkelon,<br \/>\n* &#8211; helminauhat,<br \/>\n* &#8211; hammaspy\u00f6r\u00e4t,<br \/>\n* &#8211; lajittelijan,<br \/>\n* &#8211; helistin,<br \/>\n* &#8211; lajitteluelementit.<\/p>\n<p>Lelu kehitt\u00e4\u00e4:<\/p>\n<p>* &#8211; hienomotoriikkaa,<br \/>\n* &#8211; k\u00e4den taitoja,<br \/>\n* &#8211; k\u00e4si-silm\u00e4-koordinaatiota,<br \/>\n* &#8211; mielikuvitusta ja stimuloi luovuutta,<br \/>\n* &#8211; muotojen ja v\u00e4rien tunnistamista.<\/p>\n","protected":false},"excerpt":{"rendered":"<p>CLASSIC WORLDin 10-in-1-puinen aktiviteettitaulu on lelu, joka yhdist\u00e4\u00e4 monia lasten suosikkitoimintoja, kuten ksylofonin, sokkelon, helmi- ja hammaspy\u00f6r\u00e4telineet, lajittelijan jne. Lelu tarjoaa lapsellesi oppimista leikin kautta, kehitt\u00e4\u00e4 h\u00e4nen mielikuvitustaan ja stimuloi luovuutta. Lautailu kehitt\u00e4\u00e4 my\u00f6s k\u00e4den taitoja ja k\u00e4si-silm\u00e4-koordinaatiota. T\u00e4m\u00e4n lelun monet ominaisuudet ja mielenkiintoinen muotoilu viihdytt\u00e4v\u00e4t lasta tuntikausia ja takaavat hauskanpidon ja oppimisen.Ominaisuudet: * &#8211; [&hellip;]<\/p>\n","protected":false},"featured_media":0,"comment_status":"open","ping_status":"closed","template":"","meta":[],"product_brand":[],"product_cat":[32],"product_tag":[],"class_list":{"0":"post-30107","1":"product","2":"type-product","3":"status-publish","5":"product_cat-uncategorized-fi","7":"first","8":"instock","9":"shipping-taxable","10":"purchasable","11":"product-type-simple"},"_links":{"self":[{"href":"https:\/\/nordicmart.andreevmaster.com\/fi\/wp-json\/wp\/v2\/product\/30107","targetHints":{"allow":["GET"]}}],"collection":[{"href":"https:\/\/nordicmart.andreevmaster.com\/fi\/wp-json\/wp\/v2\/product"}],"about":[{"href":"https:\/\/nordicmart.andreevmaster.com\/fi\/wp-json\/wp\/v2\/types\/product"}],"replies":[{"embeddable":true,"href":"https:\/\/nordicmart.andreevmaster.com\/fi\/wp-json\/wp\/v2\/comments?post=30107"}],"wp:attachment":[{"href":"https:\/\/nordicmart.andreevmaster.com\/fi\/wp-json\/wp\/v2\/media?parent=30107"}],"wp:term":[{"taxonomy":"product_brand","embeddable":true,"href":"https:\/\/nordicmart.andreevmaster.com\/fi\/wp-json\/wp\/v2\/product_brand?post=30107"},{"taxonomy":"product_cat","embeddable":true,"href":"https:\/\/nordicmart.andreevmaster.com\/fi\/wp-json\/wp\/v2\/product_cat?post=30107"},{"taxonomy":"product_tag","embeddable":true,"href":"https:\/\/nordicmart.andreevmaster.com\/fi\/wp-json\/wp\/v2\/product_tag?post=30107"}],"curies":[{"name":"wp","href":"https:\/\/api.w.org\/{rel}","templated":true}]}}