{"id":30106,"date":"2026-02-27T00:08:56","date_gmt":"2026-02-27T00:08:56","guid":{"rendered":"https:\/\/nordicmart.andreevmaster.com\/product\/classic-world-puinen-6-in-1-aistien-kehittymista-edistava-kuutio\/"},"modified":"2026-02-27T09:32:49","modified_gmt":"2026-02-27T09:32:49","slug":"classic-world-puinen-6-in-1-aistien-kehittymista-edistava-kuutio","status":"publish","type":"product","link":"https:\/\/nordicmart.andreevmaster.com\/fi\/tuote\/classic-world-puinen-6-in-1-aistien-kehittymista-edistava-kuutio\/","title":{"rendered":"CLASSIC WORLD Puinen 6-in-1-aistien kehittymist\u00e4 edist\u00e4v\u00e4 kuutio"},"content":{"rendered":"<p>CLASSIC WORLDin 6-in-1-aktiviteettilaatikko on v\u00e4rik\u00e4s taiteellinen kuutio, joka koostuu yll\u00e4tt\u00e4vist\u00e4 ovista, hammaspy\u00f6rist\u00e4, helmi-labyrintist\u00e4, liukukytkimist\u00e4, geometrisista muodoista jne. Avaa salaper\u00e4iset ovet ja katso, mit\u00e4 niiden takana on. Lapset l\u00f6yt\u00e4v\u00e4t monia v\u00e4rej\u00e4, muotoja ja uusia l\u00f6yt\u00f6j\u00e4. Lelun mielenkiintoinen muotoilu ja monipuolisuus tarjoavat lapsellesi tuntikausia hauskaa ja oppimista. Lelu stimuloi luovuutta ja kehitt\u00e4\u00e4 pikkulapsesi k\u00e4dentaitoja. Ominaisuudet: * &#8211; lelu 18 kuukauden ik\u00e4isille ja sit\u00e4 vanhemmille, &#8211; 6-in-1 &#8211; yll\u00e4tysovet, hammaspy\u00f6r\u00e4t, helmilabyrintti, liukukappaleet, lajittelija, pallorata,<br \/>\n* &#8211; valmistettu korkealaatuisesta puusta,<br \/>\n* &#8211; maalattu myrkytt\u00f6mill\u00e4 maaleilla,<br \/>\n* &#8211; oppiminen leikin kautta,<br \/>\n* &#8211; tuntikausia hauskaa.<\/p>\n<p>Lelu sis\u00e4lt\u00e4\u00e4:<\/p>\n<p>* &#8211; yll\u00e4tysovet,<br \/>\n* &#8211; hammaspy\u00f6r\u00e4t,<br \/>\n* &#8211; helmilabyrintin,<br \/>\n* &#8211; liukukappaleet,<br \/>\n* &#8211; palloradan,<br \/>\n* &#8211; geometriset muodot,<br \/>\n* &#8211; lajittelijan,<br \/>\n* &#8211; peilin.<\/p>\n<p>Lelu kehitt\u00e4\u00e4:<\/p>\n<p>* &#8211; luovuutta ja mielikuvitusta,<br \/>\n* &#8211; koordinaatiota,<br \/>\n* &#8211; k\u00e4den taitoja,<br \/>\n* &#8211; muotojen ja v\u00e4rien tunnistamista,<br \/>\n* &#8211; hienomotoriikkaa.<\/p>\n","protected":false},"excerpt":{"rendered":"<p>CLASSIC WORLDin 6-in-1-aktiviteettilaatikko on v\u00e4rik\u00e4s taiteellinen kuutio, joka koostuu yll\u00e4tt\u00e4vist\u00e4 ovista, hammaspy\u00f6rist\u00e4, helmi-labyrintist\u00e4, liukukytkimist\u00e4, geometrisista muodoista jne. Avaa salaper\u00e4iset ovet ja katso, mit\u00e4 niiden takana on. Lapset l\u00f6yt\u00e4v\u00e4t monia v\u00e4rej\u00e4, muotoja ja uusia l\u00f6yt\u00f6j\u00e4. Lelun mielenkiintoinen muotoilu ja monipuolisuus tarjoavat lapsellesi tuntikausia hauskaa ja oppimista. Lelu stimuloi luovuutta ja kehitt\u00e4\u00e4 pikkulapsesi k\u00e4dentaitoja. Ominaisuudet: * &#8211; [&hellip;]<\/p>\n","protected":false},"featured_media":0,"comment_status":"open","ping_status":"closed","template":"","meta":[],"product_brand":[],"product_cat":[32],"product_tag":[],"class_list":{"0":"post-30106","1":"product","2":"type-product","3":"status-publish","5":"product_cat-uncategorized-fi","7":"first","8":"instock","9":"shipping-taxable","10":"purchasable","11":"product-type-simple"},"_links":{"self":[{"href":"https:\/\/nordicmart.andreevmaster.com\/fi\/wp-json\/wp\/v2\/product\/30106","targetHints":{"allow":["GET"]}}],"collection":[{"href":"https:\/\/nordicmart.andreevmaster.com\/fi\/wp-json\/wp\/v2\/product"}],"about":[{"href":"https:\/\/nordicmart.andreevmaster.com\/fi\/wp-json\/wp\/v2\/types\/product"}],"replies":[{"embeddable":true,"href":"https:\/\/nordicmart.andreevmaster.com\/fi\/wp-json\/wp\/v2\/comments?post=30106"}],"wp:attachment":[{"href":"https:\/\/nordicmart.andreevmaster.com\/fi\/wp-json\/wp\/v2\/media?parent=30106"}],"wp:term":[{"taxonomy":"product_brand","embeddable":true,"href":"https:\/\/nordicmart.andreevmaster.com\/fi\/wp-json\/wp\/v2\/product_brand?post=30106"},{"taxonomy":"product_cat","embeddable":true,"href":"https:\/\/nordicmart.andreevmaster.com\/fi\/wp-json\/wp\/v2\/product_cat?post=30106"},{"taxonomy":"product_tag","embeddable":true,"href":"https:\/\/nordicmart.andreevmaster.com\/fi\/wp-json\/wp\/v2\/product_tag?post=30106"}],"curies":[{"name":"wp","href":"https:\/\/api.w.org\/{rel}","templated":true}]}}