{"id":30105,"date":"2026-02-27T00:08:56","date_gmt":"2026-02-27T00:08:56","guid":{"rendered":"https:\/\/nordicmart.andreevmaster.com\/product\/classic-world-puinen-tyontoleikkikalu-chameleon-ja-palikat\/"},"modified":"2026-02-27T09:32:49","modified_gmt":"2026-02-27T09:32:49","slug":"classic-world-puinen-tyontoleikkikalu-chameleon-ja-palikat","status":"publish","type":"product","link":"https:\/\/nordicmart.andreevmaster.com\/fi\/tuote\/classic-world-puinen-tyontoleikkikalu-chameleon-ja-palikat\/","title":{"rendered":"CLASSIC WORLD Puinen ty\u00f6nt\u00f6leikkikalu Chameleon ja palikat"},"content":{"rendered":"<p>Kannusta pienokaisesi ottamaan ensimm\u00e4iset askeleensa Classic World -vauvan k\u00e4velytuolilla \u2013 kameleonttiteemaisella ty\u00f6nt\u00f6leikkikalulla, joka on suunniteltu tukemaan k\u00e4vely\u00e4 ja inspiroimaan luovuutta. Tukevalla puurungolla ja kumireunaisilla py\u00f6rill\u00e4, jotka antavat lis\u00e4pitoa, t\u00e4m\u00e4 k\u00e4velytuoli tarjoaa luotettavan tuen ja vakaan liikkeen erilaisilla pinnoilla. Kun lapset ty\u00f6nt\u00e4v\u00e4t sit\u00e4, kameleontin jalat liikkuvat, mik\u00e4 lis\u00e4\u00e4 hauskuutta! Ty\u00f6nt\u00f6leikkikaluun kuuluu my\u00f6s eri muotoisia, kokoisia ja v\u00e4risi\u00e4 palikoita, joita lapset voivat vapaasti koota ja rakentaa kehitt\u00e4en luovuuttaan ja k\u00e4yt\u00e4nn\u00f6n taitojaan. Kahvassa oleva helmilabyrintti tarjoaa uuden mahdollisuuden vuorovaikutteiseen leikkiin ja auttaa parantamaan k\u00e4si-silm\u00e4-koordinaatiota ja k\u00e4tevyytt\u00e4. Ominaisuudet: &#8211; Sarja 1+ -vuotiaille<br \/>\n* &#8211; Pastelliv\u00e4rit<br \/>\n* &#8211; Valmistettu korkealaatuisesta FSC-sertifioidusta puusta ja p\u00e4\u00e4llystetty myrkytt\u00f6mill\u00e4 maaleilla<br \/>\n* &#8211; 3-in-1-lelu \u2013 ty\u00f6nt\u00f6leikki, puupalikat ja motoristen taitojen kehittymist\u00e4 edist\u00e4v\u00e4 silmukka<br \/>\n* &#8211; Kameleontin k\u00e4det liikkuvat, kun sit\u00e4 ty\u00f6nnet\u00e4\u00e4n<\/p>\n<p>Sarja sis\u00e4lt\u00e4\u00e4:<\/p>\n<p>* &#8211; K\u00e4velyteline<br \/>\n* &#8211; Puupalikat<\/p>\n<p>Lelu kehitt\u00e4\u00e4:<\/p>\n<p>* &#8211; Motorisia taitoja<br \/>\n* &#8211; Tasapainoa<br \/>\n* &#8211; Luovuutta<br \/>\n* &#8211; K\u00e4sien ja silmien koordinaatiota<br \/>\n* &#8211; K\u00e4sien taitoja<br \/>\n* &#8211; Muotojen ja geometristen kuvioiden tunnistamista<\/p>\n","protected":false},"excerpt":{"rendered":"<p>Kannusta pienokaisesi ottamaan ensimm\u00e4iset askeleensa Classic World -vauvan k\u00e4velytuolilla \u2013 kameleonttiteemaisella ty\u00f6nt\u00f6leikkikalulla, joka on suunniteltu tukemaan k\u00e4vely\u00e4 ja inspiroimaan luovuutta. Tukevalla puurungolla ja kumireunaisilla py\u00f6rill\u00e4, jotka antavat lis\u00e4pitoa, t\u00e4m\u00e4 k\u00e4velytuoli tarjoaa luotettavan tuen ja vakaan liikkeen erilaisilla pinnoilla. Kun lapset ty\u00f6nt\u00e4v\u00e4t sit\u00e4, kameleontin jalat liikkuvat, mik\u00e4 lis\u00e4\u00e4 hauskuutta! Ty\u00f6nt\u00f6leikkikaluun kuuluu my\u00f6s eri muotoisia, kokoisia ja [&hellip;]<\/p>\n","protected":false},"featured_media":0,"comment_status":"open","ping_status":"closed","template":"","meta":[],"product_brand":[],"product_cat":[32],"product_tag":[],"class_list":{"0":"post-30105","1":"product","2":"type-product","3":"status-publish","5":"product_cat-uncategorized-fi","7":"first","8":"instock","9":"shipping-taxable","10":"purchasable","11":"product-type-simple"},"_links":{"self":[{"href":"https:\/\/nordicmart.andreevmaster.com\/fi\/wp-json\/wp\/v2\/product\/30105","targetHints":{"allow":["GET"]}}],"collection":[{"href":"https:\/\/nordicmart.andreevmaster.com\/fi\/wp-json\/wp\/v2\/product"}],"about":[{"href":"https:\/\/nordicmart.andreevmaster.com\/fi\/wp-json\/wp\/v2\/types\/product"}],"replies":[{"embeddable":true,"href":"https:\/\/nordicmart.andreevmaster.com\/fi\/wp-json\/wp\/v2\/comments?post=30105"}],"wp:attachment":[{"href":"https:\/\/nordicmart.andreevmaster.com\/fi\/wp-json\/wp\/v2\/media?parent=30105"}],"wp:term":[{"taxonomy":"product_brand","embeddable":true,"href":"https:\/\/nordicmart.andreevmaster.com\/fi\/wp-json\/wp\/v2\/product_brand?post=30105"},{"taxonomy":"product_cat","embeddable":true,"href":"https:\/\/nordicmart.andreevmaster.com\/fi\/wp-json\/wp\/v2\/product_cat?post=30105"},{"taxonomy":"product_tag","embeddable":true,"href":"https:\/\/nordicmart.andreevmaster.com\/fi\/wp-json\/wp\/v2\/product_tag?post=30105"}],"curies":[{"name":"wp","href":"https:\/\/api.w.org\/{rel}","templated":true}]}}