{"id":30104,"date":"2026-02-27T00:08:55","date_gmt":"2026-02-27T00:08:55","guid":{"rendered":"https:\/\/nordicmart.andreevmaster.com\/product\/classic-world-puinen-keinutuoli-dinosaurus\/"},"modified":"2026-02-27T09:32:49","modified_gmt":"2026-02-27T09:32:49","slug":"classic-world-puinen-keinutuoli-dinosaurus","status":"publish","type":"product","link":"https:\/\/nordicmart.andreevmaster.com\/fi\/tuote\/classic-world-puinen-keinutuoli-dinosaurus\/","title":{"rendered":"CLASSIC WORLD Puinen keinutuoli-dinosaurus"},"content":{"rendered":"<p>Anna pienen tutkimusmatkailijasi l\u00e4hte\u00e4 esihistorialliselle seikkailulle Classic Worldin keinuvalla dinosauruksella! T\u00e4m\u00e4 suloinen, pehme\u00e4 pehmolelu on t\u00e4ydellinen kumppani tuntikausien hauskanpitoon. Mukava pehmoleluistuin tarjoaa erinomaisen tuen pienille, kun taas puiset kahvat takaavat turvallisen otteen ja turvallisen keinumisen. Keinulelu ei ole vain hauska tapa viett\u00e4\u00e4 aikaa, vaan se auttaa my\u00f6s kehitt\u00e4m\u00e4\u00e4n tasapainoa, koordinaatiota ja motorisia taitoja.Ominaisuudet:<\/p>\n<p>* &#8211; Lelu 12\u201336 kuukauden ik\u00e4isille lapsille<br \/>\n* &#8211; Suloinen muotoilu \u2013 vihre\u00e4, pehme\u00e4 pehmoleluinen dinosaurus kiinnitt\u00e4\u00e4 lapsen huomion ja kannustaa leikkim\u00e4\u00e4n<br \/>\n* &#8211; Turvalliset materiaalit \u2013 tuote on valmistettu FSC-sertifioidusta puusta, mik\u00e4 tarkoittaa, ett\u00e4 se on per\u00e4isin vastuullisista metsist\u00e4<br \/>\n* &#8211; Kest\u00e4v\u00e4 rakenne \u2013 tukevat puiset juoksupinnat ja kahvat takaavat vakauden ja turvallisuuden keinuttaessa<\/p>\n<p>Lelu kehitt\u00e4\u00e4:<\/p>\n<p>* &#8211; Motorisia taitoja<br \/>\n* &#8211; Tasapainoa<br \/>\n* &#8211; Motorista koordinaatiota<\/p>\n","protected":false},"excerpt":{"rendered":"<p>Anna pienen tutkimusmatkailijasi l\u00e4hte\u00e4 esihistorialliselle seikkailulle Classic Worldin keinuvalla dinosauruksella! T\u00e4m\u00e4 suloinen, pehme\u00e4 pehmolelu on t\u00e4ydellinen kumppani tuntikausien hauskanpitoon. Mukava pehmoleluistuin tarjoaa erinomaisen tuen pienille, kun taas puiset kahvat takaavat turvallisen otteen ja turvallisen keinumisen. Keinulelu ei ole vain hauska tapa viett\u00e4\u00e4 aikaa, vaan se auttaa my\u00f6s kehitt\u00e4m\u00e4\u00e4n tasapainoa, koordinaatiota ja motorisia taitoja.Ominaisuudet: * &#8211; [&hellip;]<\/p>\n","protected":false},"featured_media":0,"comment_status":"open","ping_status":"closed","template":"","meta":[],"product_brand":[],"product_cat":[32],"product_tag":[],"class_list":{"0":"post-30104","1":"product","2":"type-product","3":"status-publish","5":"product_cat-uncategorized-fi","7":"first","8":"instock","9":"shipping-taxable","10":"purchasable","11":"product-type-simple"},"_links":{"self":[{"href":"https:\/\/nordicmart.andreevmaster.com\/fi\/wp-json\/wp\/v2\/product\/30104","targetHints":{"allow":["GET"]}}],"collection":[{"href":"https:\/\/nordicmart.andreevmaster.com\/fi\/wp-json\/wp\/v2\/product"}],"about":[{"href":"https:\/\/nordicmart.andreevmaster.com\/fi\/wp-json\/wp\/v2\/types\/product"}],"replies":[{"embeddable":true,"href":"https:\/\/nordicmart.andreevmaster.com\/fi\/wp-json\/wp\/v2\/comments?post=30104"}],"wp:attachment":[{"href":"https:\/\/nordicmart.andreevmaster.com\/fi\/wp-json\/wp\/v2\/media?parent=30104"}],"wp:term":[{"taxonomy":"product_brand","embeddable":true,"href":"https:\/\/nordicmart.andreevmaster.com\/fi\/wp-json\/wp\/v2\/product_brand?post=30104"},{"taxonomy":"product_cat","embeddable":true,"href":"https:\/\/nordicmart.andreevmaster.com\/fi\/wp-json\/wp\/v2\/product_cat?post=30104"},{"taxonomy":"product_tag","embeddable":true,"href":"https:\/\/nordicmart.andreevmaster.com\/fi\/wp-json\/wp\/v2\/product_tag?post=30104"}],"curies":[{"name":"wp","href":"https:\/\/api.w.org\/{rel}","templated":true}]}}