{"id":30103,"date":"2026-02-27T00:08:55","date_gmt":"2026-02-27T00:08:55","guid":{"rendered":"https:\/\/nordicmart.andreevmaster.com\/product\/classic-world-puinen-keittio-2-in-1-tyontoleikki-irrotettavat-pyorat\/"},"modified":"2026-02-27T09:32:49","modified_gmt":"2026-02-27T09:32:49","slug":"classic-world-puinen-keittio-2-in-1-tyontoleikki-irrotettavat-pyorat","status":"publish","type":"product","link":"https:\/\/nordicmart.andreevmaster.com\/fi\/tuote\/classic-world-puinen-keittio-2-in-1-tyontoleikki-irrotettavat-pyorat\/","title":{"rendered":"CLASSIC WORLD Puinen keitti\u00f6 2-in-1-ty\u00f6nt\u00f6leikki, irrotettavat py\u00f6r\u00e4t"},"content":{"rendered":"<p>Classic Worldin puinen keitti\u00f6ty\u00f6nt\u00f6leikki on t\u00e4ydellinen lelu, joka kasvaa lapsesi mukana! Se on enemm\u00e4n kuin vain k\u00e4velyteline \u2013 se on liikkuva keitti\u00f6, joka tarjoaa monenlaisia aktiviteetteja, jotka tukevat paitsi k\u00e4velyn oppimista my\u00f6s lapsen aistien ja k\u00e4dentaitojen kehityst\u00e4. Pienet voivat leikki\u00e4 pikku kokkeja, k\u00e4\u00e4nt\u00e4\u00e4 nupit, paistaa pannulla ja pest\u00e4 vihanneksia tiskialtaassa. K\u00e4velyteline on tukeva, joten se tarjoaa vakaata tukea ensimm\u00e4isten askelten ottamiseen ja antaa lapselle mahdollisuuden tutkia erilaisia aktiviteetteja turvallisesti.Ominaisuudet:<\/p>\n<p>* &#8211; Lelu 12 kuukauden ik\u00e4isille ja sit\u00e4 vanhemmille lapsille<br \/>\n* &#8211; Kasvaa lapsen mukana, ty\u00f6nt\u00f6leikist\u00e4 monitoimiseksi leikkikeitti\u00f6ksi!<br \/>\n* &#8211; Tukee k\u00e4velyn oppimista tukevan rakenteensa ansiosta<br \/>\n* &#8211; Sarjaan kuuluu per\u00e4ti 15 elementti\u00e4<\/p>\n<p>Lelun ominaisuudet:<\/p>\n<p>* &#8211; Ty\u00f6nt\u00f6leikki, jossa on s\u00e4\u00e4dett\u00e4v\u00e4t, irrotettavat py\u00f6r\u00e4t<br \/>\n* &#8211; Suloinen keitti\u00f6, jossa on avattava uuni \u2013 voidaan k\u00e4ytt\u00e4\u00e4 s\u00e4ilytystilana leikin j\u00e4lkeen<br \/>\n* &#8211; Liikkuvat elementit kukkaruukussa<br \/>\n* &#8211; Liikkuvat liesin nupit<br \/>\n* &#8211; Elementit, jotka tukevat lapsen kognitiivista ja motorista kehityst\u00e4: Lajittelija, &#8221;Ly\u00f6 lasia sitruunalla&#8221; -sokkelo, v\u00e4rikk\u00e4\u00e4t renkaat, joita voi liu&#8217;uttaa kahvassa<\/p>\n<p>Lelu kehitt\u00e4\u00e4:<\/p>\n<p>* &#8211; Karkeaa ja hienomotoriikkaa<br \/>\n* &#8211; Mielikuvitusta ja luovuutta<br \/>\n* &#8211; K\u00e4sien ja silmien koordinaatiota<br \/>\n* &#8211; Loogista ajattelua<\/p>\n","protected":false},"excerpt":{"rendered":"<p>Classic Worldin puinen keitti\u00f6ty\u00f6nt\u00f6leikki on t\u00e4ydellinen lelu, joka kasvaa lapsesi mukana! Se on enemm\u00e4n kuin vain k\u00e4velyteline \u2013 se on liikkuva keitti\u00f6, joka tarjoaa monenlaisia aktiviteetteja, jotka tukevat paitsi k\u00e4velyn oppimista my\u00f6s lapsen aistien ja k\u00e4dentaitojen kehityst\u00e4. Pienet voivat leikki\u00e4 pikku kokkeja, k\u00e4\u00e4nt\u00e4\u00e4 nupit, paistaa pannulla ja pest\u00e4 vihanneksia tiskialtaassa. K\u00e4velyteline on tukeva, joten se [&hellip;]<\/p>\n","protected":false},"featured_media":0,"comment_status":"open","ping_status":"closed","template":"","meta":[],"product_brand":[],"product_cat":[32],"product_tag":[],"class_list":{"0":"post-30103","1":"product","2":"type-product","3":"status-publish","5":"product_cat-uncategorized-fi","7":"first","8":"instock","9":"shipping-taxable","10":"purchasable","11":"product-type-simple"},"_links":{"self":[{"href":"https:\/\/nordicmart.andreevmaster.com\/fi\/wp-json\/wp\/v2\/product\/30103","targetHints":{"allow":["GET"]}}],"collection":[{"href":"https:\/\/nordicmart.andreevmaster.com\/fi\/wp-json\/wp\/v2\/product"}],"about":[{"href":"https:\/\/nordicmart.andreevmaster.com\/fi\/wp-json\/wp\/v2\/types\/product"}],"replies":[{"embeddable":true,"href":"https:\/\/nordicmart.andreevmaster.com\/fi\/wp-json\/wp\/v2\/comments?post=30103"}],"wp:attachment":[{"href":"https:\/\/nordicmart.andreevmaster.com\/fi\/wp-json\/wp\/v2\/media?parent=30103"}],"wp:term":[{"taxonomy":"product_brand","embeddable":true,"href":"https:\/\/nordicmart.andreevmaster.com\/fi\/wp-json\/wp\/v2\/product_brand?post=30103"},{"taxonomy":"product_cat","embeddable":true,"href":"https:\/\/nordicmart.andreevmaster.com\/fi\/wp-json\/wp\/v2\/product_cat?post=30103"},{"taxonomy":"product_tag","embeddable":true,"href":"https:\/\/nordicmart.andreevmaster.com\/fi\/wp-json\/wp\/v2\/product_tag?post=30103"}],"curies":[{"name":"wp","href":"https:\/\/api.w.org\/{rel}","templated":true}]}}