{"id":30102,"date":"2026-02-27T00:08:55","date_gmt":"2026-02-27T00:08:55","guid":{"rendered":"https:\/\/nordicmart.andreevmaster.com\/product\/classic-world-puinen-montessori-ajettava-lelu-2-in-1-tyontoleikki\/"},"modified":"2026-02-27T09:32:49","modified_gmt":"2026-02-27T09:32:49","slug":"classic-world-puinen-montessori-ajettava-lelu-2-in-1-tyontoleikki","status":"publish","type":"product","link":"https:\/\/nordicmart.andreevmaster.com\/fi\/tuote\/classic-world-puinen-montessori-ajettava-lelu-2-in-1-tyontoleikki\/","title":{"rendered":"CLASSIC WORLD Puinen MONTESSORI-ajettava lelu 2-in-1-ty\u00f6nt\u00f6leikki"},"content":{"rendered":"<p>Rider-ajettava lelu on upea lelu Classic Worldilta. Se on t\u00e4ydellinen apuv\u00e4line lapsellesi t\u00e4rkeiden ensimm\u00e4isten askelten ottamiseen. T\u00e4m\u00e4 v\u00e4rik\u00e4s ajokki on upea lelu, joka tarjoaa lapsellesi tunteja iloista leikki\u00e4. Lelu on muotoiltu auton n\u00e4k\u00f6iseksi, joten lapsesi voi kuvitella ajavansa kilpaa kuin kilpa-ajaja. <\/p>\n<p>Ominaisuudet: <\/p>\n<p>* &#8211; Puinen rakenne, jossa on lapsille sopivat py\u00f6ristetyt reunat.* &#8211; Houkutteleva, v\u00e4rik\u00e4s muotoilu, joka her\u00e4tt\u00e4\u00e4 lapsesi mielenkiinnon. * &#8211; Maalauksessa on k\u00e4ytetty myrkyt\u00f6nt\u00e4 lakkaa, joka on t\u00e4ysin turvallista lapsille. * &#8211; Toimii 2-in-1-toiminnolla \u2013 voidaan k\u00e4ytt\u00e4\u00e4 ajettavana leluna tai ty\u00f6nt\u00f6leikkileluna. * &#8211; Sis\u00e4\u00e4nrakennetut lelut tarjoavat lis\u00e4viihdett\u00e4.<\/p>\n<p>Lelu kehitt\u00e4\u00e4:<\/p>\n<p>* &#8211; k\u00e4tevyytt\u00e4,<br \/>\n* &#8211; kyky\u00e4 erottaa muotoja,<br \/>\n* &#8211; \u00e4lykkyytt\u00e4,<br \/>\n* &#8211; kyky\u00e4 erottaa v\u00e4rej\u00e4,<br \/>\n* &#8211; motorista koordinaatiota.<\/p>\n<p>Eko-lelut on suunniteltu pienimmille lapsille ja valmistettu t\u00e4ysin luonnollisista, biohajoavista ja hypoallergeenisista materiaaleista, joten ne ovat 100 % turvallisia ja vaarattomia paitsi ymp\u00e4rist\u00f6lle my\u00f6s lapsellesi.<\/p>\n","protected":false},"excerpt":{"rendered":"<p>Rider-ajettava lelu on upea lelu Classic Worldilta. Se on t\u00e4ydellinen apuv\u00e4line lapsellesi t\u00e4rkeiden ensimm\u00e4isten askelten ottamiseen. T\u00e4m\u00e4 v\u00e4rik\u00e4s ajokki on upea lelu, joka tarjoaa lapsellesi tunteja iloista leikki\u00e4. Lelu on muotoiltu auton n\u00e4k\u00f6iseksi, joten lapsesi voi kuvitella ajavansa kilpaa kuin kilpa-ajaja. Ominaisuudet: * &#8211; Puinen rakenne, jossa on lapsille sopivat py\u00f6ristetyt reunat.* &#8211; Houkutteleva, v\u00e4rik\u00e4s [&hellip;]<\/p>\n","protected":false},"featured_media":0,"comment_status":"open","ping_status":"closed","template":"","meta":[],"product_brand":[],"product_cat":[32],"product_tag":[],"class_list":{"0":"post-30102","1":"product","2":"type-product","3":"status-publish","5":"product_cat-uncategorized-fi","7":"first","8":"instock","9":"shipping-taxable","10":"purchasable","11":"product-type-simple"},"_links":{"self":[{"href":"https:\/\/nordicmart.andreevmaster.com\/fi\/wp-json\/wp\/v2\/product\/30102","targetHints":{"allow":["GET"]}}],"collection":[{"href":"https:\/\/nordicmart.andreevmaster.com\/fi\/wp-json\/wp\/v2\/product"}],"about":[{"href":"https:\/\/nordicmart.andreevmaster.com\/fi\/wp-json\/wp\/v2\/types\/product"}],"replies":[{"embeddable":true,"href":"https:\/\/nordicmart.andreevmaster.com\/fi\/wp-json\/wp\/v2\/comments?post=30102"}],"wp:attachment":[{"href":"https:\/\/nordicmart.andreevmaster.com\/fi\/wp-json\/wp\/v2\/media?parent=30102"}],"wp:term":[{"taxonomy":"product_brand","embeddable":true,"href":"https:\/\/nordicmart.andreevmaster.com\/fi\/wp-json\/wp\/v2\/product_brand?post=30102"},{"taxonomy":"product_cat","embeddable":true,"href":"https:\/\/nordicmart.andreevmaster.com\/fi\/wp-json\/wp\/v2\/product_cat?post=30102"},{"taxonomy":"product_tag","embeddable":true,"href":"https:\/\/nordicmart.andreevmaster.com\/fi\/wp-json\/wp\/v2\/product_tag?post=30102"}],"curies":[{"name":"wp","href":"https:\/\/api.w.org\/{rel}","templated":true}]}}