{"id":30101,"date":"2026-02-27T00:08:55","date_gmt":"2026-02-27T00:08:55","guid":{"rendered":"https:\/\/nordicmart.andreevmaster.com\/product\/classic-world-edu-xxl-esteiden-rata-monitaitoinen-motoristen-taitojen-leikkikentta\/"},"modified":"2026-02-27T09:32:48","modified_gmt":"2026-02-27T09:32:48","slug":"classic-world-edu-xxl-esteiden-rata-monitaitoinen-motoristen-taitojen-leikkikentta","status":"publish","type":"product","link":"https:\/\/nordicmart.andreevmaster.com\/fi\/tuote\/classic-world-edu-xxl-esteiden-rata-monitaitoinen-motoristen-taitojen-leikkikentta\/","title":{"rendered":"CLASSIC WORLD EDU XXL Esteiden rata Monitaitoinen motoristen taitojen leikkikentt\u00e4"},"content":{"rendered":"<p>XXL-monitoimiset lasten leikkiv\u00e4lineet ovat erinomainen valinta kaikille, jotka haluavat tarjota lapsilleen aktiivista ja luovaa hauskaa. Sarja sis\u00e4lt\u00e4\u00e4 erilaisia elementtej\u00e4, joita voi vapaasti yhdistell\u00e4 ja konfiguroida luodakseen houkuttelevia esteratoja. Sarja on valmistettu kest\u00e4vist\u00e4 ja turvallisista materiaaleista. Esteradalla leikkim\u00e4ll\u00e4 lapset kehitt\u00e4v\u00e4t motorisia taitojaan, koordinaatiotaan ja sosiaalisia taitojaan leikkiess\u00e4\u00e4n yhdess\u00e4.<\/p>\n<p>\u2705 Ominaisuudet:<\/p>\n<p>\u2714\ufe0f Valmistettu vankasta, kest\u00e4v\u00e4st\u00e4 materiaalista \u2714\ufe0f Elementit voidaan yhdistell\u00e4 ja konfiguroida vapaasti \u2714\ufe0f Ihanteellinen luovaan ulkoiluun \u2714\ufe0f Vankka rakenne takaa turvallisuuden ja kest\u00e4vyyden<\/p>\n<p>\u2611\ufe0f Sarja sis\u00e4lt\u00e4\u00e4:<\/p>\n<p>\u25fe 8 kiipeilyalustaa \u25fe 1 tasapainotynnyri \u25fe 2 puista tikkaat \u25fe 2 puista palkkia \u25fe 2 puista k\u00e4velysiltaa \u25fe 1 voimistelutikkaat \u25fe 1 voimistelutanko \u25fe 1 koripallokori \u25fe 2 tasapainottelua varten \u25fe 2 laatikkoa hiekkas\u00e4kkej\u00e4<\/p>\n<p>\u2705 Sarja kehitt\u00e4\u00e4:<\/p>\n<p>\u2714\ufe0f Mielikuvitusta ja luovuutta \u2714\ufe0f Motorisia taitoja ja koordinaatiota \u2714\ufe0f Sosiaalisia taitoja ja tiimity\u00f6skentely\u00e4 \u2714\ufe0f K\u00e4sity\u00f6taitoja<\/p>\n","protected":false},"excerpt":{"rendered":"<p>XXL-monitoimiset lasten leikkiv\u00e4lineet ovat erinomainen valinta kaikille, jotka haluavat tarjota lapsilleen aktiivista ja luovaa hauskaa. Sarja sis\u00e4lt\u00e4\u00e4 erilaisia elementtej\u00e4, joita voi vapaasti yhdistell\u00e4 ja konfiguroida luodakseen houkuttelevia esteratoja. Sarja on valmistettu kest\u00e4vist\u00e4 ja turvallisista materiaaleista. Esteradalla leikkim\u00e4ll\u00e4 lapset kehitt\u00e4v\u00e4t motorisia taitojaan, koordinaatiotaan ja sosiaalisia taitojaan leikkiess\u00e4\u00e4n yhdess\u00e4. \u2705 Ominaisuudet: \u2714\ufe0f Valmistettu vankasta, kest\u00e4v\u00e4st\u00e4 materiaalista \u2714\ufe0f [&hellip;]<\/p>\n","protected":false},"featured_media":0,"comment_status":"open","ping_status":"closed","template":"","meta":[],"product_brand":[],"product_cat":[32],"product_tag":[],"class_list":{"0":"post-30101","1":"product","2":"type-product","3":"status-publish","5":"product_cat-uncategorized-fi","7":"first","8":"instock","9":"shipping-taxable","10":"purchasable","11":"product-type-simple"},"_links":{"self":[{"href":"https:\/\/nordicmart.andreevmaster.com\/fi\/wp-json\/wp\/v2\/product\/30101","targetHints":{"allow":["GET"]}}],"collection":[{"href":"https:\/\/nordicmart.andreevmaster.com\/fi\/wp-json\/wp\/v2\/product"}],"about":[{"href":"https:\/\/nordicmart.andreevmaster.com\/fi\/wp-json\/wp\/v2\/types\/product"}],"replies":[{"embeddable":true,"href":"https:\/\/nordicmart.andreevmaster.com\/fi\/wp-json\/wp\/v2\/comments?post=30101"}],"wp:attachment":[{"href":"https:\/\/nordicmart.andreevmaster.com\/fi\/wp-json\/wp\/v2\/media?parent=30101"}],"wp:term":[{"taxonomy":"product_brand","embeddable":true,"href":"https:\/\/nordicmart.andreevmaster.com\/fi\/wp-json\/wp\/v2\/product_brand?post=30101"},{"taxonomy":"product_cat","embeddable":true,"href":"https:\/\/nordicmart.andreevmaster.com\/fi\/wp-json\/wp\/v2\/product_cat?post=30101"},{"taxonomy":"product_tag","embeddable":true,"href":"https:\/\/nordicmart.andreevmaster.com\/fi\/wp-json\/wp\/v2\/product_tag?post=30101"}],"curies":[{"name":"wp","href":"https:\/\/api.w.org\/{rel}","templated":true}]}}