{"id":30097,"date":"2026-02-27T00:08:54","date_gmt":"2026-02-27T00:08:54","guid":{"rendered":"https:\/\/nordicmart.andreevmaster.com\/product\/songmics-puinen-henkari-20-kpln-sarja-massiivipuusta-valmistetut-henkarit-olkapaaalueella-lovet\/"},"modified":"2026-02-27T09:32:48","modified_gmt":"2026-02-27T09:32:48","slug":"songmics-puinen-henkari-20-kpln-sarja-massiivipuusta-valmistetut-henkarit-olkapaaalueella-lovet","status":"publish","type":"product","link":"https:\/\/nordicmart.andreevmaster.com\/fi\/tuote\/songmics-puinen-henkari-20-kpln-sarja-massiivipuusta-valmistetut-henkarit-olkapaaalueella-lovet\/","title":{"rendered":"SONGMICS puinen henkari, 20 kpl:n sarja, massiivipuusta valmistetut henkarit, olkap\u00e4\u00e4alueella lovet"},"content":{"rendered":"<p>Oletko aina \u00e4rtynyt vaatteiden lentelyst\u00e4 ymp\u00e4riins\u00e4? Etsitk\u00f6 sopivia henkareita? Songmics-vaatehenkari on ihanteellinen ratkaisu.  Edell\u00e4 mainittujen ominaisuuksien lis\u00e4ksi vaatehenkarissa on housujen pidike, joka t\u00e4ydent\u00e4\u00e4 vaatehengen toimintoa ja lis\u00e4\u00e4 vakautta. Songmics-puinen henkari tulee varmasti olemaan perheesi &#8221;tehokas apulainen&#8221;. Tuotetiedot: &#8211; Materiaali: vaahterapuu + kromatut metallikoukut &#8211; V\u00e4ri: valkoinen &#8211; Mitat: 44,5 x 23 x 1,2 cm (L x K x S) &#8211; Koukun korkeus: 7 cm &#8211; Koukun leveys: 5 cm &#8211; Bruttopaino: 2,65 kg Toimitus sis\u00e4lt\u00e4\u00e4: &#8211; 20 x valkoista puista vaatehenkaria<\/p>\n","protected":false},"excerpt":{"rendered":"<p>SONGMICS vaatekoukut \u2013 10 kpl, reunat, liukumaton pohja, 360\u00b0 k\u00e4\u00e4ntyv\u00e4 koukku, CRW001-10, puu, luonnonv\u00e4ri, 10<\/p>\n","protected":false},"featured_media":39496,"comment_status":"open","ping_status":"closed","template":"","meta":[],"product_brand":[],"product_cat":[32],"product_tag":[],"class_list":{"0":"post-30097","1":"product","2":"type-product","3":"status-publish","4":"has-post-thumbnail","6":"product_cat-uncategorized-fi","8":"first","9":"instock","10":"shipping-taxable","11":"purchasable","12":"product-type-simple"},"_links":{"self":[{"href":"https:\/\/nordicmart.andreevmaster.com\/fi\/wp-json\/wp\/v2\/product\/30097","targetHints":{"allow":["GET"]}}],"collection":[{"href":"https:\/\/nordicmart.andreevmaster.com\/fi\/wp-json\/wp\/v2\/product"}],"about":[{"href":"https:\/\/nordicmart.andreevmaster.com\/fi\/wp-json\/wp\/v2\/types\/product"}],"replies":[{"embeddable":true,"href":"https:\/\/nordicmart.andreevmaster.com\/fi\/wp-json\/wp\/v2\/comments?post=30097"}],"wp:featuredmedia":[{"embeddable":true,"href":"https:\/\/nordicmart.andreevmaster.com\/fi\/wp-json\/wp\/v2\/media\/39496"}],"wp:attachment":[{"href":"https:\/\/nordicmart.andreevmaster.com\/fi\/wp-json\/wp\/v2\/media?parent=30097"}],"wp:term":[{"taxonomy":"product_brand","embeddable":true,"href":"https:\/\/nordicmart.andreevmaster.com\/fi\/wp-json\/wp\/v2\/product_brand?post=30097"},{"taxonomy":"product_cat","embeddable":true,"href":"https:\/\/nordicmart.andreevmaster.com\/fi\/wp-json\/wp\/v2\/product_cat?post=30097"},{"taxonomy":"product_tag","embeddable":true,"href":"https:\/\/nordicmart.andreevmaster.com\/fi\/wp-json\/wp\/v2\/product_tag?post=30097"}],"curies":[{"name":"wp","href":"https:\/\/api.w.org\/{rel}","templated":true}]}}