{"id":30094,"date":"2026-02-27T00:08:53","date_gmt":"2026-02-27T00:08:53","guid":{"rendered":"https:\/\/nordicmart.andreevmaster.com\/product\/songmics-puinen-henkari-50-kpln-sarja-massiivipuusta-valmistetut-henkarit\/"},"modified":"2026-02-27T09:32:48","modified_gmt":"2026-02-27T09:32:48","slug":"songmics-puinen-henkari-50-kpln-sarja-massiivipuusta-valmistetut-henkarit","status":"publish","type":"product","link":"https:\/\/nordicmart.andreevmaster.com\/fi\/tuote\/songmics-puinen-henkari-50-kpln-sarja-massiivipuusta-valmistetut-henkarit\/","title":{"rendered":"SONGMICS puinen henkari, 50 kpl:n sarja, massiivipuusta valmistetut henkarit"},"content":{"rendered":"<p>SONGMICS-vaatehenkari massiivipuusta, hyv\u00e4\u00e4n el\u00e4m\u00e4\u00e4nSONGMICS-vaatehenkariTuo j\u00e4rjestyst\u00e4 vaatekaappiisi, helpottaa el\u00e4m\u00e4\u00e4si.Valittu materiaaliLaadukas massiivipuu, jossa on hieno syykuvio, ei sis\u00e4ll\u00e4 oksankoloja, on tyylik\u00e4s ja kest\u00e4v\u00e4.Tuotetiedot: Materiaali: vaahterapuu + kromatut metallikoukut V\u00e4ri: musta Mitat: 44,5 x 23 x 1,2 cm (L x K x S) Koukun korkeus: 7 cm Koukun leveys: 5 cm Bruttopaino: 6,6 kg Toimitus sis\u00e4lt\u00e4\u00e4: 50 x musta vaahterapuiset henkarit Huomautukset:V\u00e4lt\u00e4 ripustimien pitk\u00e4aikaista s\u00e4ilytyst\u00e4 kosteissa ja l\u00e4mpimiss\u00e4 tiloissa. Muutoin ripustimet homehtuvat helposti. Puhdista ripustimet pyyhkim\u00e4ll\u00e4 niiden pinta kevyesti kostealla liinalla. V\u00e4lt\u00e4 ripustimien k\u00e4ytt\u00f6\u00e4 m\u00e4r\u00e4n pyykin ripustamiseen.<\/p>\n","protected":false},"excerpt":{"rendered":"<p>Puinen henkari, 10 kpl:n sarja, massiivipuusta valmistettu henkari, lovet, luistamaton, 360\u00b0 k\u00e4\u00e4ntyv\u00e4 koukku, puvut, paidat, musta-hopea<\/p>\n","protected":false},"featured_media":39493,"comment_status":"open","ping_status":"closed","template":"","meta":[],"product_brand":[],"product_cat":[32],"product_tag":[],"class_list":{"0":"post-30094","1":"product","2":"type-product","3":"status-publish","4":"has-post-thumbnail","6":"product_cat-uncategorized-fi","8":"first","9":"instock","10":"shipping-taxable","11":"purchasable","12":"product-type-simple"},"_links":{"self":[{"href":"https:\/\/nordicmart.andreevmaster.com\/fi\/wp-json\/wp\/v2\/product\/30094","targetHints":{"allow":["GET"]}}],"collection":[{"href":"https:\/\/nordicmart.andreevmaster.com\/fi\/wp-json\/wp\/v2\/product"}],"about":[{"href":"https:\/\/nordicmart.andreevmaster.com\/fi\/wp-json\/wp\/v2\/types\/product"}],"replies":[{"embeddable":true,"href":"https:\/\/nordicmart.andreevmaster.com\/fi\/wp-json\/wp\/v2\/comments?post=30094"}],"wp:featuredmedia":[{"embeddable":true,"href":"https:\/\/nordicmart.andreevmaster.com\/fi\/wp-json\/wp\/v2\/media\/39493"}],"wp:attachment":[{"href":"https:\/\/nordicmart.andreevmaster.com\/fi\/wp-json\/wp\/v2\/media?parent=30094"}],"wp:term":[{"taxonomy":"product_brand","embeddable":true,"href":"https:\/\/nordicmart.andreevmaster.com\/fi\/wp-json\/wp\/v2\/product_brand?post=30094"},{"taxonomy":"product_cat","embeddable":true,"href":"https:\/\/nordicmart.andreevmaster.com\/fi\/wp-json\/wp\/v2\/product_cat?post=30094"},{"taxonomy":"product_tag","embeddable":true,"href":"https:\/\/nordicmart.andreevmaster.com\/fi\/wp-json\/wp\/v2\/product_tag?post=30094"}],"curies":[{"name":"wp","href":"https:\/\/api.w.org\/{rel}","templated":true}]}}