{"id":30089,"date":"2026-02-27T00:08:52","date_gmt":"2026-02-27T00:08:52","guid":{"rendered":"https:\/\/nordicmart.andreevmaster.com\/product\/songmics-vaatehenkari-puu-50-kpln-sarja-massiivipuusta-valmistetut-henkarit\/"},"modified":"2026-02-27T09:32:47","modified_gmt":"2026-02-27T09:32:47","slug":"songmics-vaatehenkari-puu-50-kpln-sarja-massiivipuusta-valmistetut-henkarit","status":"publish","type":"product","link":"https:\/\/nordicmart.andreevmaster.com\/fi\/tuote\/songmics-vaatehenkari-puu-50-kpln-sarja-massiivipuusta-valmistetut-henkarit\/","title":{"rendered":"SONGMICS vaatehenkari puu, 50 kpl:n sarja, massiivipuusta valmistetut henkarit"},"content":{"rendered":"<p>Oletko aina \u00e4rtynyt vaatteiden lentelyst\u00e4 ymp\u00e4riins\u00e4? Etsitk\u00f6 sopivia henkareita? Songmics-vaatehenkari tarjoaa sinulle ihanteellisen ratkaisun. Edell\u00e4 mainittujen ominaisuuksien lis\u00e4ksi vaatehenkarissa on housujen pidike, joka t\u00e4ydent\u00e4\u00e4 vaatehengen toimintoa ja lis\u00e4\u00e4 vakautta.Songmics-puinen henkari tulee varmasti olemaan perheesi &#8221;tehokas apulainen&#8221;.<br \/>\nTuotetiedot:<br \/>\nMateriaali: vaahterapuu + kromatut metallikoukut<br \/>\nV\u00e4ri: luonnonv\u00e4ri<br \/>\nMitat: 44,5 x 23 x 1,2 cm (L x K x S)<br \/>\nKoukun korkeus: 7 cm<br \/>\nKoukun leveys: 5 cm<br \/>\nBruttopaino: 2,4 kg<\/p>\n<p>Toimitus sis\u00e4lt\u00e4\u00e4:<br \/>\n50 x luonnonv\u00e4rist\u00e4 puista henkaria<\/p>\n","protected":false},"excerpt":{"rendered":"<p>SONGMICS vaatekoukut \u2013 10 kpl, reunat, liukumaton pohja, 360\u00b0 k\u00e4\u00e4ntyv\u00e4 koukku, CRW001-10, puu, luonnonv\u00e4ri, 10<\/p>\n","protected":false},"featured_media":39488,"comment_status":"open","ping_status":"closed","template":"","meta":[],"product_brand":[],"product_cat":[32],"product_tag":[],"class_list":{"0":"post-30089","1":"product","2":"type-product","3":"status-publish","4":"has-post-thumbnail","6":"product_cat-uncategorized-fi","8":"first","9":"instock","10":"shipping-taxable","11":"purchasable","12":"product-type-simple"},"_links":{"self":[{"href":"https:\/\/nordicmart.andreevmaster.com\/fi\/wp-json\/wp\/v2\/product\/30089","targetHints":{"allow":["GET"]}}],"collection":[{"href":"https:\/\/nordicmart.andreevmaster.com\/fi\/wp-json\/wp\/v2\/product"}],"about":[{"href":"https:\/\/nordicmart.andreevmaster.com\/fi\/wp-json\/wp\/v2\/types\/product"}],"replies":[{"embeddable":true,"href":"https:\/\/nordicmart.andreevmaster.com\/fi\/wp-json\/wp\/v2\/comments?post=30089"}],"wp:featuredmedia":[{"embeddable":true,"href":"https:\/\/nordicmart.andreevmaster.com\/fi\/wp-json\/wp\/v2\/media\/39488"}],"wp:attachment":[{"href":"https:\/\/nordicmart.andreevmaster.com\/fi\/wp-json\/wp\/v2\/media?parent=30089"}],"wp:term":[{"taxonomy":"product_brand","embeddable":true,"href":"https:\/\/nordicmart.andreevmaster.com\/fi\/wp-json\/wp\/v2\/product_brand?post=30089"},{"taxonomy":"product_cat","embeddable":true,"href":"https:\/\/nordicmart.andreevmaster.com\/fi\/wp-json\/wp\/v2\/product_cat?post=30089"},{"taxonomy":"product_tag","embeddable":true,"href":"https:\/\/nordicmart.andreevmaster.com\/fi\/wp-json\/wp\/v2\/product_tag?post=30089"}],"curies":[{"name":"wp","href":"https:\/\/api.w.org\/{rel}","templated":true}]}}