{"id":30086,"date":"2026-02-27T00:08:52","date_gmt":"2026-02-27T00:08:52","guid":{"rendered":"https:\/\/nordicmart.andreevmaster.com\/product\/songmics-kiinnityshenkarit-schimaholz-12-kpl-valkoiset\/"},"modified":"2026-02-27T09:32:47","modified_gmt":"2026-02-27T09:32:47","slug":"songmics-kiinnityshenkarit-schimaholz-12-kpl-valkoiset","status":"publish","type":"product","link":"https:\/\/nordicmart.andreevmaster.com\/fi\/tuote\/songmics-kiinnityshenkarit-schimaholz-12-kpl-valkoiset\/","title":{"rendered":"SONGMICS kiinnityshenkarit Schimaholz 12 kpl valkoiset"},"content":{"rendered":"<p>Housuhenkari ei sovi vain housuille, vaan sen avulla voit tietysti ripustaa my\u00f6s hameet, silkkihuivit tai pyyhkeet hell\u00e4varaisesti ilman ryppyj\u00e4. N\u00e4in s\u00e4\u00e4st\u00e4t aikaa vaatekaapin loputtomalta siivoamiselta. Tyylikk\u00e4\u00e4n ulkon\u00e4\u00f6ns\u00e4 (kauniisti valkoiseksi lakattu) ansiosta t\u00e4m\u00e4 Songmics-housuhenkari on todellinen katseenvangitsija vaatekaapissasi. Ne eiv\u00e4t ole vain kauniita katsella, vaan t\u00e4ytt\u00e4v\u00e4t my\u00f6s tarkoituksensa t\u00e4ydellisesti. Tuotetiedot: Mitat: 25 x 17 x 2,2 cm (L x K x S) V\u00e4ri: valkoinen Materiaali: Schima-puu + kromattu ripustuskoukku + huopavuori Paino (12 x ): 1,56 kg Bruttopaino: 1,8 kg Toimitus sis\u00e4lt\u00e4\u00e4: 12 x housuhenkari SONGMICS Huomautukset: V\u00e4lt\u00e4 ripustimien pitk\u00e4aikaista s\u00e4ilytyst\u00e4 kosteissa ja l\u00e4mpimiss\u00e4 tiloissa.Ei sovellu m\u00e4rille vaatteille! Puhdista kuivalla liinalla. Yhden henkarin p\u00e4\u00e4lle mahtuu vain yksi vaatekappale.<\/p>\n","protected":false},"excerpt":{"rendered":"<p>SONGMICS puinen hameen ripustin, 12 kpl:n sarja, luistamattomat housun ripustimet, leve\u00e4t puristuskynnet, taittolukko, housuille ja hameille, tumma p\u00e4hkin\u00e4puun v\u00e4ri CRW07V12<\/p>\n","protected":false},"featured_media":39485,"comment_status":"open","ping_status":"closed","template":"","meta":[],"product_brand":[],"product_cat":[32],"product_tag":[],"class_list":{"0":"post-30086","1":"product","2":"type-product","3":"status-publish","4":"has-post-thumbnail","6":"product_cat-uncategorized-fi","8":"first","9":"instock","10":"shipping-taxable","11":"purchasable","12":"product-type-simple"},"_links":{"self":[{"href":"https:\/\/nordicmart.andreevmaster.com\/fi\/wp-json\/wp\/v2\/product\/30086","targetHints":{"allow":["GET"]}}],"collection":[{"href":"https:\/\/nordicmart.andreevmaster.com\/fi\/wp-json\/wp\/v2\/product"}],"about":[{"href":"https:\/\/nordicmart.andreevmaster.com\/fi\/wp-json\/wp\/v2\/types\/product"}],"replies":[{"embeddable":true,"href":"https:\/\/nordicmart.andreevmaster.com\/fi\/wp-json\/wp\/v2\/comments?post=30086"}],"wp:featuredmedia":[{"embeddable":true,"href":"https:\/\/nordicmart.andreevmaster.com\/fi\/wp-json\/wp\/v2\/media\/39485"}],"wp:attachment":[{"href":"https:\/\/nordicmart.andreevmaster.com\/fi\/wp-json\/wp\/v2\/media?parent=30086"}],"wp:term":[{"taxonomy":"product_brand","embeddable":true,"href":"https:\/\/nordicmart.andreevmaster.com\/fi\/wp-json\/wp\/v2\/product_brand?post=30086"},{"taxonomy":"product_cat","embeddable":true,"href":"https:\/\/nordicmart.andreevmaster.com\/fi\/wp-json\/wp\/v2\/product_cat?post=30086"},{"taxonomy":"product_tag","embeddable":true,"href":"https:\/\/nordicmart.andreevmaster.com\/fi\/wp-json\/wp\/v2\/product_tag?post=30086"}],"curies":[{"name":"wp","href":"https:\/\/api.w.org\/{rel}","templated":true}]}}