{"id":30085,"date":"2026-02-27T00:08:51","date_gmt":"2026-02-27T00:08:51","guid":{"rendered":"https:\/\/nordicmart.andreevmaster.com\/product\/songmics-kiinnityspidike-schimaholz-12-kpl-ruskea\/"},"modified":"2026-02-27T09:32:46","modified_gmt":"2026-02-27T09:32:46","slug":"songmics-kiinnityspidike-schimaholz-12-kpl-ruskea","status":"publish","type":"product","link":"https:\/\/nordicmart.andreevmaster.com\/fi\/tuote\/songmics-kiinnityspidike-schimaholz-12-kpl-ruskea\/","title":{"rendered":"SONGMICS kiinnityspidike Schimaholz 12 kpl ruskea"},"content":{"rendered":"<p>Leve\u00e4t kiinnityspalat huovalla T\u00e4m\u00e4n harkitun muotoilun ansiosta voit ripustaa housut ja hameet liukumattomasti ilman, ett\u00e4 niihin j\u00e4\u00e4 \u00e4rsytt\u00e4vi\u00e4 j\u00e4lki\u00e4. 360\u00b0 k\u00e4\u00e4ntyv\u00e4 koukku T\u00e4m\u00e4 kromattu koukku on kest\u00e4v\u00e4, kiilt\u00e4v\u00e4 ja 360\u00b0 k\u00e4\u00e4ntyv\u00e4. Metallirakenne takaa vakauden ja pitk\u00e4aikaisen kauneuden. Ripusta n\u00e4m\u00e4 henkarit vaatekaappiisi, pyyhetelineeseen tai vaatetelineeseen, jotta huoneesi pysyy siistin\u00e4. Luonnonpuu N\u00e4m\u00e4 housuhenkarit on valmistettu luonnollisesta massiivipuusta, joten ne ovat tukevia, kest\u00e4vi\u00e4 ja pitk\u00e4ik\u00e4isi\u00e4. Ne ovat my\u00f6s riitt\u00e4v\u00e4n vahvoja ripustamaan raskaat farkut tai muut painavat vaatekappaleet. Tuotetiedot: &#8211; V\u00e4ri: tumma p\u00e4hkin\u00e4puu &#8211; Materiaali: massiivipuu (Schima Superba), huopa, ABS-muovi, kromattu koukku &#8211; Koko per henkari: 25 x 2,2 x 17 cm (P x L x K) &#8211; Paino: 1,5 kg &#8211; Maks. staattinen kantavuus per henkari: 3 kg Toimitus sis\u00e4lt\u00e4\u00e4: &#8211; 12 x hamehylly SONGMICS Huomautukset: &#8211; \u00c4l\u00e4 k\u00e4yt\u00e4 hyllyj\u00e4 pitk\u00e4\u00e4n korkeassa l\u00e4mp\u00f6tilassa tai kosteassa ymp\u00e4rist\u00f6ss\u00e4, jotta v\u00e4lt\u00e4t vaurioita, kuten lakan irtoamisen. &#8211; \u00c4l\u00e4 ripusta m\u00e4rki\u00e4 vaatteita hyllyille. &#8211; Puhdista hyllyt kostealla liinalla.<\/p>\n","protected":false},"excerpt":{"rendered":"<p>SONGMICS puinen hameen ripustin, 12 kpl:n sarja, luistamattomat housun ripustimet, leve\u00e4t puristuskynnet, taittolukko, housuille ja hameille, tumma p\u00e4hkin\u00e4puun v\u00e4ri CRW07V12<\/p>\n","protected":false},"featured_media":39484,"comment_status":"open","ping_status":"closed","template":"","meta":[],"product_brand":[],"product_cat":[32],"product_tag":[],"class_list":{"0":"post-30085","1":"product","2":"type-product","3":"status-publish","4":"has-post-thumbnail","6":"product_cat-uncategorized-fi","8":"first","9":"instock","10":"shipping-taxable","11":"purchasable","12":"product-type-simple"},"_links":{"self":[{"href":"https:\/\/nordicmart.andreevmaster.com\/fi\/wp-json\/wp\/v2\/product\/30085","targetHints":{"allow":["GET"]}}],"collection":[{"href":"https:\/\/nordicmart.andreevmaster.com\/fi\/wp-json\/wp\/v2\/product"}],"about":[{"href":"https:\/\/nordicmart.andreevmaster.com\/fi\/wp-json\/wp\/v2\/types\/product"}],"replies":[{"embeddable":true,"href":"https:\/\/nordicmart.andreevmaster.com\/fi\/wp-json\/wp\/v2\/comments?post=30085"}],"wp:featuredmedia":[{"embeddable":true,"href":"https:\/\/nordicmart.andreevmaster.com\/fi\/wp-json\/wp\/v2\/media\/39484"}],"wp:attachment":[{"href":"https:\/\/nordicmart.andreevmaster.com\/fi\/wp-json\/wp\/v2\/media?parent=30085"}],"wp:term":[{"taxonomy":"product_brand","embeddable":true,"href":"https:\/\/nordicmart.andreevmaster.com\/fi\/wp-json\/wp\/v2\/product_brand?post=30085"},{"taxonomy":"product_cat","embeddable":true,"href":"https:\/\/nordicmart.andreevmaster.com\/fi\/wp-json\/wp\/v2\/product_cat?post=30085"},{"taxonomy":"product_tag","embeddable":true,"href":"https:\/\/nordicmart.andreevmaster.com\/fi\/wp-json\/wp\/v2\/product_tag?post=30085"}],"curies":[{"name":"wp","href":"https:\/\/api.w.org\/{rel}","templated":true}]}}