{"id":30084,"date":"2026-02-27T00:08:51","date_gmt":"2026-02-27T00:08:51","guid":{"rendered":"https:\/\/nordicmart.andreevmaster.com\/product\/songmics-lasten-henkarit-vaahterapuu-20-kpl-valkoiset\/"},"modified":"2026-02-27T09:32:46","modified_gmt":"2026-02-27T09:32:46","slug":"songmics-lasten-henkarit-vaahterapuu-20-kpl-valkoiset","status":"publish","type":"product","link":"https:\/\/nordicmart.andreevmaster.com\/fi\/tuote\/songmics-lasten-henkarit-vaahterapuu-20-kpl-valkoiset\/","title":{"rendered":"SONGMICS Lasten henkarit, vaahterapuu, 20 kpl, valkoiset"},"content":{"rendered":"<p>Songmics lasten henkari tulee varmasti olemaan perheesi &#8221;tehokas apulainen&#8221;. Tuotetiedot: Materiaali: vaahterapuu + kromattu metallikoukku V\u00e4ri: valkoinen Mitat: 35 x 20 x 1,2 cm (L x K x S) Koukun korkeus: 6,5 cm Koukun leveys: 5 cm Bruttopaino: 2,35 kg Toimitus sis\u00e4lt\u00e4\u00e4: 20 valkoista lasten vaatehenkaria vaahterapuusta Huomautus: V\u00e4lt\u00e4 pit\u00e4m\u00e4st\u00e4 henkareita pitk\u00e4\u00e4n kosteassa ja l\u00e4mpim\u00e4ss\u00e4 tilassa. Muuten vaatehenkarit homehtuvat helposti. Puhdista pinta pyyhkim\u00e4ll\u00e4 se kevyesti kostealla liinalla.<\/p>\n","protected":false},"excerpt":{"rendered":"<p>SONGMICS puiset lasten henkarit, 20 kpl, poikkipalkilla, lovilla, 360\u00b0k\u00e4\u00e4ntyv\u00e4 koukku, valkoinen 35 cm CRW06W-20<\/p>\n","protected":false},"featured_media":39483,"comment_status":"open","ping_status":"closed","template":"","meta":[],"product_brand":[],"product_cat":[32],"product_tag":[],"class_list":{"0":"post-30084","1":"product","2":"type-product","3":"status-publish","4":"has-post-thumbnail","6":"product_cat-uncategorized-fi","8":"first","9":"instock","10":"shipping-taxable","11":"purchasable","12":"product-type-simple"},"_links":{"self":[{"href":"https:\/\/nordicmart.andreevmaster.com\/fi\/wp-json\/wp\/v2\/product\/30084","targetHints":{"allow":["GET"]}}],"collection":[{"href":"https:\/\/nordicmart.andreevmaster.com\/fi\/wp-json\/wp\/v2\/product"}],"about":[{"href":"https:\/\/nordicmart.andreevmaster.com\/fi\/wp-json\/wp\/v2\/types\/product"}],"replies":[{"embeddable":true,"href":"https:\/\/nordicmart.andreevmaster.com\/fi\/wp-json\/wp\/v2\/comments?post=30084"}],"wp:featuredmedia":[{"embeddable":true,"href":"https:\/\/nordicmart.andreevmaster.com\/fi\/wp-json\/wp\/v2\/media\/39483"}],"wp:attachment":[{"href":"https:\/\/nordicmart.andreevmaster.com\/fi\/wp-json\/wp\/v2\/media?parent=30084"}],"wp:term":[{"taxonomy":"product_brand","embeddable":true,"href":"https:\/\/nordicmart.andreevmaster.com\/fi\/wp-json\/wp\/v2\/product_brand?post=30084"},{"taxonomy":"product_cat","embeddable":true,"href":"https:\/\/nordicmart.andreevmaster.com\/fi\/wp-json\/wp\/v2\/product_cat?post=30084"},{"taxonomy":"product_tag","embeddable":true,"href":"https:\/\/nordicmart.andreevmaster.com\/fi\/wp-json\/wp\/v2\/product_tag?post=30084"}],"curies":[{"name":"wp","href":"https:\/\/api.w.org\/{rel}","templated":true}]}}