{"id":30082,"date":"2026-02-27T00:08:51","date_gmt":"2026-02-27T00:08:51","guid":{"rendered":"https:\/\/nordicmart.andreevmaster.com\/product\/songmics-20-kpln-puinen-lastenvaatehenkari\/"},"modified":"2026-02-27T09:32:46","modified_gmt":"2026-02-27T09:32:46","slug":"songmics-20-kpln-puinen-lastenvaatehenkari","status":"publish","type":"product","link":"https:\/\/nordicmart.andreevmaster.com\/fi\/tuote\/songmics-20-kpln-puinen-lastenvaatehenkari\/","title":{"rendered":"SONGMICS 20 kpl:n puinen lastenvaatehenkari"},"content":{"rendered":"<p>SONGMICS-vaatehenkareiden avulla lastesi vaatteet pysyv\u00e4t hyv\u00e4ss\u00e4 kunnossa. Tutustu n\u00e4iden vaatehenkareiden t\u00e4rkeimpiin ominaisuuksiin: &#8211; V-muotoiset lovet est\u00e4v\u00e4t lastesi vaatteita liukumasta.- Sile\u00e4, kiillotettu pinta suojaa lasten vaatteita repeytymiselt\u00e4. &#8211; Massiivinen vaahterapuu tarjoaa korkean vakauden (maks. kantavuus: 2 kg per henkari). &#8211; 360\u00b0 k\u00e4\u00e4ntyv\u00e4n koukun ansiosta voit k\u00e4\u00e4nt\u00e4\u00e4 lasten vaatteet ymp\u00e4ri, jos olet ripustanut ne v\u00e4\u00e4rin p\u00e4in. Tuotetiedot:- V\u00e4ri: valkoinen &#8211; Materiaali: vaahterapuu, kromattu koukku &#8211; Koko per henkari: 35 x 1,2 x 20 cm (P x L x K) &#8211; Kokonaispaino: 1,6 kg &#8211; Maks. staattinen kantavuus per henkari: 2 kg Toimitus sis\u00e4lt\u00e4\u00e4: &#8211; 20 x lasten henkari SONGMICS Huomautukset:- Henkarin enimm\u00e4iskuormituskyky on 2 kg. \u00c4l\u00e4 ylit\u00e4 t\u00e4t\u00e4 enimm\u00e4ispainoa. &#8211; Enimm\u00e4iskuormituskyky viittaa staattisiin painoihin. &#8211; \u00c4l\u00e4 k\u00e4yt\u00e4 n\u00e4it\u00e4 henkareita kuivausrummussa tai pesukoneessa.<\/p>\n","protected":false},"excerpt":{"rendered":"<p>SONGMICS lasten vaatehenkari, 20 kpl:n sarja, vaatehenkari puusta, massiivipuusta, puinen henkari lovilla, takkikoukku, 360\u00b0 k\u00e4\u00e4ntyv\u00e4 koukku, luistamaton, pituus 35 cm, valkoinen CRW061W20<\/p>\n","protected":false},"featured_media":39481,"comment_status":"open","ping_status":"closed","template":"","meta":[],"product_brand":[],"product_cat":[32],"product_tag":[],"class_list":{"0":"post-30082","1":"product","2":"type-product","3":"status-publish","4":"has-post-thumbnail","6":"product_cat-uncategorized-fi","8":"first","9":"instock","10":"shipping-taxable","11":"purchasable","12":"product-type-simple"},"_links":{"self":[{"href":"https:\/\/nordicmart.andreevmaster.com\/fi\/wp-json\/wp\/v2\/product\/30082","targetHints":{"allow":["GET"]}}],"collection":[{"href":"https:\/\/nordicmart.andreevmaster.com\/fi\/wp-json\/wp\/v2\/product"}],"about":[{"href":"https:\/\/nordicmart.andreevmaster.com\/fi\/wp-json\/wp\/v2\/types\/product"}],"replies":[{"embeddable":true,"href":"https:\/\/nordicmart.andreevmaster.com\/fi\/wp-json\/wp\/v2\/comments?post=30082"}],"wp:featuredmedia":[{"embeddable":true,"href":"https:\/\/nordicmart.andreevmaster.com\/fi\/wp-json\/wp\/v2\/media\/39481"}],"wp:attachment":[{"href":"https:\/\/nordicmart.andreevmaster.com\/fi\/wp-json\/wp\/v2\/media?parent=30082"}],"wp:term":[{"taxonomy":"product_brand","embeddable":true,"href":"https:\/\/nordicmart.andreevmaster.com\/fi\/wp-json\/wp\/v2\/product_brand?post=30082"},{"taxonomy":"product_cat","embeddable":true,"href":"https:\/\/nordicmart.andreevmaster.com\/fi\/wp-json\/wp\/v2\/product_cat?post=30082"},{"taxonomy":"product_tag","embeddable":true,"href":"https:\/\/nordicmart.andreevmaster.com\/fi\/wp-json\/wp\/v2\/product_tag?post=30082"}],"curies":[{"name":"wp","href":"https:\/\/api.w.org\/{rel}","templated":true}]}}