{"id":30081,"date":"2026-02-27T00:08:51","date_gmt":"2026-02-27T00:08:51","guid":{"rendered":"https:\/\/nordicmart.andreevmaster.com\/product\/songmics-henkarit-vaahterapuu-20-kpl-tummanruskea\/"},"modified":"2026-02-27T09:32:46","modified_gmt":"2026-02-27T09:32:46","slug":"songmics-henkarit-vaahterapuu-20-kpl-tummanruskea","status":"publish","type":"product","link":"https:\/\/nordicmart.andreevmaster.com\/fi\/tuote\/songmics-henkarit-vaahterapuu-20-kpl-tummanruskea\/","title":{"rendered":"SONGMICS henkarit, vaahterapuu, 20 kpl, tummanruskea"},"content":{"rendered":"<p>Oletko aina \u00e4rtynyt vaatteiden lentelyst\u00e4 ymp\u00e4riins\u00e4? Etsitk\u00f6 sopivia henkareita? Songmics-henkari tarjoaa sinulle ihanteellisen ratkaisun.  Edell\u00e4 mainittujen ominaisuuksien lis\u00e4ksi henkarissa on housujen pidike, joka t\u00e4ydent\u00e4\u00e4 henkarin toimintaa ja lis\u00e4\u00e4 sen vakautta. Songmics-puinen henkari tulee varmasti olemaan perheesi &#8221;tehokas apulainen&#8221;.  Tuotetiedot: &#8211; Materiaali: vaahterapuu + kromatut metallikoukut &#8211; V\u00e4ri: p\u00e4hkin\u00e4nruskea &#8211; Mitat: 44,5 x 23 x 1,2 cm (L x K x S) &#8211; Koukun korkeus: 7 cm &#8211; Koukun leveys: 5 cm &#8211; Bruttopaino: 2,4 kg Toimitus sis\u00e4lt\u00e4\u00e4: &#8211; 20 x p\u00e4hkin\u00e4nv\u00e4rist\u00e4 puista henkaria<\/p>\n","protected":false},"excerpt":{"rendered":"<p>SONGMICS vaatehenkari vaahterapuusta, 20 kpl, 44,5 cm, hameen kiinnityskohdat ja housujen kiinnityskohta, 360 astetta k\u00e4\u00e4ntyv\u00e4, pukuhenkari takkihenkkari vaatteille puku takki housut, p\u00e4hkin\u00e4nv\u00e4rinen CRW05K-20<\/p>\n","protected":false},"featured_media":39480,"comment_status":"open","ping_status":"closed","template":"","meta":[],"product_brand":[],"product_cat":[32],"product_tag":[],"class_list":{"0":"post-30081","1":"product","2":"type-product","3":"status-publish","4":"has-post-thumbnail","6":"product_cat-uncategorized-fi","8":"first","9":"instock","10":"shipping-taxable","11":"purchasable","12":"product-type-simple"},"_links":{"self":[{"href":"https:\/\/nordicmart.andreevmaster.com\/fi\/wp-json\/wp\/v2\/product\/30081","targetHints":{"allow":["GET"]}}],"collection":[{"href":"https:\/\/nordicmart.andreevmaster.com\/fi\/wp-json\/wp\/v2\/product"}],"about":[{"href":"https:\/\/nordicmart.andreevmaster.com\/fi\/wp-json\/wp\/v2\/types\/product"}],"replies":[{"embeddable":true,"href":"https:\/\/nordicmart.andreevmaster.com\/fi\/wp-json\/wp\/v2\/comments?post=30081"}],"wp:featuredmedia":[{"embeddable":true,"href":"https:\/\/nordicmart.andreevmaster.com\/fi\/wp-json\/wp\/v2\/media\/39480"}],"wp:attachment":[{"href":"https:\/\/nordicmart.andreevmaster.com\/fi\/wp-json\/wp\/v2\/media?parent=30081"}],"wp:term":[{"taxonomy":"product_brand","embeddable":true,"href":"https:\/\/nordicmart.andreevmaster.com\/fi\/wp-json\/wp\/v2\/product_brand?post=30081"},{"taxonomy":"product_cat","embeddable":true,"href":"https:\/\/nordicmart.andreevmaster.com\/fi\/wp-json\/wp\/v2\/product_cat?post=30081"},{"taxonomy":"product_tag","embeddable":true,"href":"https:\/\/nordicmart.andreevmaster.com\/fi\/wp-json\/wp\/v2\/product_tag?post=30081"}],"curies":[{"name":"wp","href":"https:\/\/api.w.org\/{rel}","templated":true}]}}