{"id":30077,"date":"2026-02-27T00:08:50","date_gmt":"2026-02-27T00:08:50","guid":{"rendered":"https:\/\/nordicmart.andreevmaster.com\/product\/songmics-henkari-housujen-pidikkeella-10-kpl-valkoinen\/"},"modified":"2026-02-27T09:32:45","modified_gmt":"2026-02-27T09:32:45","slug":"songmics-henkari-housujen-pidikkeella-10-kpl-valkoinen","status":"publish","type":"product","link":"https:\/\/nordicmart.andreevmaster.com\/fi\/tuote\/songmics-henkari-housujen-pidikkeella-10-kpl-valkoinen\/","title":{"rendered":"SONGMICS henkari housujen pidikkeell\u00e4, 10 kpl, valkoinen"},"content":{"rendered":"<p>Oletko aina \u00e4rtynyt vaatteiden lentelyst\u00e4 ymp\u00e4riins\u00e4? Etsitk\u00f6 sopivia henkareita? Songmics-hangerit tarjoavat sinulle ihanteellisen ratkaisun. Edell\u00e4 mainittujen ominaisuuksien lis\u00e4ksi henkarissa on housuteline, joka t\u00e4ydent\u00e4\u00e4 henkarin toimintaa ja lis\u00e4\u00e4 sen vakautta.Songmics-puinen henkari tulee varmasti olemaan perheesi &#8221;tehokas apulainen&#8221;. Tuotetiedot: Materiaali: vaahterapuu + kromatut metallikoukut V\u00e4ri: valkoinen Mitat: 44,5 x 23 x 1,2 cm (L x K x S) Koukun korkeus: 7 cm Koukun leveys: 5 cm Bruttopaino: 1,3 kg Toimitus sis\u00e4lt\u00e4\u00e4: 10 x valkoista vaatehenkaria vaahterapuusta Huomautukset: V\u00e4lt\u00e4 pit\u00e4m\u00e4st\u00e4 vaatehenkareita pitk\u00e4\u00e4n kosteassa ja l\u00e4mpim\u00e4ss\u00e4 tilassa. Muuten vaatehenkarit homehtuvat helposti. Puhdista pinta pyyhkim\u00e4ll\u00e4 se kevyesti kostealla liinalla. V\u00e4lt\u00e4 ripustimien k\u00e4ytt\u00f6\u00e4 m\u00e4r\u00e4n pyykin ripustamiseen.<\/p>\n","protected":false},"excerpt":{"rendered":"<p>SONGMICS henkarit, 10 kpl, reunat, liukumatonta poikkipalkkia, 360\u00b0k\u00e4\u00e4nnett\u00e4v\u00e4 koukku, CRW001-10, puu, luonnonv\u00e4ri, 10<\/p>\n","protected":false},"featured_media":39476,"comment_status":"open","ping_status":"closed","template":"","meta":[],"product_brand":[],"product_cat":[32],"product_tag":[],"class_list":{"0":"post-30077","1":"product","2":"type-product","3":"status-publish","4":"has-post-thumbnail","6":"product_cat-uncategorized-fi","8":"first","9":"instock","10":"shipping-taxable","11":"purchasable","12":"product-type-simple"},"_links":{"self":[{"href":"https:\/\/nordicmart.andreevmaster.com\/fi\/wp-json\/wp\/v2\/product\/30077","targetHints":{"allow":["GET"]}}],"collection":[{"href":"https:\/\/nordicmart.andreevmaster.com\/fi\/wp-json\/wp\/v2\/product"}],"about":[{"href":"https:\/\/nordicmart.andreevmaster.com\/fi\/wp-json\/wp\/v2\/types\/product"}],"replies":[{"embeddable":true,"href":"https:\/\/nordicmart.andreevmaster.com\/fi\/wp-json\/wp\/v2\/comments?post=30077"}],"wp:featuredmedia":[{"embeddable":true,"href":"https:\/\/nordicmart.andreevmaster.com\/fi\/wp-json\/wp\/v2\/media\/39476"}],"wp:attachment":[{"href":"https:\/\/nordicmart.andreevmaster.com\/fi\/wp-json\/wp\/v2\/media?parent=30077"}],"wp:term":[{"taxonomy":"product_brand","embeddable":true,"href":"https:\/\/nordicmart.andreevmaster.com\/fi\/wp-json\/wp\/v2\/product_brand?post=30077"},{"taxonomy":"product_cat","embeddable":true,"href":"https:\/\/nordicmart.andreevmaster.com\/fi\/wp-json\/wp\/v2\/product_cat?post=30077"},{"taxonomy":"product_tag","embeddable":true,"href":"https:\/\/nordicmart.andreevmaster.com\/fi\/wp-json\/wp\/v2\/product_tag?post=30077"}],"curies":[{"name":"wp","href":"https:\/\/api.w.org\/{rel}","templated":true}]}}