{"id":30076,"date":"2026-02-27T00:08:50","date_gmt":"2026-02-27T00:08:50","guid":{"rendered":"https:\/\/nordicmart.andreevmaster.com\/product\/songmics-vaateripustimet-vaahterapuu-50-kpl-valkoiset\/"},"modified":"2026-02-27T09:32:45","modified_gmt":"2026-02-27T09:32:45","slug":"songmics-vaateripustimet-vaahterapuu-50-kpl-valkoiset","status":"publish","type":"product","link":"https:\/\/nordicmart.andreevmaster.com\/fi\/tuote\/songmics-vaateripustimet-vaahterapuu-50-kpl-valkoiset\/","title":{"rendered":"SONGMICS vaateripustimet, vaahterapuu, 50 kpl, valkoiset"},"content":{"rendered":"<p>Oletko aina \u00e4rtynyt vaatteiden lentelyst\u00e4 ymp\u00e4riins\u00e4? Etsitk\u00f6 sopivia henkareita? Songmics-vaatehenkari tarjoaa sinulle ihanteellisen ratkaisun.  Edell\u00e4 mainittujen ominaisuuksien lis\u00e4ksi vaatehenkarissa on housujen pidike, joka t\u00e4ydent\u00e4\u00e4 vaatehengen toimintoa ja lis\u00e4\u00e4 vakautta. Songmics-puinen henkari tulee varmasti olemaan perheesi &#8221;tehokas apulainen&#8221;.  Tuotetiedot: &#8211; Materiaali: vaahterapuu + kromatut metallikoukut &#8211; V\u00e4ri: valkoinen &#8211; Mitat: 44,5 x 23 x 1,2 cm (L x K x S) &#8211; Koukun korkeus: 7 cm &#8211; Koukun leveys: 5 cm &#8211; Bruttopaino: 6,6 kg Toimitus sis\u00e4lt\u00e4\u00e4: &#8211; 50 valkoista puista vaatehenkaria<\/p>\n","protected":false},"excerpt":{"rendered":"<p>SONGMICS henkarit, 10 kpl, reunat, liukumatonta poikkipalkkia, 360\u00b0k\u00e4\u00e4nnett\u00e4v\u00e4 koukku, CRW001-10, puu, luonnonv\u00e4ri, 10<\/p>\n","protected":false},"featured_media":39475,"comment_status":"open","ping_status":"closed","template":"","meta":[],"product_brand":[],"product_cat":[32],"product_tag":[],"class_list":{"0":"post-30076","1":"product","2":"type-product","3":"status-publish","4":"has-post-thumbnail","6":"product_cat-uncategorized-fi","8":"first","9":"instock","10":"shipping-taxable","11":"purchasable","12":"product-type-simple"},"_links":{"self":[{"href":"https:\/\/nordicmart.andreevmaster.com\/fi\/wp-json\/wp\/v2\/product\/30076","targetHints":{"allow":["GET"]}}],"collection":[{"href":"https:\/\/nordicmart.andreevmaster.com\/fi\/wp-json\/wp\/v2\/product"}],"about":[{"href":"https:\/\/nordicmart.andreevmaster.com\/fi\/wp-json\/wp\/v2\/types\/product"}],"replies":[{"embeddable":true,"href":"https:\/\/nordicmart.andreevmaster.com\/fi\/wp-json\/wp\/v2\/comments?post=30076"}],"wp:featuredmedia":[{"embeddable":true,"href":"https:\/\/nordicmart.andreevmaster.com\/fi\/wp-json\/wp\/v2\/media\/39475"}],"wp:attachment":[{"href":"https:\/\/nordicmart.andreevmaster.com\/fi\/wp-json\/wp\/v2\/media?parent=30076"}],"wp:term":[{"taxonomy":"product_brand","embeddable":true,"href":"https:\/\/nordicmart.andreevmaster.com\/fi\/wp-json\/wp\/v2\/product_brand?post=30076"},{"taxonomy":"product_cat","embeddable":true,"href":"https:\/\/nordicmart.andreevmaster.com\/fi\/wp-json\/wp\/v2\/product_cat?post=30076"},{"taxonomy":"product_tag","embeddable":true,"href":"https:\/\/nordicmart.andreevmaster.com\/fi\/wp-json\/wp\/v2\/product_tag?post=30076"}],"curies":[{"name":"wp","href":"https:\/\/api.w.org\/{rel}","templated":true}]}}