{"id":30073,"date":"2026-02-27T00:08:49","date_gmt":"2026-02-27T00:08:49","guid":{"rendered":"https:\/\/nordicmart.andreevmaster.com\/product\/songmics-massiivipuusta-valmistetut-henkarit-30-kpln-sarja\/"},"modified":"2026-02-27T09:32:45","modified_gmt":"2026-02-27T09:32:45","slug":"songmics-massiivipuusta-valmistetut-henkarit-30-kpln-sarja","status":"publish","type":"product","link":"https:\/\/nordicmart.andreevmaster.com\/fi\/tuote\/songmics-massiivipuusta-valmistetut-henkarit-30-kpln-sarja\/","title":{"rendered":"SONGMICS massiivipuusta valmistetut henkarit, 30 kpl:n sarja"},"content":{"rendered":"<p>Onko sinun vaikea valita oikea malli laajasta valikoimasta erilaisia henkareita? Miksi et sitten valitsisi klassista massiivipuusta valmistettua mallia? Loppujen lopuksi yksinkertaiset mallit ovat joskus juuri sit\u00e4, mit\u00e4 tarvitsemme. SONGMICS:n 30 kappaleen luonnonv\u00e4rinen henkaripakkaus on valmistettu massiivista vaahterapuusta, kiillotettu ja sile\u00e4ll\u00e4 lakalla viimeistelty. Henkarit ovat erityisen tukevia ja kest\u00e4vi\u00e4, ja ne tarjoavat t\u00e4ydellisen alustan takkeillesi, pukuillesi, paidoillesi, housuillesi, talvitakkeillesi ja farkuillesi. Tuotetiedot: &#8211; V\u00e4ri: luonnonv\u00e4ri &#8211; Materiaali: vaahterapuu, kromattu koukku &#8211; Koko per henkari: 44,5 x 1,2 x 23 cm (P x L x K) &#8211; Kokonaispaino: 3,3 kg &#8211; Maks. staattinen kantavuus per henkari: 5 kg Toimitus sis\u00e4lt\u00e4\u00e4: &#8211; 30 x henkari SONGMICS Huomautukset:- Henkarin enimm\u00e4iskuormitus on 5 kg. \u00c4l\u00e4 ylit\u00e4 t\u00e4t\u00e4 enimm\u00e4ispainoa. &#8211; Enimm\u00e4iskuormitus viittaa staattisiin painoihin. &#8211; \u00c4l\u00e4 k\u00e4yt\u00e4 n\u00e4it\u00e4 henkareita kuivausrummussa tai pesukoneessa.<\/p>\n","protected":false},"excerpt":{"rendered":"<p>SONGMICS massiivipuinen vaatehenkari, 30 kpl:n sarja, puinen henkari liukumattomalla housunpitimell\u00e4 ja lovilla, 360\u00b0 k\u00e4\u00e4ntyv\u00e4 koukku, takkeihin, pukuihin, mekkoihin, housuihin, paitoihin, valkoinen CRW031WT<\/p>\n","protected":false},"featured_media":39472,"comment_status":"open","ping_status":"closed","template":"","meta":[],"product_brand":[],"product_cat":[32],"product_tag":[],"class_list":{"0":"post-30073","1":"product","2":"type-product","3":"status-publish","4":"has-post-thumbnail","6":"product_cat-uncategorized-fi","8":"first","9":"instock","10":"shipping-taxable","11":"purchasable","12":"product-type-simple"},"_links":{"self":[{"href":"https:\/\/nordicmart.andreevmaster.com\/fi\/wp-json\/wp\/v2\/product\/30073","targetHints":{"allow":["GET"]}}],"collection":[{"href":"https:\/\/nordicmart.andreevmaster.com\/fi\/wp-json\/wp\/v2\/product"}],"about":[{"href":"https:\/\/nordicmart.andreevmaster.com\/fi\/wp-json\/wp\/v2\/types\/product"}],"replies":[{"embeddable":true,"href":"https:\/\/nordicmart.andreevmaster.com\/fi\/wp-json\/wp\/v2\/comments?post=30073"}],"wp:featuredmedia":[{"embeddable":true,"href":"https:\/\/nordicmart.andreevmaster.com\/fi\/wp-json\/wp\/v2\/media\/39472"}],"wp:attachment":[{"href":"https:\/\/nordicmart.andreevmaster.com\/fi\/wp-json\/wp\/v2\/media?parent=30073"}],"wp:term":[{"taxonomy":"product_brand","embeddable":true,"href":"https:\/\/nordicmart.andreevmaster.com\/fi\/wp-json\/wp\/v2\/product_brand?post=30073"},{"taxonomy":"product_cat","embeddable":true,"href":"https:\/\/nordicmart.andreevmaster.com\/fi\/wp-json\/wp\/v2\/product_cat?post=30073"},{"taxonomy":"product_tag","embeddable":true,"href":"https:\/\/nordicmart.andreevmaster.com\/fi\/wp-json\/wp\/v2\/product_tag?post=30073"}],"curies":[{"name":"wp","href":"https:\/\/api.w.org\/{rel}","templated":true}]}}