{"id":30070,"date":"2026-02-27T00:08:48","date_gmt":"2026-02-27T00:08:48","guid":{"rendered":"https:\/\/nordicmart.andreevmaster.com\/product\/songmics-puinen-henkaripakkaus-30-kpl-360-kaantyvat-koukut-musta\/"},"modified":"2026-02-27T09:32:44","modified_gmt":"2026-02-27T09:32:44","slug":"songmics-puinen-henkaripakkaus-30-kpl-360-kaantyvat-koukut-musta","status":"publish","type":"product","link":"https:\/\/nordicmart.andreevmaster.com\/fi\/tuote\/songmics-puinen-henkaripakkaus-30-kpl-360-kaantyvat-koukut-musta\/","title":{"rendered":"SONGMICS puinen henkaripakkaus, 30 kpl, 360\u00b0 k\u00e4\u00e4ntyv\u00e4t koukut, musta"},"content":{"rendered":"<p>SONGMICS puinen vaateripustin, 30 kpl:n sarja, kapea puinen ripustin, ripustin, olkap\u00e4\u00e4alueella lovet, housujen ripustin, 360\u00b0 k\u00e4\u00e4ntyv\u00e4 koukku, koivupuu, olkaimille ja takkeille, musta CRW030B01<br \/>\nV\u00e4ri: musta<br \/>\nMateriaali: koivupuu, ter\u00e4s<br \/>\nKoko per henkari: 43 x 21 cm (L x K)<br \/>\nPaksuus per henkari: 0,8 cm<br \/>\n30 henkarin paino: 2,2 kg<br \/>\nHenkarin maks. staattinen kantavuus: 5 kg<\/p>\n","protected":false},"excerpt":{"rendered":"<p>SONGMICS puinen vaateripustin, 30 kpl:n sarja, kapea puinen ripustin, ripustin, olkap\u00e4\u00e4alueella lovet, housujen ripustin, 360\u00b0 k\u00e4\u00e4ntyv\u00e4 koukku, koivupuu, olkaimille ja takkeille, musta CRW030B01<\/p>\n","protected":false},"featured_media":39469,"comment_status":"open","ping_status":"closed","template":"","meta":[],"product_brand":[],"product_cat":[32],"product_tag":[],"class_list":{"0":"post-30070","1":"product","2":"type-product","3":"status-publish","4":"has-post-thumbnail","6":"product_cat-uncategorized-fi","8":"first","9":"instock","10":"shipping-taxable","11":"purchasable","12":"product-type-simple"},"_links":{"self":[{"href":"https:\/\/nordicmart.andreevmaster.com\/fi\/wp-json\/wp\/v2\/product\/30070","targetHints":{"allow":["GET"]}}],"collection":[{"href":"https:\/\/nordicmart.andreevmaster.com\/fi\/wp-json\/wp\/v2\/product"}],"about":[{"href":"https:\/\/nordicmart.andreevmaster.com\/fi\/wp-json\/wp\/v2\/types\/product"}],"replies":[{"embeddable":true,"href":"https:\/\/nordicmart.andreevmaster.com\/fi\/wp-json\/wp\/v2\/comments?post=30070"}],"wp:featuredmedia":[{"embeddable":true,"href":"https:\/\/nordicmart.andreevmaster.com\/fi\/wp-json\/wp\/v2\/media\/39469"}],"wp:attachment":[{"href":"https:\/\/nordicmart.andreevmaster.com\/fi\/wp-json\/wp\/v2\/media?parent=30070"}],"wp:term":[{"taxonomy":"product_brand","embeddable":true,"href":"https:\/\/nordicmart.andreevmaster.com\/fi\/wp-json\/wp\/v2\/product_brand?post=30070"},{"taxonomy":"product_cat","embeddable":true,"href":"https:\/\/nordicmart.andreevmaster.com\/fi\/wp-json\/wp\/v2\/product_cat?post=30070"},{"taxonomy":"product_tag","embeddable":true,"href":"https:\/\/nordicmart.andreevmaster.com\/fi\/wp-json\/wp\/v2\/product_tag?post=30070"}],"curies":[{"name":"wp","href":"https:\/\/api.w.org\/{rel}","templated":true}]}}