{"id":30069,"date":"2026-02-27T00:08:48","date_gmt":"2026-02-27T00:08:48","guid":{"rendered":"https:\/\/nordicmart.andreevmaster.com\/product\/songmics-henkari-schimaholz-20-kpl-tummanruskea\/"},"modified":"2026-02-27T09:32:44","modified_gmt":"2026-02-27T09:32:44","slug":"songmics-henkari-schimaholz-20-kpl-tummanruskea","status":"publish","type":"product","link":"https:\/\/nordicmart.andreevmaster.com\/fi\/tuote\/songmics-henkari-schimaholz-20-kpl-tummanruskea\/","title":{"rendered":"SONGMICS henkari Schimaholz 20 kpl tummanruskea"},"content":{"rendered":"<p>Onko sinulla vaikeuksia valita sopivaa henkaria laajan valikoiman joukosta? Kokeile n\u00e4it\u00e4 tyylikk\u00e4it\u00e4 SONGMICS-henkareita, jotka tuovat vaatekaappiisi ripauksen tyylikkyytt\u00e4. Joskus yksinkertainen muotoilu on juuri sit\u00e4, mit\u00e4 tarvitset. N\u00e4m\u00e4 vaahterapuusta valmistetut henkarit ovat miellytt\u00e4v\u00e4n sile\u00e4pintaisia, k\u00e4sin kiillotettuja ja lakattuja. Ne ovat my\u00f6s eritt\u00e4in kest\u00e4vi\u00e4 ja pitk\u00e4ik\u00e4isi\u00e4. Ergonomisten kaarevien muotojensa ansiosta n\u00e4m\u00e4 henkarit sopivat erinomaisesti pukujen, paitojen, takkien, talvitakkien jne. ripustamiseen. Tuotetiedot: &#8211; V\u00e4ri: tumma p\u00e4hkin\u00e4puu &#8211; Materiaali: vaahterapuu, kromattu koukku &#8211; Koko per henkari: 44,5 x 1,2 x 23 cm (P x L x K) &#8211; Paino: 2,5 kg &#8211; Maks. staattinen kantavuus per henkari: 5 kg Toimitus sis\u00e4lt\u00e4\u00e4: &#8211; 20 x vaatehenkari SONGMICS Huomautukset: &#8211; \u00c4l\u00e4 k\u00e4yt\u00e4 henkareita pitk\u00e4\u00e4n korkeassa l\u00e4mp\u00f6tilassa tai kosteassa ymp\u00e4rist\u00f6ss\u00e4, jotta v\u00e4lt\u00e4t vaurioita, kuten maalin irtoamisen. &#8211; \u00c4l\u00e4 k\u00e4yt\u00e4 n\u00e4it\u00e4 henkareita kannettavassa kuivausrummussa. &#8211; Pyyhi henkarit puhtaaksi kostealla liinalla.<\/p>\n","protected":false},"excerpt":{"rendered":"<p>SONGMICS vaatehenkari vaahterapuusta, 20 kpl, hameen ja housujen kiinnikkeill\u00e4, 360 astetta k\u00e4\u00e4ntyv\u00e4, pukuhenkari, takkihenki vaatteille, puvuille, takkeille ja housuille, musta CRW02B-20<\/p>\n","protected":false},"featured_media":39468,"comment_status":"open","ping_status":"closed","template":"","meta":[],"product_brand":[],"product_cat":[32],"product_tag":[],"class_list":{"0":"post-30069","1":"product","2":"type-product","3":"status-publish","4":"has-post-thumbnail","6":"product_cat-uncategorized-fi","8":"first","9":"instock","10":"shipping-taxable","11":"purchasable","12":"product-type-simple"},"_links":{"self":[{"href":"https:\/\/nordicmart.andreevmaster.com\/fi\/wp-json\/wp\/v2\/product\/30069","targetHints":{"allow":["GET"]}}],"collection":[{"href":"https:\/\/nordicmart.andreevmaster.com\/fi\/wp-json\/wp\/v2\/product"}],"about":[{"href":"https:\/\/nordicmart.andreevmaster.com\/fi\/wp-json\/wp\/v2\/types\/product"}],"replies":[{"embeddable":true,"href":"https:\/\/nordicmart.andreevmaster.com\/fi\/wp-json\/wp\/v2\/comments?post=30069"}],"wp:featuredmedia":[{"embeddable":true,"href":"https:\/\/nordicmart.andreevmaster.com\/fi\/wp-json\/wp\/v2\/media\/39468"}],"wp:attachment":[{"href":"https:\/\/nordicmart.andreevmaster.com\/fi\/wp-json\/wp\/v2\/media?parent=30069"}],"wp:term":[{"taxonomy":"product_brand","embeddable":true,"href":"https:\/\/nordicmart.andreevmaster.com\/fi\/wp-json\/wp\/v2\/product_brand?post=30069"},{"taxonomy":"product_cat","embeddable":true,"href":"https:\/\/nordicmart.andreevmaster.com\/fi\/wp-json\/wp\/v2\/product_cat?post=30069"},{"taxonomy":"product_tag","embeddable":true,"href":"https:\/\/nordicmart.andreevmaster.com\/fi\/wp-json\/wp\/v2\/product_tag?post=30069"}],"curies":[{"name":"wp","href":"https:\/\/api.w.org\/{rel}","templated":true}]}}