{"id":30066,"date":"2026-02-27T00:08:47","date_gmt":"2026-02-27T00:08:47","guid":{"rendered":"https:\/\/nordicmart.andreevmaster.com\/product\/songmics-henkari-vaahtera-20-kpl-musta\/"},"modified":"2026-02-27T09:32:43","modified_gmt":"2026-02-27T09:32:43","slug":"songmics-henkari-vaahtera-20-kpl-musta","status":"publish","type":"product","link":"https:\/\/nordicmart.andreevmaster.com\/fi\/tuote\/songmics-henkari-vaahtera-20-kpl-musta\/","title":{"rendered":"SONGMICS henkari, vaahtera, 20 kpl, musta"},"content":{"rendered":"<p>Oletko aina \u00e4rtynyt vaatteiden lentelyst\u00e4 ymp\u00e4riins\u00e4? Etsitk\u00f6 siksi sopivia henkareita? N\u00e4m\u00e4 SONGMICS-hangerit ovat ihanteellinen ratkaisu! Henkareissa on 2 k\u00e4yt\u00e4nn\u00f6llist\u00e4 hameen kiinnityskohtaa sek\u00e4 housujen kiinnityskohta, joka mahdollistaa housujen ripustamisen ja lis\u00e4\u00e4 henkareiden vakautta. Laadukas, k\u00e4yt\u00e4nn\u00f6llinen ja vakaa lis\u00e4 vaatekaappiisi. Tuotetiedot: &#8211; Materiaali: vaahterapuu, kromatut metallikoukut &#8211; V\u00e4ri: musta &#8211; Mitat: 44,5 x 23 x 1,2 cm (L x K x S) &#8211; Koukun korkeus: 7 cm &#8211; Koukun leveys: 5 cm &#8211; Kokonaispaino: 2,4 kg Toimitus sis\u00e4lt\u00e4\u00e4: &#8211; 20 x musta puinen vaatehenkari<\/p>\n","protected":false},"excerpt":{"rendered":"<p>SONGMICS vaatehenkari vaahterapuusta, 20 kpl, hameen ja housujen kiinnikkeill\u00e4, 360 astetta k\u00e4\u00e4ntyv\u00e4, pukuhenkari, takkihenki vaatteille, puvuille, takkeille ja housuille, musta CRW02B-20<\/p>\n","protected":false},"featured_media":39465,"comment_status":"open","ping_status":"closed","template":"","meta":[],"product_brand":[],"product_cat":[32],"product_tag":[],"class_list":{"0":"post-30066","1":"product","2":"type-product","3":"status-publish","4":"has-post-thumbnail","6":"product_cat-uncategorized-fi","8":"first","9":"instock","10":"shipping-taxable","11":"purchasable","12":"product-type-simple"},"_links":{"self":[{"href":"https:\/\/nordicmart.andreevmaster.com\/fi\/wp-json\/wp\/v2\/product\/30066","targetHints":{"allow":["GET"]}}],"collection":[{"href":"https:\/\/nordicmart.andreevmaster.com\/fi\/wp-json\/wp\/v2\/product"}],"about":[{"href":"https:\/\/nordicmart.andreevmaster.com\/fi\/wp-json\/wp\/v2\/types\/product"}],"replies":[{"embeddable":true,"href":"https:\/\/nordicmart.andreevmaster.com\/fi\/wp-json\/wp\/v2\/comments?post=30066"}],"wp:featuredmedia":[{"embeddable":true,"href":"https:\/\/nordicmart.andreevmaster.com\/fi\/wp-json\/wp\/v2\/media\/39465"}],"wp:attachment":[{"href":"https:\/\/nordicmart.andreevmaster.com\/fi\/wp-json\/wp\/v2\/media?parent=30066"}],"wp:term":[{"taxonomy":"product_brand","embeddable":true,"href":"https:\/\/nordicmart.andreevmaster.com\/fi\/wp-json\/wp\/v2\/product_brand?post=30066"},{"taxonomy":"product_cat","embeddable":true,"href":"https:\/\/nordicmart.andreevmaster.com\/fi\/wp-json\/wp\/v2\/product_cat?post=30066"},{"taxonomy":"product_tag","embeddable":true,"href":"https:\/\/nordicmart.andreevmaster.com\/fi\/wp-json\/wp\/v2\/product_tag?post=30066"}],"curies":[{"name":"wp","href":"https:\/\/api.w.org\/{rel}","templated":true}]}}